{"id":24745,"date":"2025-11-26T17:53:43","date_gmt":"2025-11-26T22:53:43","guid":{"rendered":"https:\/\/perfectmass.net\/sin%20categor\u00eda\/imn-nutrition-vitamina-c\/"},"modified":"2026-04-23T13:06:47","modified_gmt":"2026-04-23T18:06:47","slug":"imn-nutrition-vitamina-c","status":"publish","type":"product","link":"https:\/\/perfectmass.net\/co\/nutricion\/suplementos\/vitaminas-minerales\/imn-nutrition-vitamina-c\/","title":{"rendered":"Vitamina C &#8211; IMN Nutrition"},"content":{"rendered":"<p>Hitech Pharm Vitamin C 1000mg es \u00e1cido asc\u00f3rbico de alta potencia en formato de liberaci\u00f3n prolongada. La vitamina C es el antioxidante m\u00e1s importante de tu cuerpo y es cr\u00edtico para m\u00faltiples funciones. Para atletas, la vitamina C es esencial porque el ejercicio intenso produce estr\u00e9s oxidativo significativo que puede da\u00f1ar c\u00e9lulas y afectar la recuperaci\u00f3n. La vitamina C neutraliza estos radicales libres, protegiendo tus c\u00e9lulas y acelerando la recuperaci\u00f3n muscular. Tambi\u00e9n es crucial para la s\u00edntesis de col\u00e1geno, que es el componente principal del tejido conectivo. Esto significa que tendr\u00e1s articulaciones m\u00e1s saludables y menos riesgo de lesiones. La vitamina C tambi\u00e9n mejora dram\u00e1ticamente la funci\u00f3n inmunol\u00f3gica &#8211; atletas que entrenan intensamente pueden suprimir su sistema inmune temporalmente, haci\u00e9ndolos m\u00e1s susceptibles a enfermedades. 1000mg diarios de vitamina C puede prevenir resfriados y acortar la duraci\u00f3n si te enfermas. Los estudios demuestran que la vitamina C puede mejorar el rendimiento atl\u00e9tico, especialmente en condiciones de estr\u00e9s. La forma de liberaci\u00f3n prolongada asegura que tengas niveles constantes de vitamina C durante todo el d\u00eda. Con 200 c\u00e1psulas, tienes suministro para m\u00e1s de 6 meses. Sin aditivos innecesarios, solo vitamina C pura. Calidad farmac\u00e9utica certificada. Un suplemento esencial que todo atleta deber\u00eda tomar.<\/p>\n","protected":false},"excerpt":{"rendered":"<p>Vitamina C 1000mg<\/p>\n","protected":false},"featured_media":24746,"comment_status":"open","ping_status":"closed","template":"","meta":[],"etheme_brands":[{"term_id":2574,"name":"IMN Nutrition","slug":"imn-nutrition","term_group":0,"term_taxonomy_id":2574,"taxonomy":"brand","description":"<strong data-start=\"235\" data-end=\"260\">IMN Nutrition:<\/strong> es una marca reconocida por su compromiso con la calidad, la innovaci\u00f3n y el rendimiento dentro del mundo de la nutrici\u00f3n deportiva. Sus productos est\u00e1n desarrollados para ayudar a deportistas y personas activas a mejorar su recuperaci\u00f3n, aumentar su energ\u00eda y alcanzar sus objetivos de forma segura y efectiva. En PerfectMassNutrition\u00ae seleccionamos lo mejor de IMN Nutrition para ofrecerte suplementos confiables, con excelentes ingredientes y resultados comprobados, disponibles para toda Colombia y Latinoam\u00e9rica.","parent":0,"count":11,"filter":"raw"}],"product_brand":[2780],"product_cat":[1548,1556],"product_tag":[1585],"class_list":{"0":"post-24745","1":"product","2":"type-product","3":"status-publish","4":"has-post-thumbnail","6":"brand-imn-nutrition","7":"product_brand-imn-nutrition","8":"product_cat-suplementos","9":"product_cat-vitaminas-minerales","10":"product_tag-suplemento","12":"first","13":"instock","14":"sale","15":"taxable","16":"shipping-taxable","17":"purchasable","18":"product-type-variable","19":"has-default-attributes"},"_links":{"self":[{"href":"https:\/\/perfectmass.net\/co\/wp-json\/wp\/v2\/product\/24745","targetHints":{"allow":["GET"]}}],"collection":[{"href":"https:\/\/perfectmass.net\/co\/wp-json\/wp\/v2\/product"}],"about":[{"href":"https:\/\/perfectmass.net\/co\/wp-json\/wp\/v2\/types\/product"}],"replies":[{"embeddable":true,"href":"https:\/\/perfectmass.net\/co\/wp-json\/wp\/v2\/comments?post=24745"}],"version-history":[{"count":1,"href":"https:\/\/perfectmass.net\/co\/wp-json\/wp\/v2\/product\/24745\/revisions"}],"predecessor-version":[{"id":29387,"href":"https:\/\/perfectmass.net\/co\/wp-json\/wp\/v2\/product\/24745\/revisions\/29387"}],"wp:featuredmedia":[{"embeddable":true,"href":"https:\/\/perfectmass.net\/co\/wp-json\/wp\/v2\/media\/24746"}],"wp:attachment":[{"href":"https:\/\/perfectmass.net\/co\/wp-json\/wp\/v2\/media?parent=24745"}],"wp:term":[{"taxonomy":"brand","embeddable":true,"href":"https:\/\/perfectmass.net\/co\/wp-json\/wp\/v2\/etheme_brands?post=24745"},{"taxonomy":"product_brand","embeddable":true,"href":"https:\/\/perfectmass.net\/co\/wp-json\/wp\/v2\/product_brand?post=24745"},{"taxonomy":"product_cat","embeddable":true,"href":"https:\/\/perfectmass.net\/co\/wp-json\/wp\/v2\/product_cat?post=24745"},{"taxonomy":"product_tag","embeddable":true,"href":"https:\/\/perfectmass.net\/co\/wp-json\/wp\/v2\/product_tag?post=24745"}],"curies":[{"name":"wp","href":"https:\/\/api.w.org\/{rel}","templated":true}]}}