{"id":24597,"date":"2025-11-26T17:53:54","date_gmt":"2025-11-26T22:53:54","guid":{"rendered":"https:\/\/perfectmass.net\/sin%20categor\u00eda\/psychotic-pre-entreno-insane-labz\/"},"modified":"2026-04-23T13:06:23","modified_gmt":"2026-04-23T18:06:23","slug":"psychotic-pre-entreno-insane-labz","status":"publish","type":"product","link":"https:\/\/perfectmass.net\/co\/nutricion\/entreno\/pre\/psychotic-pre-entreno-insane-labz\/","title":{"rendered":"Psychotic &#8211; Pre-Entreno Insane Labz"},"content":{"rendered":"<h2>Psychotic &#8211; Pre-Entreno Insane Labz<\/h2>\n<p>ENERG\u00cdA. CONCENTRACI\u00d3N. RESISTENCIA. FUERZA. Si buscas un impulso sustancial de energ\u00eda y fuerza que se mantenga mucho despu\u00e9s de terminar tu entrenamiento, Insane Labz PSYCHOTIC es la \u00fanica opci\u00f3n. Con beta-alanina, monohidrato de creatina y DMAE para potenciar la resistencia y la concentraci\u00f3n y ayudarte a superar los entrenamientos m\u00e1s intensos.<\/p>\n<p>F\u00d3RMULA SIN BAJONES. Psychotic est\u00e1 formulado para brindar energ\u00eda, concentraci\u00f3n y resistencia duraderas que te mantienen activo sin nerviosismo.<\/p>\n<p>EL MEJOR SABOR: \u00bfCu\u00e1ntas veces has probado un pre-entrenamiento y has querido tirarlo inmediatamente? Psychotic tiene el mejor sabor de cualquier pre-entrenamiento, \u00a1y no hay comparaci\u00f3n!<\/p>\n<h3>Psychotic &#8211; Pre-Entreno Insane Labz<\/h3>\n<p>Psychotic es un suplemento estimulante que se toma de 20 a 30 minutos antes del entrenamiento. Contiene varios ingredientes de alto rendimiento que han demostrado proporcionar numerosos beneficios para el fitness, incluyendo mayor energ\u00eda, mayor fuerza y \u200b\u200bmayor resistencia. Esta f\u00f3rmula \u00fanica ha demostrado tener una duraci\u00f3n de hasta tres horas, lo que la hace ideal para cualquier entrenamiento. Psychotic tambi\u00e9n mejora el rendimiento y la funci\u00f3n cognitiva; gracias a ingredientes como la huperzina A, notar\u00e1s una mejora inmediata en tu tiempo de reacci\u00f3n y estado de alerta general.<\/p>\n<p>Modo de empleo: Como suplemento diet\u00e9tico para adultos, tomar 1 porci\u00f3n en 240-300 ml de agua una vez al d\u00eda, 30 minutos antes de la actividad f\u00edsica. No consumir m\u00e1s de 1 porci\u00f3n en un periodo de 24 horas. No tomar dentro de las 4 horas previas a acostarse. Leer las advertencias y seguir las instrucciones de uso.<\/p>\n<div id=\"attachment_15532\" style=\"width: 310px\" class=\"wp-caption alignnone\"><img fetchpriority=\"high\" decoding=\"async\" aria-describedby=\"caption-attachment-15532\" class=\"size-medium wp-image-15532\" src=\"https:\/\/perfectmass.net\/wp-content\/uploads\/2025\/11\/Psychotic_Fruit_Punch_Website_Render_1-300x300.jpg\" alt=\"Psychotic - Pre-Entreno Insane Labz\" width=\"300\" height=\"300\" title=\"\" srcset=\"https:\/\/perfectmass.net\/wp-content\/uploads\/2025\/11\/Psychotic_Fruit_Punch_Website_Render_1-300x300.jpg 300w, https:\/\/perfectmass.net\/wp-content\/uploads\/2025\/11\/Psychotic_Fruit_Punch_Website_Render_1-150x150.jpg 150w, https:\/\/perfectmass.net\/wp-content\/uploads\/2025\/11\/Psychotic_Fruit_Punch_Website_Render_1-445x445.jpg 445w, https:\/\/perfectmass.net\/wp-content\/uploads\/2025\/11\/Psychotic_Fruit_Punch_Website_Render_1-100x100.jpg 100w, https:\/\/perfectmass.net\/wp-content\/uploads\/2025\/11\/Psychotic_Fruit_Punch_Website_Render_1-1x1.jpg 1w, https:\/\/perfectmass.net\/wp-content\/uploads\/2025\/11\/Psychotic_Fruit_Punch_Website_Render_1-10x10.jpg 10w, https:\/\/perfectmass.net\/wp-content\/uploads\/2025\/11\/Psychotic_Fruit_Punch_Website_Render_1.jpg 650w\" sizes=\"(max-width: 300px) 100vw, 300px\" \/><p id=\"caption-attachment-15532\" class=\"wp-caption-text\">Psychotic &#8211; Pre-Entreno <a href=\"https:\/\/insanelabz.com\/\" target=\"_blank\" rel=\"noopener\">Insane Labz<\/a><\/p><\/div>\n<p>Visitar <a href=\"http:\/\/PerfectMass.net\" target=\"_blank\" rel=\"noopener\">PerfectMass.net<\/a><\/p>\n","protected":false},"excerpt":{"rendered":"<p>El verdadero Pre-entreno<\/p>\n","protected":false},"featured_media":24598,"comment_status":"open","ping_status":"closed","template":"","meta":[],"etheme_brands":[{"term_id":2576,"name":"Insane Labz","slug":"insane-labz","term_group":0,"term_taxonomy_id":2576,"taxonomy":"brand","description":"<strong data-start=\"235\" data-end=\"260\">Insane Labz:<\/strong> es una marca reconocida por su compromiso con la calidad, la innovaci\u00f3n y el rendimiento dentro del mundo de la nutrici\u00f3n deportiva. Sus productos est\u00e1n desarrollados para ayudar a deportistas y personas activas a mejorar su recuperaci\u00f3n, aumentar su energ\u00eda y alcanzar sus objetivos de forma segura y efectiva. En PerfectMassNutrition\u00ae seleccionamos lo mejor de Insane Labz para ofrecerte suplementos confiables, con excelentes ingredientes y resultados comprobados, disponibles para toda Colombia y Latinoam\u00e9rica.","parent":0,"count":32,"filter":"raw"}],"product_brand":[2760],"product_cat":[1522,1523,1524,1534,1531],"product_tag":[1577],"class_list":{"0":"post-24597","1":"product","2":"type-product","3":"status-publish","4":"has-post-thumbnail","6":"brand-insane-labz","7":"product_brand-insane-labz","8":"product_cat-mas-vendidos","9":"product_cat-novedades","10":"product_cat-ofertas","11":"product_cat-pre","12":"product_cat-entreno","13":"product_tag-pre-entreno","15":"first","16":"instock","17":"sale","18":"taxable","19":"shipping-taxable","20":"purchasable","21":"product-type-variable","22":"has-default-attributes"},"_links":{"self":[{"href":"https:\/\/perfectmass.net\/co\/wp-json\/wp\/v2\/product\/24597","targetHints":{"allow":["GET"]}}],"collection":[{"href":"https:\/\/perfectmass.net\/co\/wp-json\/wp\/v2\/product"}],"about":[{"href":"https:\/\/perfectmass.net\/co\/wp-json\/wp\/v2\/types\/product"}],"replies":[{"embeddable":true,"href":"https:\/\/perfectmass.net\/co\/wp-json\/wp\/v2\/comments?post=24597"}],"version-history":[{"count":1,"href":"https:\/\/perfectmass.net\/co\/wp-json\/wp\/v2\/product\/24597\/revisions"}],"predecessor-version":[{"id":29307,"href":"https:\/\/perfectmass.net\/co\/wp-json\/wp\/v2\/product\/24597\/revisions\/29307"}],"wp:featuredmedia":[{"embeddable":true,"href":"https:\/\/perfectmass.net\/co\/wp-json\/wp\/v2\/media\/24598"}],"wp:attachment":[{"href":"https:\/\/perfectmass.net\/co\/wp-json\/wp\/v2\/media?parent=24597"}],"wp:term":[{"taxonomy":"brand","embeddable":true,"href":"https:\/\/perfectmass.net\/co\/wp-json\/wp\/v2\/etheme_brands?post=24597"},{"taxonomy":"product_brand","embeddable":true,"href":"https:\/\/perfectmass.net\/co\/wp-json\/wp\/v2\/product_brand?post=24597"},{"taxonomy":"product_cat","embeddable":true,"href":"https:\/\/perfectmass.net\/co\/wp-json\/wp\/v2\/product_cat?post=24597"},{"taxonomy":"product_tag","embeddable":true,"href":"https:\/\/perfectmass.net\/co\/wp-json\/wp\/v2\/product_tag?post=24597"}],"curies":[{"name":"wp","href":"https:\/\/api.w.org\/{rel}","templated":true}]}}