{"id":24589,"date":"2025-11-26T17:53:55","date_gmt":"2025-11-26T22:53:55","guid":{"rendered":"https:\/\/perfectmass.net\/sin%20categor\u00eda\/nitro-mass-gmn\/"},"modified":"2026-04-23T13:06:21","modified_gmt":"2026-04-23T18:06:21","slug":"nitro-mass-gmn","status":"publish","type":"product","link":"https:\/\/perfectmass.net\/co\/nutricion\/suplementos\/control-peso\/aumento\/nitro-mass-gmn\/","title":{"rendered":"Nitro Mass &#8211; GMN"},"content":{"rendered":"<h2>Nitro Mass &#8211; GMN<\/h2>\n<p>Nitro Mass es una mezcla en polvo a base de prote\u00edna aislada de suero de leche para preparar bebida, sin colorantes adicionados, sin az\u00facar a\u00f1adido y sin conservantes con avena molida, almid\u00f3n de ma\u00edz ceroso (amilopectrina), palatinosa, harina de arroz, harina de quinua y MCT (triglic\u00e9ridos de cadena media), con sabor artificial a Vainilla gourmet.<\/p>\n<p>Cada porci\u00f3n de<strong>\u00a0NITRO MASS<\/strong>\u00a0te aporta:<br \/>\n. 32 g.<br \/>\n. 293 calor\u00edas.<br \/>\n. 35 g carbohidratos.<\/p>\n<p><strong>Tama\u00f1o por porci\u00f3n:\u00a0<\/strong>2 vasos equivalentes a 480 ml (2 cucharas medidoras equivalentes a 80 g).<\/p>\n<p><strong>N\u00famero de porciones por envase:<\/strong>\u00a0Aprox. 11.<\/p>\n<p><strong>Contiene:<\/strong>\u00a0Leche (lactosa), soya, huevo y cereales con gluten. Puede contener trazas de trigo, apio, mostaza, sulfitos, nueces de \u00e1rbol y productos derivados, as\u00ed como pescados y productos elaborados con ellos.<\/p>\n<p><strong>Preparaci\u00f3n:<\/strong>\u00a0Cada porci\u00f3n de NITRO MASS equivale a 2 cucharas medidoras (80 g), que se recomienda diluir en 1 vaso con agua (240 ml).<\/p>\n<p><strong>Registro Sanitario. RSA-002405-2016<\/strong><\/p>\n<div id=\"attachment_21923\" style=\"width: 310px\" class=\"wp-caption alignnone\"><img fetchpriority=\"high\" decoding=\"async\" aria-describedby=\"caption-attachment-21923\" class=\"size-medium wp-image-21923\" src=\"https:\/\/perfectmass.net\/wp-content\/uploads\/2025\/11\/NITRO-MASS-2LB-FRENTE-1-1-300x300.webp\" alt=\"Nitro Mass - GMN\" width=\"300\" height=\"300\" title=\"\" srcset=\"https:\/\/perfectmass.net\/wp-content\/uploads\/2025\/11\/NITRO-MASS-2LB-FRENTE-1-1-300x300.webp 300w, https:\/\/perfectmass.net\/wp-content\/uploads\/2025\/11\/NITRO-MASS-2LB-FRENTE-1-1-1024x1024.webp 1024w, https:\/\/perfectmass.net\/wp-content\/uploads\/2025\/11\/NITRO-MASS-2LB-FRENTE-1-1-150x150.webp 150w, https:\/\/perfectmass.net\/wp-content\/uploads\/2025\/11\/NITRO-MASS-2LB-FRENTE-1-1-768x768.webp 768w, https:\/\/perfectmass.net\/wp-content\/uploads\/2025\/11\/NITRO-MASS-2LB-FRENTE-1-1-1536x1536.webp 1536w, https:\/\/perfectmass.net\/wp-content\/uploads\/2025\/11\/NITRO-MASS-2LB-FRENTE-1-1-445x445.webp 445w, https:\/\/perfectmass.net\/wp-content\/uploads\/2025\/11\/NITRO-MASS-2LB-FRENTE-1-1-100x100.webp 100w, https:\/\/perfectmass.net\/wp-content\/uploads\/2025\/11\/NITRO-MASS-2LB-FRENTE-1-1-1x1.webp 1w, https:\/\/perfectmass.net\/wp-content\/uploads\/2025\/11\/NITRO-MASS-2LB-FRENTE-1-1-10x10.webp 10w, https:\/\/perfectmass.net\/wp-content\/uploads\/2025\/11\/NITRO-MASS-2LB-FRENTE-1-1.webp 1600w\" sizes=\"(max-width: 300px) 100vw, 300px\" \/><p id=\"caption-attachment-21923\" class=\"wp-caption-text\">Nitro Mass &#8211; <a href=\"https:\/\/gmn.com.co\/\" target=\"_blank\" rel=\"noopener\">GMN<\/a><\/p><\/div>\n<p>Visitar <a href=\"http:\/\/PerfectMass.net\" target=\"_blank\" rel=\"noopener\">PerfectMass.net<\/a><\/p>\n","protected":false},"excerpt":{"rendered":"<p>Ganador de masa muscular<\/p>\n","protected":false},"featured_media":24591,"comment_status":"open","ping_status":"closed","template":"","meta":[],"etheme_brands":[{"term_id":2549,"name":"GMN","slug":"gmn","term_group":0,"term_taxonomy_id":2549,"taxonomy":"brand","description":"<strong data-start=\"235\" data-end=\"260\">GMN Nutrition:<\/strong> es una marca reconocida por su compromiso con la calidad, la innovaci\u00f3n y el rendimiento dentro del mundo de la nutrici\u00f3n deportiva. Sus productos est\u00e1n desarrollados para ayudar a deportistas y personas activas a mejorar su recuperaci\u00f3n, aumentar su energ\u00eda y alcanzar sus objetivos de forma segura y efectiva. En PerfectMassNutrition\u00ae seleccionamos lo mejor de GMN Nutrition para ofrecerte suplementos confiables, con excelentes ingredientes y resultados comprobados, disponibles para toda Colombia y Latinoam\u00e9rica.","parent":0,"count":11,"filter":"raw"}],"product_brand":[2689],"product_cat":[1554,1537,1499,1541,1548,1553],"product_tag":[1567],"class_list":{"0":"post-24589","1":"product","2":"type-product","3":"status-publish","4":"has-post-thumbnail","6":"brand-gmn","7":"product_brand-gmn","8":"product_cat-aumento","9":"product_cat-mezclas","10":"product_cat-nutricion","11":"product_cat-aumentadora","12":"product_cat-suplementos","13":"product_cat-control-peso","14":"product_tag-ganar-masa","16":"first","17":"instock","18":"sale","19":"taxable","20":"shipping-taxable","21":"purchasable","22":"product-type-variable","23":"has-default-attributes"},"_links":{"self":[{"href":"https:\/\/perfectmass.net\/co\/wp-json\/wp\/v2\/product\/24589","targetHints":{"allow":["GET"]}}],"collection":[{"href":"https:\/\/perfectmass.net\/co\/wp-json\/wp\/v2\/product"}],"about":[{"href":"https:\/\/perfectmass.net\/co\/wp-json\/wp\/v2\/types\/product"}],"replies":[{"embeddable":true,"href":"https:\/\/perfectmass.net\/co\/wp-json\/wp\/v2\/comments?post=24589"}],"version-history":[{"count":1,"href":"https:\/\/perfectmass.net\/co\/wp-json\/wp\/v2\/product\/24589\/revisions"}],"predecessor-version":[{"id":29280,"href":"https:\/\/perfectmass.net\/co\/wp-json\/wp\/v2\/product\/24589\/revisions\/29280"}],"wp:featuredmedia":[{"embeddable":true,"href":"https:\/\/perfectmass.net\/co\/wp-json\/wp\/v2\/media\/24591"}],"wp:attachment":[{"href":"https:\/\/perfectmass.net\/co\/wp-json\/wp\/v2\/media?parent=24589"}],"wp:term":[{"taxonomy":"brand","embeddable":true,"href":"https:\/\/perfectmass.net\/co\/wp-json\/wp\/v2\/etheme_brands?post=24589"},{"taxonomy":"product_brand","embeddable":true,"href":"https:\/\/perfectmass.net\/co\/wp-json\/wp\/v2\/product_brand?post=24589"},{"taxonomy":"product_cat","embeddable":true,"href":"https:\/\/perfectmass.net\/co\/wp-json\/wp\/v2\/product_cat?post=24589"},{"taxonomy":"product_tag","embeddable":true,"href":"https:\/\/perfectmass.net\/co\/wp-json\/wp\/v2\/product_tag?post=24589"}],"curies":[{"name":"wp","href":"https:\/\/api.w.org\/{rel}","templated":true}]}}