{"id":24521,"date":"2025-11-26T17:53:56","date_gmt":"2025-11-26T22:53:56","guid":{"rendered":"https:\/\/perfectmass.net\/sin%20categor\u00eda\/insane-whey-proteina-insane-labz\/"},"modified":"2026-04-23T13:06:13","modified_gmt":"2026-04-23T18:06:13","slug":"insane-whey-proteina-insane-labz","status":"publish","type":"product","link":"https:\/\/perfectmass.net\/co\/nutricion\/proteina\/whey\/insane-whey-proteina-insane-labz\/","title":{"rendered":"Insane Whey &#8211; Prote\u00edna Insane Labz"},"content":{"rendered":"<h2>Insane Whey &#8211; Prote\u00edna Insane Labz<\/h2>\n<div class=\"product__description rte quick-add-hidden\">\n<p>Disponible en los siguientes tama\u00f1os [La disponibilidad de sabores var\u00eda seg\u00fan el tama\u00f1o]<\/p>\n<ul>\n<li>30 porciones<\/li>\n<li>60 porciones<\/li>\n<li>120 porciones<\/li>\n<\/ul>\n<p>Tras haber probado todos los deliciosos sabores que Mad Chemist crea para sus polvos pre-entrenamiento, BCAA e incluso multivitaminas, los fieles seguidores de Asylum llevaban tiempo pidiendo una prote\u00edna de suero de leche con un sabor excepcional de Insane Labz. Utilizando prote\u00edna de suero de leche de primera calidad para desarrollar fuerza y \u200b\u200bmasa muscular magra, hemos creado una prote\u00edna de f\u00e1cil disoluci\u00f3n, ideal para ganar fuerza antes o despu\u00e9s del entrenamiento, o en cualquier momento en que necesites un aporte extra de prote\u00edna.<\/p>\n<h3>Insane Whey &#8211; Prote\u00edna Insane Labz<\/h3>\n<p>AUMENTO DE MASA MUSCULAR MAGRA. PROTE\u00cdNA DE SUERO DE LECHE. SABORES INCRE\u00cdBLES. Insane Labz Insane Whey promueve el aumento de masa muscular magra con una dosis completa de 25 g de prote\u00edna despu\u00e9s del entrenamiento. Con un perfil de amino\u00e1cidos BCAA de origen natural, Insane Whey acelera la recuperaci\u00f3n y, al mismo tiempo, desarrolla la masa muscular magra que necesitas para convertirte en una bestia gen\u00e9tica.<br \/>\nGARANT\u00cdA SIN GRUMOS. Insane Whey ofrece la mejor solubilidad de cualquier prote\u00edna del mercado, con una diferencia considerable. Y por si fuera poco, Insane Whey viene en varios sabores INCRE\u00cdBLES (la disponibilidad de sabores var\u00eda seg\u00fan el tama\u00f1o).<br \/>\nLIBRE DE SUSTANCIAS PROHIBIDAS. Insane Whey no contiene sustancias prohibidas, por lo que si eres atleta universitario o profesional, puedes consumir este producto con total seguridad.<\/p>\n<p>INFORMACI\u00d3N NUTRICIONAL: 3 g de carbohidratos, 1 g de az\u00facar.<br \/>\nAdvertencia sobre al\u00e9rgenos: Elaborado en equipos compartidos que procesan productos que contienen leche, huevo, soja, trigo, mariscos, pescado, frutos secos y cacahuetes.<\/p>\n<div id=\"attachment_15558\" style=\"width: 310px\" class=\"wp-caption alignnone\"><img fetchpriority=\"high\" decoding=\"async\" aria-describedby=\"caption-attachment-15558\" class=\"size-medium wp-image-15558\" src=\"https:\/\/perfectmass.net\/wp-content\/uploads\/2025\/11\/InsaneWhey5lbChocolate_WebsiteRender-300x300.jpg\" alt=\"Insane Whey - Prote\u00edna Insane Labz\" width=\"300\" height=\"300\" title=\"\" srcset=\"https:\/\/perfectmass.net\/wp-content\/uploads\/2025\/11\/InsaneWhey5lbChocolate_WebsiteRender-300x300.jpg 300w, https:\/\/perfectmass.net\/wp-content\/uploads\/2025\/11\/InsaneWhey5lbChocolate_WebsiteRender-150x150.jpg 150w, https:\/\/perfectmass.net\/wp-content\/uploads\/2025\/11\/InsaneWhey5lbChocolate_WebsiteRender-445x445.jpg 445w, https:\/\/perfectmass.net\/wp-content\/uploads\/2025\/11\/InsaneWhey5lbChocolate_WebsiteRender-100x100.jpg 100w, https:\/\/perfectmass.net\/wp-content\/uploads\/2025\/11\/InsaneWhey5lbChocolate_WebsiteRender-1x1.jpg 1w, https:\/\/perfectmass.net\/wp-content\/uploads\/2025\/11\/InsaneWhey5lbChocolate_WebsiteRender-10x10.jpg 10w, https:\/\/perfectmass.net\/wp-content\/uploads\/2025\/11\/InsaneWhey5lbChocolate_WebsiteRender.jpg 650w\" sizes=\"(max-width: 300px) 100vw, 300px\" \/><p id=\"caption-attachment-15558\" class=\"wp-caption-text\">Insane Whey &#8211; Prote\u00edna <a href=\"https:\/\/insanelabz.com\/\" target=\"_blank\" rel=\"noopener\">Insane Labz<\/a><\/p><\/div>\n<p>Visitar <a href=\"http:\/\/PerfectMass.net\" target=\"_blank\" rel=\"noopener\">PerfectMass.net<\/a><\/p>\n<\/div>\n","protected":false},"excerpt":{"rendered":"<p>Nuestra prote\u00edna de lactosuero m\u00e1s vendida.<\/p>\n","protected":false},"featured_media":24522,"comment_status":"open","ping_status":"closed","template":"","meta":[],"etheme_brands":[{"term_id":2576,"name":"Insane Labz","slug":"insane-labz","term_group":0,"term_taxonomy_id":2576,"taxonomy":"brand","description":"<strong data-start=\"235\" data-end=\"260\">Insane Labz:<\/strong> es una marca reconocida por su compromiso con la calidad, la innovaci\u00f3n y el rendimiento dentro del mundo de la nutrici\u00f3n deportiva. Sus productos est\u00e1n desarrollados para ayudar a deportistas y personas activas a mejorar su recuperaci\u00f3n, aumentar su energ\u00eda y alcanzar sus objetivos de forma segura y efectiva. En PerfectMassNutrition\u00ae seleccionamos lo mejor de Insane Labz para ofrecerte suplementos confiables, con excelentes ingredientes y resultados comprobados, disponibles para toda Colombia y Latinoam\u00e9rica.","parent":0,"count":32,"filter":"raw"}],"product_brand":[2760],"product_cat":[1522,1523,1524,1536,1540],"product_tag":[1567],"class_list":{"0":"post-24521","1":"product","2":"type-product","3":"status-publish","4":"has-post-thumbnail","6":"brand-insane-labz","7":"product_brand-insane-labz","8":"product_cat-mas-vendidos","9":"product_cat-novedades","10":"product_cat-ofertas","11":"product_cat-proteina","12":"product_cat-whey","13":"product_tag-ganar-masa","15":"first","16":"instock","17":"sale","18":"taxable","19":"shipping-taxable","20":"purchasable","21":"product-type-variable","22":"has-default-attributes"},"_links":{"self":[{"href":"https:\/\/perfectmass.net\/co\/wp-json\/wp\/v2\/product\/24521","targetHints":{"allow":["GET"]}}],"collection":[{"href":"https:\/\/perfectmass.net\/co\/wp-json\/wp\/v2\/product"}],"about":[{"href":"https:\/\/perfectmass.net\/co\/wp-json\/wp\/v2\/types\/product"}],"replies":[{"embeddable":true,"href":"https:\/\/perfectmass.net\/co\/wp-json\/wp\/v2\/comments?post=24521"}],"version-history":[{"count":1,"href":"https:\/\/perfectmass.net\/co\/wp-json\/wp\/v2\/product\/24521\/revisions"}],"predecessor-version":[{"id":29247,"href":"https:\/\/perfectmass.net\/co\/wp-json\/wp\/v2\/product\/24521\/revisions\/29247"}],"wp:featuredmedia":[{"embeddable":true,"href":"https:\/\/perfectmass.net\/co\/wp-json\/wp\/v2\/media\/24522"}],"wp:attachment":[{"href":"https:\/\/perfectmass.net\/co\/wp-json\/wp\/v2\/media?parent=24521"}],"wp:term":[{"taxonomy":"brand","embeddable":true,"href":"https:\/\/perfectmass.net\/co\/wp-json\/wp\/v2\/etheme_brands?post=24521"},{"taxonomy":"product_brand","embeddable":true,"href":"https:\/\/perfectmass.net\/co\/wp-json\/wp\/v2\/product_brand?post=24521"},{"taxonomy":"product_cat","embeddable":true,"href":"https:\/\/perfectmass.net\/co\/wp-json\/wp\/v2\/product_cat?post=24521"},{"taxonomy":"product_tag","embeddable":true,"href":"https:\/\/perfectmass.net\/co\/wp-json\/wp\/v2\/product_tag?post=24521"}],"curies":[{"name":"wp","href":"https:\/\/api.w.org\/{rel}","templated":true}]}}