{"id":24513,"date":"2025-11-26T17:53:56","date_gmt":"2025-11-26T22:53:56","guid":{"rendered":"https:\/\/perfectmass.net\/sin%20categor\u00eda\/quemadores-de-grasa-lipoblue-boost\/"},"modified":"2026-04-23T13:06:11","modified_gmt":"2026-04-23T18:06:11","slug":"quemadores-de-grasa-lipoblue-boost","status":"publish","type":"product","link":"https:\/\/perfectmass.net\/co\/sin categor\u00eda\/quemadores-de-grasa-lipoblue-boost\/","title":{"rendered":"Boost &#8211; Quemador de Grasa Lipoblue"},"content":{"rendered":"<p><strong>Boost &#8211; Quemador de Grasa Lipoblue<\/strong><\/p>\n<p>Boost &#8211; Quemador de Grasa Lipoblue<\/p>\n<p>F\u00f3rmula termog\u00e9nica dise\u00f1ada para apoyar los procesos de definici\u00f3n corporal y el control del peso en combinaci\u00f3n con dieta y ejercicio.<\/p>\n","protected":false},"excerpt":{"rendered":"<p>Suplemento quemador de grasa<\/p>\n","protected":false},"featured_media":24515,"comment_status":"open","ping_status":"closed","template":"","meta":[],"etheme_brands":[{"term_id":2585,"name":"Lipoblue","slug":"lipoblue","term_group":0,"term_taxonomy_id":2585,"taxonomy":"brand","description":"","parent":0,"count":4,"filter":"raw"}],"product_brand":[2762],"product_cat":[],"product_tag":[1585],"class_list":{"0":"post-24513","1":"product","2":"type-product","3":"status-publish","4":"has-post-thumbnail","6":"brand-lipoblue","7":"product_brand-lipoblue","8":"product_tag-suplemento","10":"first","11":"outofstock","12":"sale","13":"taxable","14":"shipping-taxable","15":"purchasable","16":"product-type-variable","17":"has-default-attributes"},"_links":{"self":[{"href":"https:\/\/perfectmass.net\/co\/wp-json\/wp\/v2\/product\/24513","targetHints":{"allow":["GET"]}}],"collection":[{"href":"https:\/\/perfectmass.net\/co\/wp-json\/wp\/v2\/product"}],"about":[{"href":"https:\/\/perfectmass.net\/co\/wp-json\/wp\/v2\/types\/product"}],"replies":[{"embeddable":true,"href":"https:\/\/perfectmass.net\/co\/wp-json\/wp\/v2\/comments?post=24513"}],"version-history":[{"count":1,"href":"https:\/\/perfectmass.net\/co\/wp-json\/wp\/v2\/product\/24513\/revisions"}],"predecessor-version":[{"id":29233,"href":"https:\/\/perfectmass.net\/co\/wp-json\/wp\/v2\/product\/24513\/revisions\/29233"}],"wp:featuredmedia":[{"embeddable":true,"href":"https:\/\/perfectmass.net\/co\/wp-json\/wp\/v2\/media\/24515"}],"wp:attachment":[{"href":"https:\/\/perfectmass.net\/co\/wp-json\/wp\/v2\/media?parent=24513"}],"wp:term":[{"taxonomy":"brand","embeddable":true,"href":"https:\/\/perfectmass.net\/co\/wp-json\/wp\/v2\/etheme_brands?post=24513"},{"taxonomy":"product_brand","embeddable":true,"href":"https:\/\/perfectmass.net\/co\/wp-json\/wp\/v2\/product_brand?post=24513"},{"taxonomy":"product_cat","embeddable":true,"href":"https:\/\/perfectmass.net\/co\/wp-json\/wp\/v2\/product_cat?post=24513"},{"taxonomy":"product_tag","embeddable":true,"href":"https:\/\/perfectmass.net\/co\/wp-json\/wp\/v2\/product_tag?post=24513"}],"curies":[{"name":"wp","href":"https:\/\/api.w.org\/{rel}","templated":true}]}}