{"id":24403,"date":"2025-11-26T17:53:57","date_gmt":"2025-11-26T22:53:57","guid":{"rendered":"https:\/\/perfectmass.net\/sin%20categor\u00eda\/universal-animal-cuts\/"},"modified":"2026-04-23T13:05:56","modified_gmt":"2026-04-23T18:05:56","slug":"universal-animal-cuts","status":"publish","type":"product","link":"https:\/\/perfectmass.net\/co\/nutricion\/suplementos\/control-peso\/perdida\/universal-animal-cuts\/","title":{"rendered":"Animal Cuts &#8211; Quemador de Grasa Universal"},"content":{"rendered":"<p>UNIVERSAL ANIMAL CUTS es un quemador de grasa dise\u00f1ado para acelerar el metabolismo y promover la p\u00e9rdida de peso. Contiene ingredientes termog\u00e9nicos de origen natural. Presentaci\u00f3n: 42 SOBRES.<\/p>\n","protected":false},"excerpt":{"rendered":"<p>Quemador de grasa<\/p>\n","protected":false},"featured_media":24405,"comment_status":"open","ping_status":"closed","template":"","meta":[],"etheme_brands":[{"term_id":2643,"name":"Universal","slug":"universal","term_group":0,"term_taxonomy_id":2643,"taxonomy":"brand","description":"","parent":0,"count":7,"filter":"raw"}],"product_brand":[2754],"product_cat":[1553,1555],"product_tag":[1574],"class_list":{"0":"post-24403","1":"product","2":"type-product","3":"status-publish","4":"has-post-thumbnail","6":"brand-universal","7":"product_brand-universal","8":"product_cat-control-peso","9":"product_cat-perdida","10":"product_tag-perder-peso","12":"first","13":"instock","14":"sale","15":"taxable","16":"shipping-taxable","17":"purchasable","18":"product-type-variable","19":"has-default-attributes"},"_links":{"self":[{"href":"https:\/\/perfectmass.net\/co\/wp-json\/wp\/v2\/product\/24403","targetHints":{"allow":["GET"]}}],"collection":[{"href":"https:\/\/perfectmass.net\/co\/wp-json\/wp\/v2\/product"}],"about":[{"href":"https:\/\/perfectmass.net\/co\/wp-json\/wp\/v2\/types\/product"}],"replies":[{"embeddable":true,"href":"https:\/\/perfectmass.net\/co\/wp-json\/wp\/v2\/comments?post=24403"}],"version-history":[{"count":1,"href":"https:\/\/perfectmass.net\/co\/wp-json\/wp\/v2\/product\/24403\/revisions"}],"predecessor-version":[{"id":29169,"href":"https:\/\/perfectmass.net\/co\/wp-json\/wp\/v2\/product\/24403\/revisions\/29169"}],"wp:featuredmedia":[{"embeddable":true,"href":"https:\/\/perfectmass.net\/co\/wp-json\/wp\/v2\/media\/24405"}],"wp:attachment":[{"href":"https:\/\/perfectmass.net\/co\/wp-json\/wp\/v2\/media?parent=24403"}],"wp:term":[{"taxonomy":"brand","embeddable":true,"href":"https:\/\/perfectmass.net\/co\/wp-json\/wp\/v2\/etheme_brands?post=24403"},{"taxonomy":"product_brand","embeddable":true,"href":"https:\/\/perfectmass.net\/co\/wp-json\/wp\/v2\/product_brand?post=24403"},{"taxonomy":"product_cat","embeddable":true,"href":"https:\/\/perfectmass.net\/co\/wp-json\/wp\/v2\/product_cat?post=24403"},{"taxonomy":"product_tag","embeddable":true,"href":"https:\/\/perfectmass.net\/co\/wp-json\/wp\/v2\/product_tag?post=24403"}],"curies":[{"name":"wp","href":"https:\/\/api.w.org\/{rel}","templated":true}]}}