{"id":24387,"date":"2025-11-26T17:53:58","date_gmt":"2025-11-26T22:53:58","guid":{"rendered":"https:\/\/perfectmass.net\/sin%20categor\u00eda\/volta-labs-healthy-protector-de-organos\/"},"modified":"2026-04-23T13:05:48","modified_gmt":"2026-04-23T18:05:48","slug":"volta-labs-healthy-protector-de-organos","status":"publish","type":"product","link":"https:\/\/perfectmass.net\/co\/nutricion\/suplementos\/volta-labs-healthy-protector-de-organos\/","title":{"rendered":"Healthy (Protector De Organos) &#8211; Volta Labs"},"content":{"rendered":"<p><strong>Healthy (Protector De Organos) &#8211; Volta Labs<\/strong><\/p>\n<p>Healthy (Protector De Organos)<\/p>\n<p>F\u00f3rmula de soporte hep\u00e1tico y protecci\u00f3n de \u00f3rganos dise\u00f1ada para deportistas que someten su cuerpo a entrenamientos intensos o ciclos de suplementaci\u00f3n.<\/p>\n","protected":false},"excerpt":{"rendered":"<p>Protector hep\u00e1tico y soporte de \u00f3rganos para deportistas.<\/p>\n","protected":false},"featured_media":24388,"comment_status":"open","ping_status":"closed","template":"","meta":[],"etheme_brands":[{"term_id":2639,"name":"Volta Labs","slug":"volta-labs","term_group":0,"term_taxonomy_id":2639,"taxonomy":"brand","description":"","parent":0,"count":2,"filter":"raw"}],"product_brand":[2751],"product_cat":[1499,1548],"product_tag":[1585],"class_list":{"0":"post-24387","1":"product","2":"type-product","3":"status-publish","4":"has-post-thumbnail","6":"brand-volta-labs","7":"product_brand-volta-labs","8":"product_cat-nutricion","9":"product_cat-suplementos","10":"product_tag-suplemento","12":"first","13":"instock","14":"sale","15":"taxable","16":"shipping-taxable","17":"purchasable","18":"product-type-variable","19":"has-default-attributes"},"_links":{"self":[{"href":"https:\/\/perfectmass.net\/co\/wp-json\/wp\/v2\/product\/24387","targetHints":{"allow":["GET"]}}],"collection":[{"href":"https:\/\/perfectmass.net\/co\/wp-json\/wp\/v2\/product"}],"about":[{"href":"https:\/\/perfectmass.net\/co\/wp-json\/wp\/v2\/types\/product"}],"replies":[{"embeddable":true,"href":"https:\/\/perfectmass.net\/co\/wp-json\/wp\/v2\/comments?post=24387"}],"version-history":[{"count":1,"href":"https:\/\/perfectmass.net\/co\/wp-json\/wp\/v2\/product\/24387\/revisions"}],"predecessor-version":[{"id":29153,"href":"https:\/\/perfectmass.net\/co\/wp-json\/wp\/v2\/product\/24387\/revisions\/29153"}],"wp:featuredmedia":[{"embeddable":true,"href":"https:\/\/perfectmass.net\/co\/wp-json\/wp\/v2\/media\/24388"}],"wp:attachment":[{"href":"https:\/\/perfectmass.net\/co\/wp-json\/wp\/v2\/media?parent=24387"}],"wp:term":[{"taxonomy":"brand","embeddable":true,"href":"https:\/\/perfectmass.net\/co\/wp-json\/wp\/v2\/etheme_brands?post=24387"},{"taxonomy":"product_brand","embeddable":true,"href":"https:\/\/perfectmass.net\/co\/wp-json\/wp\/v2\/product_brand?post=24387"},{"taxonomy":"product_cat","embeddable":true,"href":"https:\/\/perfectmass.net\/co\/wp-json\/wp\/v2\/product_cat?post=24387"},{"taxonomy":"product_tag","embeddable":true,"href":"https:\/\/perfectmass.net\/co\/wp-json\/wp\/v2\/product_tag?post=24387"}],"curies":[{"name":"wp","href":"https:\/\/api.w.org\/{rel}","templated":true}]}}