{"id":24363,"date":"2025-11-26T17:53:58","date_gmt":"2025-11-26T22:53:58","guid":{"rendered":"https:\/\/perfectmass.net\/sin%20categor\u00eda\/best-whey-proteina-proscience\/"},"modified":"2026-04-23T13:05:45","modified_gmt":"2026-04-23T18:05:45","slug":"best-whey-proteina-proscience","status":"publish","type":"product","link":"https:\/\/perfectmass.net\/co\/nutricion\/proteina\/whey\/best-whey-proteina-proscience\/","title":{"rendered":"Best Whey &#8211; Prote\u00edna Proscience"},"content":{"rendered":"<h2>Best Whey &#8211; Prote\u00edna Proscience<\/h2>\n<p><strong>Best Whey\u00a0<\/strong>es un producto alimenticio basado en la combinaci\u00f3n de dos prote\u00ednas de suero de leche (aislada y concentrada).<\/p>\n<p>Esta combinaci\u00f3n de prote\u00ednas en la\u00a0<strong>Best Whey<\/strong>\u00a0es ideal para lograr el requerimiento cal\u00f3rico en aquellas poblaciones que a base de su alimentaci\u00f3n no logran obtenerla, su exquisitez en el sabor logra obtener el contenido proteico y cal\u00f3rico adecuado d\u00e1ndole un verdadero placer a tu paladar.<\/p>\n<p>En deportistas recreativos y de competencias que requieran un contenido proteico mayor,\u00a0<strong>Best Whey<\/strong>\u00a0es una excelente opci\u00f3n gracias al valor biol\u00f3gico tan alto de sus prote\u00ednas, que aporta una gran cantidad de amino\u00e1cidos esenciales.<\/p>\n<p><strong>Best Whey<\/strong> puedes consumirla a cualquier hora del d\u00eda como un complemento a tu alimentaci\u00f3n y\/o para lograr un mayor requerimiento proteico. Si realizas actividad f\u00edsica puedes utilizarla posterior al entrenamiento, mezcl\u00e1ndola con agua o si deseas aumentar su contenido cal\u00f3rico la puedes preparar en leche.<\/p>\n<div id=\"attachment_22063\" style=\"width: 310px\" class=\"wp-caption alignnone\"><img fetchpriority=\"high\" decoding=\"async\" aria-describedby=\"caption-attachment-22063\" class=\"size-medium wp-image-22063\" src=\"https:\/\/perfectmass.net\/wp-content\/uploads\/2025\/11\/best-whey-vainilla-1-1-300x300.webp\" alt=\"Best Whey - Prote\u00edna Proscience\" width=\"300\" height=\"300\" title=\"\" srcset=\"https:\/\/perfectmass.net\/wp-content\/uploads\/2025\/11\/best-whey-vainilla-1-1-300x300.webp 300w, https:\/\/perfectmass.net\/wp-content\/uploads\/2025\/11\/best-whey-vainilla-1-1-150x150.webp 150w, https:\/\/perfectmass.net\/wp-content\/uploads\/2025\/11\/best-whey-vainilla-1-1-445x445.webp 445w, https:\/\/perfectmass.net\/wp-content\/uploads\/2025\/11\/best-whey-vainilla-1-1-100x100.webp 100w, https:\/\/perfectmass.net\/wp-content\/uploads\/2025\/11\/best-whey-vainilla-1-1-1x1.webp 1w, https:\/\/perfectmass.net\/wp-content\/uploads\/2025\/11\/best-whey-vainilla-1-1-10x10.webp 10w, https:\/\/perfectmass.net\/wp-content\/uploads\/2025\/11\/best-whey-vainilla-1-1.webp 600w\" sizes=\"(max-width: 300px) 100vw, 300px\" \/><p id=\"caption-attachment-22063\" class=\"wp-caption-text\">Best Whey &#8211; Prote\u00edna <a href=\"https:\/\/proscience.com.co\/\" target=\"_blank\" rel=\"noopener\">Proscience<\/a><\/p><\/div>\n<p>Visitar <a href=\"http:\/\/PerfectMass.net\" target=\"_blank\" rel=\"noopener\">PerfectMass.net<\/a><\/p>\n","protected":false},"excerpt":{"rendered":"<p>Prote\u00edna de alta calidad para apoyar tus objetivos diarios.<\/p>\n","protected":false},"featured_media":24365,"comment_status":"open","ping_status":"closed","template":"","meta":[],"etheme_brands":[{"term_id":2617,"name":"Proscience","slug":"proscience","term_group":0,"term_taxonomy_id":2617,"taxonomy":"brand","description":"<strong data-start=\"235\" data-end=\"260\">Proscience:<\/strong> es una marca reconocida por su compromiso con la calidad, la innovaci\u00f3n y el rendimiento dentro del mundo de la nutrici\u00f3n deportiva. Sus productos est\u00e1n desarrollados para ayudar a deportistas y personas activas a mejorar su recuperaci\u00f3n, aumentar su energ\u00eda y alcanzar sus objetivos de forma segura y efectiva. En PerfectMassNutrition\u00ae seleccionamos lo mejor de Proscience para ofrecerte suplementos confiables, con excelentes ingredientes y resultados comprobados, disponibles para toda Colombia y Latinoam\u00e9rica.","parent":0,"count":25,"filter":"raw"}],"product_brand":[2718],"product_cat":[1536,1540],"product_tag":[1567,1579],"class_list":{"0":"post-24363","1":"product","2":"type-product","3":"status-publish","4":"has-post-thumbnail","6":"brand-proscience","7":"product_brand-proscience","8":"product_cat-proteina","9":"product_cat-whey","10":"product_tag-ganar-masa","11":"product_tag-proteina-whey","13":"first","14":"instock","15":"sale","16":"taxable","17":"shipping-taxable","18":"purchasable","19":"product-type-variable","20":"has-default-attributes"},"_links":{"self":[{"href":"https:\/\/perfectmass.net\/co\/wp-json\/wp\/v2\/product\/24363","targetHints":{"allow":["GET"]}}],"collection":[{"href":"https:\/\/perfectmass.net\/co\/wp-json\/wp\/v2\/product"}],"about":[{"href":"https:\/\/perfectmass.net\/co\/wp-json\/wp\/v2\/types\/product"}],"replies":[{"embeddable":true,"href":"https:\/\/perfectmass.net\/co\/wp-json\/wp\/v2\/comments?post=24363"}],"version-history":[{"count":1,"href":"https:\/\/perfectmass.net\/co\/wp-json\/wp\/v2\/product\/24363\/revisions"}],"predecessor-version":[{"id":29141,"href":"https:\/\/perfectmass.net\/co\/wp-json\/wp\/v2\/product\/24363\/revisions\/29141"}],"wp:featuredmedia":[{"embeddable":true,"href":"https:\/\/perfectmass.net\/co\/wp-json\/wp\/v2\/media\/24365"}],"wp:attachment":[{"href":"https:\/\/perfectmass.net\/co\/wp-json\/wp\/v2\/media?parent=24363"}],"wp:term":[{"taxonomy":"brand","embeddable":true,"href":"https:\/\/perfectmass.net\/co\/wp-json\/wp\/v2\/etheme_brands?post=24363"},{"taxonomy":"product_brand","embeddable":true,"href":"https:\/\/perfectmass.net\/co\/wp-json\/wp\/v2\/product_brand?post=24363"},{"taxonomy":"product_cat","embeddable":true,"href":"https:\/\/perfectmass.net\/co\/wp-json\/wp\/v2\/product_cat?post=24363"},{"taxonomy":"product_tag","embeddable":true,"href":"https:\/\/perfectmass.net\/co\/wp-json\/wp\/v2\/product_tag?post=24363"}],"curies":[{"name":"wp","href":"https:\/\/api.w.org\/{rel}","templated":true}]}}