{"id":24277,"date":"2025-11-26T17:54:09","date_gmt":"2025-11-26T22:54:09","guid":{"rendered":"https:\/\/perfectmass.net\/sin%20categor\u00eda\/healthy-sports-creatine-3000\/"},"modified":"2026-04-23T13:05:21","modified_gmt":"2026-04-23T18:05:21","slug":"healthy-sports-creatine-3000","status":"publish","type":"product","link":"https:\/\/perfectmass.net\/co\/nutricion\/creatina\/monohidratada\/healthy-sports-creatine-3000\/","title":{"rendered":"Creatine 3000 &#8211; Healthy Sports"},"content":{"rendered":"<p>UNIVERSAL CREATINE es creatina monohidrato pura para aumentar fuerza y masa muscular. La creatina es el suplemento m\u00e1s estudiado y efectivo para mejorar el rendimiento f\u00edsico. Presentaci\u00f3n: 200 SERVICIOS.<\/p>\n","protected":false},"excerpt":{"rendered":"<p>Creatina monohidrato<\/p>\n","protected":false},"featured_media":24278,"comment_status":"open","ping_status":"closed","template":"","meta":[],"etheme_brands":[{"term_id":2567,"name":"Healthy Sports","slug":"healthy-sports","term_group":0,"term_taxonomy_id":2567,"taxonomy":"brand","description":"<strong data-start=\"235\" data-end=\"260\">Healthy Sports:<\/strong> es una marca reconocida por su compromiso con la calidad, la innovaci\u00f3n y el rendimiento dentro del mundo de la nutrici\u00f3n deportiva. Sus productos est\u00e1n desarrollados para ayudar a deportistas y personas activas a mejorar su recuperaci\u00f3n, aumentar su energ\u00eda y alcanzar sus objetivos de forma segura y efectiva. En PerfectMassNutrition\u00ae seleccionamos lo mejor de Healthy Sports para ofrecerte suplementos confiables, con excelentes ingredientes y resultados comprobados, disponibles para toda Colombia y Latinoam\u00e9rica.","parent":0,"count":2,"filter":"raw"}],"product_brand":[2788],"product_cat":[1519,1520],"product_tag":[1566],"class_list":{"0":"post-24277","1":"product","2":"type-product","3":"status-publish","4":"has-post-thumbnail","6":"brand-healthy-sports","7":"product_brand-healthy-sports","8":"product_cat-creatina","9":"product_cat-monohidratada","10":"product_tag-fuerza","12":"first","13":"instock","14":"sale","15":"taxable","16":"shipping-taxable","17":"purchasable","18":"product-type-variable","19":"has-default-attributes"},"_links":{"self":[{"href":"https:\/\/perfectmass.net\/co\/wp-json\/wp\/v2\/product\/24277","targetHints":{"allow":["GET"]}}],"collection":[{"href":"https:\/\/perfectmass.net\/co\/wp-json\/wp\/v2\/product"}],"about":[{"href":"https:\/\/perfectmass.net\/co\/wp-json\/wp\/v2\/types\/product"}],"replies":[{"embeddable":true,"href":"https:\/\/perfectmass.net\/co\/wp-json\/wp\/v2\/comments?post=24277"}],"version-history":[{"count":1,"href":"https:\/\/perfectmass.net\/co\/wp-json\/wp\/v2\/product\/24277\/revisions"}],"predecessor-version":[{"id":29080,"href":"https:\/\/perfectmass.net\/co\/wp-json\/wp\/v2\/product\/24277\/revisions\/29080"}],"wp:featuredmedia":[{"embeddable":true,"href":"https:\/\/perfectmass.net\/co\/wp-json\/wp\/v2\/media\/24278"}],"wp:attachment":[{"href":"https:\/\/perfectmass.net\/co\/wp-json\/wp\/v2\/media?parent=24277"}],"wp:term":[{"taxonomy":"brand","embeddable":true,"href":"https:\/\/perfectmass.net\/co\/wp-json\/wp\/v2\/etheme_brands?post=24277"},{"taxonomy":"product_brand","embeddable":true,"href":"https:\/\/perfectmass.net\/co\/wp-json\/wp\/v2\/product_brand?post=24277"},{"taxonomy":"product_cat","embeddable":true,"href":"https:\/\/perfectmass.net\/co\/wp-json\/wp\/v2\/product_cat?post=24277"},{"taxonomy":"product_tag","embeddable":true,"href":"https:\/\/perfectmass.net\/co\/wp-json\/wp\/v2\/product_tag?post=24277"}],"curies":[{"name":"wp","href":"https:\/\/api.w.org\/{rel}","templated":true}]}}