{"id":24249,"date":"2025-11-26T17:54:09","date_gmt":"2025-11-26T22:54:09","guid":{"rendered":"https:\/\/perfectmass.net\/sin%20categor\u00eda\/macroblends-greens-mix\/"},"modified":"2026-04-23T13:05:16","modified_gmt":"2026-04-23T18:05:16","slug":"macroblends-greens-mix","status":"publish","type":"product","link":"https:\/\/perfectmass.net\/co\/nutricion\/suplementos\/macroblends-greens-mix\/","title":{"rendered":"Green&#8217;s Mix &#8211; Greens y Superfoods Macroblends"},"content":{"rendered":"<p><strong>Green&#8217;s Mix &#8211; Greens y Superfoods Macroblends<\/strong><\/p>\n<p>Green&#8217;s Mix &#8211; Greens y Superfoods Macroblends<\/p>\n<p>Mezcla de superalimentos, vegetales y micronutrientes para apoyar el bienestar general, la digesti\u00f3n y el sistema inmune.<\/p>\n","protected":false},"excerpt":{"rendered":"<p>Superfood con vegetales y nutrientes para bienestar y salud.<\/p>\n","protected":false},"featured_media":24250,"comment_status":"open","ping_status":"closed","template":"","meta":[],"etheme_brands":[{"term_id":2591,"name":"Macroblends","slug":"macroblends","term_group":0,"term_taxonomy_id":2591,"taxonomy":"brand","description":"<strong data-start=\"235\" data-end=\"260\">MacroBlends:<\/strong> es una marca reconocida por su compromiso con la calidad, la innovaci\u00f3n y el rendimiento dentro del mundo de la nutrici\u00f3n deportiva. Sus productos est\u00e1n desarrollados para ayudar a deportistas y personas activas a mejorar su recuperaci\u00f3n, aumentar su energ\u00eda y alcanzar sus objetivos de forma segura y efectiva. En PerfectMassNutrition\u00ae seleccionamos lo mejor de MacroBlends para ofrecerte suplementos confiables, con excelentes ingredientes y resultados comprobados, disponibles para toda Colombia y Latinoam\u00e9rica.","parent":0,"count":8,"filter":"raw"}],"product_brand":[2772],"product_cat":[1499,1548],"product_tag":[1585],"class_list":{"0":"post-24249","1":"product","2":"type-product","3":"status-publish","4":"has-post-thumbnail","6":"brand-macroblends","7":"product_brand-macroblends","8":"product_cat-nutricion","9":"product_cat-suplementos","10":"product_tag-suplemento","12":"first","13":"instock","14":"sale","15":"taxable","16":"shipping-taxable","17":"purchasable","18":"product-type-variable","19":"has-default-attributes"},"_links":{"self":[{"href":"https:\/\/perfectmass.net\/co\/wp-json\/wp\/v2\/product\/24249","targetHints":{"allow":["GET"]}}],"collection":[{"href":"https:\/\/perfectmass.net\/co\/wp-json\/wp\/v2\/product"}],"about":[{"href":"https:\/\/perfectmass.net\/co\/wp-json\/wp\/v2\/types\/product"}],"replies":[{"embeddable":true,"href":"https:\/\/perfectmass.net\/co\/wp-json\/wp\/v2\/comments?post=24249"}],"version-history":[{"count":1,"href":"https:\/\/perfectmass.net\/co\/wp-json\/wp\/v2\/product\/24249\/revisions"}],"predecessor-version":[{"id":29066,"href":"https:\/\/perfectmass.net\/co\/wp-json\/wp\/v2\/product\/24249\/revisions\/29066"}],"wp:featuredmedia":[{"embeddable":true,"href":"https:\/\/perfectmass.net\/co\/wp-json\/wp\/v2\/media\/24250"}],"wp:attachment":[{"href":"https:\/\/perfectmass.net\/co\/wp-json\/wp\/v2\/media?parent=24249"}],"wp:term":[{"taxonomy":"brand","embeddable":true,"href":"https:\/\/perfectmass.net\/co\/wp-json\/wp\/v2\/etheme_brands?post=24249"},{"taxonomy":"product_brand","embeddable":true,"href":"https:\/\/perfectmass.net\/co\/wp-json\/wp\/v2\/product_brand?post=24249"},{"taxonomy":"product_cat","embeddable":true,"href":"https:\/\/perfectmass.net\/co\/wp-json\/wp\/v2\/product_cat?post=24249"},{"taxonomy":"product_tag","embeddable":true,"href":"https:\/\/perfectmass.net\/co\/wp-json\/wp\/v2\/product_tag?post=24249"}],"curies":[{"name":"wp","href":"https:\/\/api.w.org\/{rel}","templated":true}]}}