{"id":24243,"date":"2025-11-26T17:54:10","date_gmt":"2025-11-26T22:54:10","guid":{"rendered":"https:\/\/perfectmass.net\/sin%20categor\u00eda\/yohimbine-quemador-de-grasa-insane-labz\/"},"modified":"2026-04-23T13:05:15","modified_gmt":"2026-04-23T18:05:15","slug":"yohimbine-quemador-de-grasa-insane-labz","status":"publish","type":"product","link":"https:\/\/perfectmass.net\/co\/nutricion\/suplementos\/control-peso\/perdida\/yohimbine-quemador-de-grasa-insane-labz\/","title":{"rendered":"Yohimbine &#8211; Quemador de Grasa Insane Labz"},"content":{"rendered":"<h2>Yohimbine &#8211; Quemador de Grasa Insane Labz<\/h2>\n<p>La yohimbina ha sido reconocida durante mucho tiempo por su potencial para aumentar la energ\u00eda y quemar grasa. Ahora, Insane Labz ofrece c\u00e1psulas de clorhidrato de yohimbina pura.<\/p>\n<p>2.5 mg\/c\u00e1psula | 1 c\u00e1psula\/porci\u00f3n | 120 porciones\/frasco<br \/>\nFAVORECE LA P\u00c9RDIDA DE GRASA: El clorhidrato de yohimbina, un compuesto presente en la corteza del \u00e1rbol de yohimbe, ha demostrado acelerar el metabolismo, ayudar a mantener un peso saludable y reducir la masa grasa.<br \/>\nMEJORA EL RENDIMIENTO: Se ha informado que los suplementos de yohimbina ayudan a mejorar el rendimiento y potenciar el entrenamiento.<\/p>\n<div id=\"attachment_15522\" style=\"width: 310px\" class=\"wp-caption alignnone\"><img fetchpriority=\"high\" decoding=\"async\" aria-describedby=\"caption-attachment-15522\" class=\"size-medium wp-image-15522\" src=\"https:\/\/perfectmass.net\/wp-content\/uploads\/2025\/11\/YohimineHCL_Front_650x650copy-300x300.jpg\" alt=\"Yohimbine - Quemador de Grasa Insane Labz\" width=\"300\" height=\"300\" title=\"\" srcset=\"https:\/\/perfectmass.net\/wp-content\/uploads\/2025\/11\/YohimineHCL_Front_650x650copy-300x300.jpg 300w, https:\/\/perfectmass.net\/wp-content\/uploads\/2025\/11\/YohimineHCL_Front_650x650copy-150x150.jpg 150w, https:\/\/perfectmass.net\/wp-content\/uploads\/2025\/11\/YohimineHCL_Front_650x650copy-445x445.jpg 445w, https:\/\/perfectmass.net\/wp-content\/uploads\/2025\/11\/YohimineHCL_Front_650x650copy-100x100.jpg 100w, https:\/\/perfectmass.net\/wp-content\/uploads\/2025\/11\/YohimineHCL_Front_650x650copy-1x1.jpg 1w, https:\/\/perfectmass.net\/wp-content\/uploads\/2025\/11\/YohimineHCL_Front_650x650copy-10x10.jpg 10w, https:\/\/perfectmass.net\/wp-content\/uploads\/2025\/11\/YohimineHCL_Front_650x650copy.jpg 650w\" sizes=\"(max-width: 300px) 100vw, 300px\" \/><p id=\"caption-attachment-15522\" class=\"wp-caption-text\">Yohimbine &#8211; Quemador de Grasa <a href=\"https:\/\/insanelabz.com\/\" target=\"_blank\" rel=\"noopener\">Insane Labz<\/a><\/p><\/div>\n<p>Visitar <a href=\"http:\/\/PerfectMass.net\" target=\"_blank\" rel=\"noopener\">PerfectMass.net<\/a><\/p>\n","protected":false},"excerpt":{"rendered":"<p>Soporte diario para tus objetivos de rendimiento.<\/p>\n","protected":false},"featured_media":24244,"comment_status":"open","ping_status":"closed","template":"","meta":[],"etheme_brands":[{"term_id":2576,"name":"Insane Labz","slug":"insane-labz","term_group":0,"term_taxonomy_id":2576,"taxonomy":"brand","description":"<strong data-start=\"235\" data-end=\"260\">Insane Labz:<\/strong> es una marca reconocida por su compromiso con la calidad, la innovaci\u00f3n y el rendimiento dentro del mundo de la nutrici\u00f3n deportiva. Sus productos est\u00e1n desarrollados para ayudar a deportistas y personas activas a mejorar su recuperaci\u00f3n, aumentar su energ\u00eda y alcanzar sus objetivos de forma segura y efectiva. En PerfectMassNutrition\u00ae seleccionamos lo mejor de Insane Labz para ofrecerte suplementos confiables, con excelentes ingredientes y resultados comprobados, disponibles para toda Colombia y Latinoam\u00e9rica.","parent":0,"count":32,"filter":"raw"}],"product_brand":[2760],"product_cat":[1522,1523,1524,1548,1555],"product_tag":[1585],"class_list":{"0":"post-24243","1":"product","2":"type-product","3":"status-publish","4":"has-post-thumbnail","6":"brand-insane-labz","7":"product_brand-insane-labz","8":"product_cat-mas-vendidos","9":"product_cat-novedades","10":"product_cat-ofertas","11":"product_cat-suplementos","12":"product_cat-perdida","13":"product_tag-suplemento","15":"first","16":"instock","17":"sale","18":"taxable","19":"shipping-taxable","20":"purchasable","21":"product-type-variable","22":"has-default-attributes"},"_links":{"self":[{"href":"https:\/\/perfectmass.net\/co\/wp-json\/wp\/v2\/product\/24243","targetHints":{"allow":["GET"]}}],"collection":[{"href":"https:\/\/perfectmass.net\/co\/wp-json\/wp\/v2\/product"}],"about":[{"href":"https:\/\/perfectmass.net\/co\/wp-json\/wp\/v2\/types\/product"}],"replies":[{"embeddable":true,"href":"https:\/\/perfectmass.net\/co\/wp-json\/wp\/v2\/comments?post=24243"}],"version-history":[{"count":1,"href":"https:\/\/perfectmass.net\/co\/wp-json\/wp\/v2\/product\/24243\/revisions"}],"predecessor-version":[{"id":29061,"href":"https:\/\/perfectmass.net\/co\/wp-json\/wp\/v2\/product\/24243\/revisions\/29061"}],"wp:featuredmedia":[{"embeddable":true,"href":"https:\/\/perfectmass.net\/co\/wp-json\/wp\/v2\/media\/24244"}],"wp:attachment":[{"href":"https:\/\/perfectmass.net\/co\/wp-json\/wp\/v2\/media?parent=24243"}],"wp:term":[{"taxonomy":"brand","embeddable":true,"href":"https:\/\/perfectmass.net\/co\/wp-json\/wp\/v2\/etheme_brands?post=24243"},{"taxonomy":"product_brand","embeddable":true,"href":"https:\/\/perfectmass.net\/co\/wp-json\/wp\/v2\/product_brand?post=24243"},{"taxonomy":"product_cat","embeddable":true,"href":"https:\/\/perfectmass.net\/co\/wp-json\/wp\/v2\/product_cat?post=24243"},{"taxonomy":"product_tag","embeddable":true,"href":"https:\/\/perfectmass.net\/co\/wp-json\/wp\/v2\/product_tag?post=24243"}],"curies":[{"name":"wp","href":"https:\/\/api.w.org\/{rel}","templated":true}]}}