{"id":24225,"date":"2025-11-26T17:54:10","date_gmt":"2025-11-26T22:54:10","guid":{"rendered":"https:\/\/perfectmass.net\/sin%20categor\u00eda\/hi-tech-collagen-peptides\/"},"modified":"2026-04-23T13:05:08","modified_gmt":"2026-04-23T18:05:08","slug":"hi-tech-collagen-peptides","status":"publish","type":"product","link":"https:\/\/perfectmass.net\/co\/nutricion\/suplementos\/colageno\/hi-tech-collagen-peptides\/","title":{"rendered":"Collagen Peptides &#8211; Hi-Tech"},"content":{"rendered":"<p><strong>Collagen Peptides &#8211; Hi-Tech<\/strong><\/p>\n<p>Collagen Peptides<\/p>\n<p>Col\u00e1geno hidrolizado para apoyar la salud articular, la recuperaci\u00f3n de tejidos y la elasticidad de la piel.<\/p>\n","protected":false},"excerpt":{"rendered":"<p>Salud articular<\/p>\n","protected":false},"featured_media":24226,"comment_status":"open","ping_status":"closed","template":"","meta":[],"etheme_brands":[{"term_id":2569,"name":"Hi-Tech","slug":"hi-tech","term_group":0,"term_taxonomy_id":2569,"taxonomy":"brand","description":"<strong data-start=\"235\" data-end=\"260\">Hi-Tech:<\/strong> es una marca reconocida por su compromiso con la calidad, la innovaci\u00f3n y el rendimiento dentro del mundo de la nutrici\u00f3n deportiva. Sus productos est\u00e1n desarrollados para ayudar a deportistas y personas activas a mejorar su recuperaci\u00f3n, aumentar su energ\u00eda y alcanzar sus objetivos de forma segura y efectiva. En PerfectMassNutrition\u00ae seleccionamos lo mejor de Hi-Tech para ofrecerte suplementos confiables, con excelentes ingredientes y resultados comprobados, disponibles para toda Colombia y Latinoam\u00e9rica.","parent":0,"count":18,"filter":"raw"}],"product_brand":[2784],"product_cat":[1549,1547],"product_tag":[1585],"class_list":{"0":"post-24225","1":"product","2":"type-product","3":"status-publish","4":"has-post-thumbnail","6":"brand-hi-tech","7":"product_brand-hi-tech","8":"product_cat-colageno","9":"product_cat-salud","10":"product_tag-suplemento","12":"first","13":"instock","14":"sale","15":"taxable","16":"shipping-taxable","17":"purchasable","18":"product-type-variable","19":"has-default-attributes"},"_links":{"self":[{"href":"https:\/\/perfectmass.net\/co\/wp-json\/wp\/v2\/product\/24225","targetHints":{"allow":["GET"]}}],"collection":[{"href":"https:\/\/perfectmass.net\/co\/wp-json\/wp\/v2\/product"}],"about":[{"href":"https:\/\/perfectmass.net\/co\/wp-json\/wp\/v2\/types\/product"}],"replies":[{"embeddable":true,"href":"https:\/\/perfectmass.net\/co\/wp-json\/wp\/v2\/comments?post=24225"}],"version-history":[{"count":1,"href":"https:\/\/perfectmass.net\/co\/wp-json\/wp\/v2\/product\/24225\/revisions"}],"predecessor-version":[{"id":29041,"href":"https:\/\/perfectmass.net\/co\/wp-json\/wp\/v2\/product\/24225\/revisions\/29041"}],"wp:featuredmedia":[{"embeddable":true,"href":"https:\/\/perfectmass.net\/co\/wp-json\/wp\/v2\/media\/24226"}],"wp:attachment":[{"href":"https:\/\/perfectmass.net\/co\/wp-json\/wp\/v2\/media?parent=24225"}],"wp:term":[{"taxonomy":"brand","embeddable":true,"href":"https:\/\/perfectmass.net\/co\/wp-json\/wp\/v2\/etheme_brands?post=24225"},{"taxonomy":"product_brand","embeddable":true,"href":"https:\/\/perfectmass.net\/co\/wp-json\/wp\/v2\/product_brand?post=24225"},{"taxonomy":"product_cat","embeddable":true,"href":"https:\/\/perfectmass.net\/co\/wp-json\/wp\/v2\/product_cat?post=24225"},{"taxonomy":"product_tag","embeddable":true,"href":"https:\/\/perfectmass.net\/co\/wp-json\/wp\/v2\/product_tag?post=24225"}],"curies":[{"name":"wp","href":"https:\/\/api.w.org\/{rel}","templated":true}]}}