{"id":24213,"date":"2025-11-26T17:54:10","date_gmt":"2025-11-26T22:54:10","guid":{"rendered":"https:\/\/perfectmass.net\/sin%20categor\u00eda\/nutramerican-pharma-upn-nutra-balance\/"},"modified":"2026-04-23T13:05:04","modified_gmt":"2026-04-23T18:05:04","slug":"nutramerican-pharma-upn-nutra-balance","status":"publish","type":"product","link":"https:\/\/perfectmass.net\/co\/sin categor\u00eda\/nutramerican-pharma-upn-nutra-balance\/","title":{"rendered":"Upn Nutra Balance &#8211; Vitaminas y Minerales Nutramerican Pharma"},"content":{"rendered":"<p><strong>Upn Nutra Balance &#8211; Nutramerican Pharma<\/strong><\/p>\n<p>Suplemento formulado para complementar tu plan de nutrici\u00f3n deportiva.<\/p>\n","protected":false},"excerpt":{"rendered":"<p>Suplementaci\u00f3n de calidad para tu rendimiento diario.<\/p>\n","protected":false},"featured_media":24214,"comment_status":"open","ping_status":"closed","template":"","meta":[],"etheme_brands":[{"term_id":2606,"name":"Nutramerican Pharma","slug":"nutramerican-pharma","term_group":0,"term_taxonomy_id":2606,"taxonomy":"brand","description":"<strong data-start=\"235\" data-end=\"260\">Nutramerican Pharma:<\/strong> es una marca reconocida por su compromiso con la calidad, la innovaci\u00f3n y el rendimiento dentro del mundo de la nutrici\u00f3n deportiva. Sus productos est\u00e1n desarrollados para ayudar a deportistas y personas activas a mejorar su recuperaci\u00f3n, aumentar su energ\u00eda y alcanzar sus objetivos de forma segura y efectiva. En PerfectMassNutrition\u00ae seleccionamos lo mejor de Nutramerican Pharma para ofrecerte suplementos confiables, con excelentes ingredientes y resultados comprobados, disponibles para toda Colombia y Latinoam\u00e9rica.","parent":0,"count":24,"filter":"raw"}],"product_brand":[2709],"product_cat":[],"product_tag":[1585],"class_list":{"0":"post-24213","1":"product","2":"type-product","3":"status-publish","4":"has-post-thumbnail","6":"brand-nutramerican-pharma","7":"product_brand-nutramerican-pharma","8":"product_tag-suplemento","10":"first","11":"instock","12":"sale","13":"taxable","14":"shipping-taxable","15":"purchasable","16":"product-type-variable","17":"has-default-attributes"},"_links":{"self":[{"href":"https:\/\/perfectmass.net\/co\/wp-json\/wp\/v2\/product\/24213","targetHints":{"allow":["GET"]}}],"collection":[{"href":"https:\/\/perfectmass.net\/co\/wp-json\/wp\/v2\/product"}],"about":[{"href":"https:\/\/perfectmass.net\/co\/wp-json\/wp\/v2\/types\/product"}],"replies":[{"embeddable":true,"href":"https:\/\/perfectmass.net\/co\/wp-json\/wp\/v2\/comments?post=24213"}],"version-history":[{"count":1,"href":"https:\/\/perfectmass.net\/co\/wp-json\/wp\/v2\/product\/24213\/revisions"}],"predecessor-version":[{"id":29027,"href":"https:\/\/perfectmass.net\/co\/wp-json\/wp\/v2\/product\/24213\/revisions\/29027"}],"wp:featuredmedia":[{"embeddable":true,"href":"https:\/\/perfectmass.net\/co\/wp-json\/wp\/v2\/media\/24214"}],"wp:attachment":[{"href":"https:\/\/perfectmass.net\/co\/wp-json\/wp\/v2\/media?parent=24213"}],"wp:term":[{"taxonomy":"brand","embeddable":true,"href":"https:\/\/perfectmass.net\/co\/wp-json\/wp\/v2\/etheme_brands?post=24213"},{"taxonomy":"product_brand","embeddable":true,"href":"https:\/\/perfectmass.net\/co\/wp-json\/wp\/v2\/product_brand?post=24213"},{"taxonomy":"product_cat","embeddable":true,"href":"https:\/\/perfectmass.net\/co\/wp-json\/wp\/v2\/product_cat?post=24213"},{"taxonomy":"product_tag","embeddable":true,"href":"https:\/\/perfectmass.net\/co\/wp-json\/wp\/v2\/product_tag?post=24213"}],"curies":[{"name":"wp","href":"https:\/\/api.w.org\/{rel}","templated":true}]}}