{"id":24199,"date":"2025-11-26T17:54:10","date_gmt":"2025-11-26T22:54:10","guid":{"rendered":"https:\/\/perfectmass.net\/sin%20categor\u00eda\/vitanas-isolate-army\/"},"modified":"2026-05-02T04:34:36","modified_gmt":"2026-05-02T09:34:36","slug":"vitanas-isolate-army","status":"publish","type":"product","link":"https:\/\/perfectmass.net\/co\/nutricion\/proteina\/aislada\/vitanas-isolate-army\/","title":{"rendered":"Isolate Army &#8211; Vitanas"},"content":{"rendered":"<p><strong>Isolate Army &#8211; Vitanas<\/strong><\/p>\n<p>Isolate Army<\/p>\n<p>Prote\u00edna de alta calidad dise\u00f1ada para apoyar la recuperaci\u00f3n y el desarrollo muscular. Aporta amino\u00e1cidos esenciales de r\u00e1pida absorci\u00f3n, ideales para despu\u00e9s del entrenamiento.<\/p>\n","protected":false},"excerpt":{"rendered":"<p>Prote\u00edna de suero para favorecer la recuperaci\u00f3n y el crecimiento muscular.<\/p>\n","protected":false},"featured_media":24200,"comment_status":"open","ping_status":"closed","template":"","meta":[],"etheme_brands":[{"term_id":2641,"name":"Vitanas","slug":"vitanas","term_group":0,"term_taxonomy_id":2641,"taxonomy":"brand","description":"","parent":0,"count":10,"filter":"raw"}],"product_brand":[2752],"product_cat":[3646],"product_tag":[1585],"class_list":{"0":"post-24199","1":"product","2":"type-product","3":"status-publish","4":"has-post-thumbnail","6":"brand-vitanas","7":"product_brand-vitanas","8":"product_cat-aislada","9":"product_tag-suplemento","11":"first","12":"instock","13":"sale","14":"taxable","15":"shipping-taxable","16":"purchasable","17":"product-type-variable","18":"has-default-attributes"},"_links":{"self":[{"href":"https:\/\/perfectmass.net\/co\/wp-json\/wp\/v2\/product\/24199","targetHints":{"allow":["GET"]}}],"collection":[{"href":"https:\/\/perfectmass.net\/co\/wp-json\/wp\/v2\/product"}],"about":[{"href":"https:\/\/perfectmass.net\/co\/wp-json\/wp\/v2\/types\/product"}],"replies":[{"embeddable":true,"href":"https:\/\/perfectmass.net\/co\/wp-json\/wp\/v2\/comments?post=24199"}],"version-history":[{"count":1,"href":"https:\/\/perfectmass.net\/co\/wp-json\/wp\/v2\/product\/24199\/revisions"}],"predecessor-version":[{"id":29018,"href":"https:\/\/perfectmass.net\/co\/wp-json\/wp\/v2\/product\/24199\/revisions\/29018"}],"wp:featuredmedia":[{"embeddable":true,"href":"https:\/\/perfectmass.net\/co\/wp-json\/wp\/v2\/media\/24200"}],"wp:attachment":[{"href":"https:\/\/perfectmass.net\/co\/wp-json\/wp\/v2\/media?parent=24199"}],"wp:term":[{"taxonomy":"brand","embeddable":true,"href":"https:\/\/perfectmass.net\/co\/wp-json\/wp\/v2\/etheme_brands?post=24199"},{"taxonomy":"product_brand","embeddable":true,"href":"https:\/\/perfectmass.net\/co\/wp-json\/wp\/v2\/product_brand?post=24199"},{"taxonomy":"product_cat","embeddable":true,"href":"https:\/\/perfectmass.net\/co\/wp-json\/wp\/v2\/product_cat?post=24199"},{"taxonomy":"product_tag","embeddable":true,"href":"https:\/\/perfectmass.net\/co\/wp-json\/wp\/v2\/product_tag?post=24199"}],"curies":[{"name":"wp","href":"https:\/\/api.w.org\/{rel}","templated":true}]}}