{"id":24113,"date":"2025-11-26T17:54:12","date_gmt":"2025-11-26T22:54:12","guid":{"rendered":"https:\/\/perfectmass.net\/sin%20categor\u00eda\/ronnie-coleman-l-carnitine-xs-3000\/"},"modified":"2026-04-23T13:04:51","modified_gmt":"2026-04-23T18:04:51","slug":"ronnie-coleman-l-carnitine-xs-3000","status":"publish","type":"product","link":"https:\/\/perfectmass.net\/co\/nutricion\/suplementos\/control-peso\/perdida\/ronnie-coleman-l-carnitine-xs-3000\/","title":{"rendered":"L-Carnitine XS 3000 &#8211; Amino\u00e1cidos Ronnie Coleman"},"content":{"rendered":"<p><strong>L-Carnitine XS 3000 &#8211; Amino\u00e1cidos Ronnie Coleman<\/strong><\/p>\n<p>L-Carnitine XS 3000 &#8211; Amino\u00e1cidos Ronnie Coleman<\/p>\n<p>Complejo de amino\u00e1cidos formulado para apoyar la recuperaci\u00f3n muscular y el rendimiento durante y despu\u00e9s del entrenamiento.<\/p>\n","protected":false},"excerpt":{"rendered":"<p>Amino\u00e1cidos esenciales para recuperaci\u00f3n y rendimiento muscular.<\/p>\n","protected":false},"featured_media":24115,"comment_status":"open","ping_status":"closed","template":"","meta":[],"etheme_brands":[{"term_id":2624,"name":"Ronnie Coleman","slug":"ronnie-coleman","term_group":0,"term_taxonomy_id":2624,"taxonomy":"brand","description":"","parent":0,"count":4,"filter":"raw"}],"product_brand":[2725],"product_cat":[1517,1555],"product_tag":[1585],"class_list":{"0":"post-24113","1":"product","2":"type-product","3":"status-publish","4":"has-post-thumbnail","6":"brand-ronnie-coleman","7":"product_brand-ronnie-coleman","8":"product_cat-l-carnitina","9":"product_cat-perdida","10":"product_tag-suplemento","12":"first","13":"outofstock","14":"sale","15":"taxable","16":"shipping-taxable","17":"purchasable","18":"product-type-variable","19":"has-default-attributes"},"_links":{"self":[{"href":"https:\/\/perfectmass.net\/co\/wp-json\/wp\/v2\/product\/24113","targetHints":{"allow":["GET"]}}],"collection":[{"href":"https:\/\/perfectmass.net\/co\/wp-json\/wp\/v2\/product"}],"about":[{"href":"https:\/\/perfectmass.net\/co\/wp-json\/wp\/v2\/types\/product"}],"replies":[{"embeddable":true,"href":"https:\/\/perfectmass.net\/co\/wp-json\/wp\/v2\/comments?post=24113"}],"version-history":[{"count":1,"href":"https:\/\/perfectmass.net\/co\/wp-json\/wp\/v2\/product\/24113\/revisions"}],"predecessor-version":[{"id":28954,"href":"https:\/\/perfectmass.net\/co\/wp-json\/wp\/v2\/product\/24113\/revisions\/28954"}],"wp:featuredmedia":[{"embeddable":true,"href":"https:\/\/perfectmass.net\/co\/wp-json\/wp\/v2\/media\/24115"}],"wp:attachment":[{"href":"https:\/\/perfectmass.net\/co\/wp-json\/wp\/v2\/media?parent=24113"}],"wp:term":[{"taxonomy":"brand","embeddable":true,"href":"https:\/\/perfectmass.net\/co\/wp-json\/wp\/v2\/etheme_brands?post=24113"},{"taxonomy":"product_brand","embeddable":true,"href":"https:\/\/perfectmass.net\/co\/wp-json\/wp\/v2\/product_brand?post=24113"},{"taxonomy":"product_cat","embeddable":true,"href":"https:\/\/perfectmass.net\/co\/wp-json\/wp\/v2\/product_cat?post=24113"},{"taxonomy":"product_tag","embeddable":true,"href":"https:\/\/perfectmass.net\/co\/wp-json\/wp\/v2\/product_tag?post=24113"}],"curies":[{"name":"wp","href":"https:\/\/api.w.org\/{rel}","templated":true}]}}