{"id":24079,"date":"2025-11-26T17:54:12","date_gmt":"2025-11-26T22:54:12","guid":{"rendered":"https:\/\/perfectmass.net\/sin%20categor\u00eda\/hi-tech-lipodrene-hardcore\/"},"modified":"2026-04-23T13:04:45","modified_gmt":"2026-04-23T18:04:45","slug":"hi-tech-lipodrene-hardcore","status":"publish","type":"product","link":"https:\/\/perfectmass.net\/co\/nutricion\/suplementos\/control-peso\/perdida\/hi-tech-lipodrene-hardcore\/","title":{"rendered":"Lipodrene Hardcore &#8211; Hi-Tech"},"content":{"rendered":"<p>Hitech Pharm Lipodrene Hardcore es la versi\u00f3n m\u00e1s fuerte de la l\u00ednea Lipodrene, formulada para resultados extremos de quema de grasa. Esta f\u00f3rmula hardcore incluye todos los ingredientes termog\u00e9nicos m\u00e1s potentes en dosis avanzadas. La ephedra extract en concentraci\u00f3n m\u00e1xima acelera tu metabolismo a niveles extraordinarios. Las calor\u00edas se queman de forma agresiva durante todo el d\u00eda, incluso mientras duermes. Esta versi\u00f3n hardcore tambi\u00e9n incluye estimulantes adicionales que aumentan la termog\u00e9nesis y la lip\u00f3lisis (descomposici\u00f3n de grasa). El supresor de apetito es extremo &#8211; te ayudar\u00e1 a mantener d\u00e9ficits cal\u00f3ricos severos sin sentir que te est\u00e1s muriendo de hambre. La energ\u00eda que proporciona es sostenida durante horas, ideal para entrenamientos intensos mientras est\u00e1s en dieta. Los resultados son tan potentes que debes combinarlo con nutrici\u00f3n adecuada o riesgo perder masa muscular. Este producto es solo para usuarios experimentados que entienden c\u00f3mo usar estimulantes potentes. Producto profesional que requiere responsabilidad en el uso. La m\u00e1xima potencia termog\u00e9nica para objetivos extremos de definici\u00f3n. Solo para atletas serios sobre p\u00e9rdida de peso. Puede proporcionar resultados dram\u00e1ticos cuando se usa correctamente.<\/p>\n","protected":false},"excerpt":{"rendered":"<p>Quema grasa m\u00e1xima<\/p>\n","protected":false},"featured_media":24080,"comment_status":"open","ping_status":"closed","template":"","meta":[],"etheme_brands":[{"term_id":2569,"name":"Hi-Tech","slug":"hi-tech","term_group":0,"term_taxonomy_id":2569,"taxonomy":"brand","description":"<strong data-start=\"235\" data-end=\"260\">Hi-Tech:<\/strong> es una marca reconocida por su compromiso con la calidad, la innovaci\u00f3n y el rendimiento dentro del mundo de la nutrici\u00f3n deportiva. Sus productos est\u00e1n desarrollados para ayudar a deportistas y personas activas a mejorar su recuperaci\u00f3n, aumentar su energ\u00eda y alcanzar sus objetivos de forma segura y efectiva. En PerfectMassNutrition\u00ae seleccionamos lo mejor de Hi-Tech para ofrecerte suplementos confiables, con excelentes ingredientes y resultados comprobados, disponibles para toda Colombia y Latinoam\u00e9rica.","parent":0,"count":18,"filter":"raw"}],"product_brand":[2784],"product_cat":[1553,1555],"product_tag":[1585],"class_list":{"0":"post-24079","1":"product","2":"type-product","3":"status-publish","4":"has-post-thumbnail","6":"brand-hi-tech","7":"product_brand-hi-tech","8":"product_cat-control-peso","9":"product_cat-perdida","10":"product_tag-suplemento","12":"first","13":"instock","14":"sale","15":"taxable","16":"shipping-taxable","17":"purchasable","18":"product-type-variable","19":"has-default-attributes"},"_links":{"self":[{"href":"https:\/\/perfectmass.net\/co\/wp-json\/wp\/v2\/product\/24079","targetHints":{"allow":["GET"]}}],"collection":[{"href":"https:\/\/perfectmass.net\/co\/wp-json\/wp\/v2\/product"}],"about":[{"href":"https:\/\/perfectmass.net\/co\/wp-json\/wp\/v2\/types\/product"}],"replies":[{"embeddable":true,"href":"https:\/\/perfectmass.net\/co\/wp-json\/wp\/v2\/comments?post=24079"}],"version-history":[{"count":1,"href":"https:\/\/perfectmass.net\/co\/wp-json\/wp\/v2\/product\/24079\/revisions"}],"predecessor-version":[{"id":28945,"href":"https:\/\/perfectmass.net\/co\/wp-json\/wp\/v2\/product\/24079\/revisions\/28945"}],"wp:featuredmedia":[{"embeddable":true,"href":"https:\/\/perfectmass.net\/co\/wp-json\/wp\/v2\/media\/24080"}],"wp:attachment":[{"href":"https:\/\/perfectmass.net\/co\/wp-json\/wp\/v2\/media?parent=24079"}],"wp:term":[{"taxonomy":"brand","embeddable":true,"href":"https:\/\/perfectmass.net\/co\/wp-json\/wp\/v2\/etheme_brands?post=24079"},{"taxonomy":"product_brand","embeddable":true,"href":"https:\/\/perfectmass.net\/co\/wp-json\/wp\/v2\/product_brand?post=24079"},{"taxonomy":"product_cat","embeddable":true,"href":"https:\/\/perfectmass.net\/co\/wp-json\/wp\/v2\/product_cat?post=24079"},{"taxonomy":"product_tag","embeddable":true,"href":"https:\/\/perfectmass.net\/co\/wp-json\/wp\/v2\/product_tag?post=24079"}],"curies":[{"name":"wp","href":"https:\/\/api.w.org\/{rel}","templated":true}]}}