{"id":24025,"date":"2025-11-26T17:54:13","date_gmt":"2025-11-26T22:54:13","guid":{"rendered":"https:\/\/perfectmass.net\/sin%20categor\u00eda\/sascha-fitness-fit-9-generico\/"},"modified":"2026-04-23T13:04:38","modified_gmt":"2026-04-23T18:04:38","slug":"sascha-fitness-fit-9-generico","status":"publish","type":"product","link":"https:\/\/perfectmass.net\/co\/nutricion\/suplementos\/sascha-fitness-fit-9-generico\/","title":{"rendered":"Fit 9 Generico &#8211; Adapt\u00f3genos Sascha Fitness"},"content":{"rendered":"<p><strong>Fit 9 Generico &#8211; Adapt\u00f3genos Sascha Fitness<\/strong><\/p>\n<p>Fit 9 Generico &#8211; Adapt\u00f3genos Sascha Fitness<\/p>\n<p>Extracto adaptog\u00e9nico de alta calidad para apoyar la respuesta al estr\u00e9s, el rendimiento f\u00edsico y el bienestar general.<\/p>\n","protected":false},"excerpt":{"rendered":"<p>Adapt\u00f3geno natural para reducir el estr\u00e9s y mejorar el rendimiento.<\/p>\n","protected":false},"featured_media":24026,"comment_status":"open","ping_status":"closed","template":"","meta":[],"etheme_brands":[{"term_id":2631,"name":"Sascha Fitness","slug":"sascha-fitness","term_group":0,"term_taxonomy_id":2631,"taxonomy":"brand","description":"","parent":0,"count":5,"filter":"raw"}],"product_brand":[2733],"product_cat":[1499,1548],"product_tag":[1585],"class_list":{"0":"post-24025","1":"product","2":"type-product","3":"status-publish","4":"has-post-thumbnail","6":"brand-sascha-fitness","7":"product_brand-sascha-fitness","8":"product_cat-nutricion","9":"product_cat-suplementos","10":"product_tag-suplemento","12":"first","13":"instock","14":"sale","15":"taxable","16":"shipping-taxable","17":"purchasable","18":"product-type-variable","19":"has-default-attributes"},"_links":{"self":[{"href":"https:\/\/perfectmass.net\/co\/wp-json\/wp\/v2\/product\/24025","targetHints":{"allow":["GET"]}}],"collection":[{"href":"https:\/\/perfectmass.net\/co\/wp-json\/wp\/v2\/product"}],"about":[{"href":"https:\/\/perfectmass.net\/co\/wp-json\/wp\/v2\/types\/product"}],"replies":[{"embeddable":true,"href":"https:\/\/perfectmass.net\/co\/wp-json\/wp\/v2\/comments?post=24025"}],"version-history":[{"count":1,"href":"https:\/\/perfectmass.net\/co\/wp-json\/wp\/v2\/product\/24025\/revisions"}],"predecessor-version":[{"id":28898,"href":"https:\/\/perfectmass.net\/co\/wp-json\/wp\/v2\/product\/24025\/revisions\/28898"}],"wp:featuredmedia":[{"embeddable":true,"href":"https:\/\/perfectmass.net\/co\/wp-json\/wp\/v2\/media\/24026"}],"wp:attachment":[{"href":"https:\/\/perfectmass.net\/co\/wp-json\/wp\/v2\/media?parent=24025"}],"wp:term":[{"taxonomy":"brand","embeddable":true,"href":"https:\/\/perfectmass.net\/co\/wp-json\/wp\/v2\/etheme_brands?post=24025"},{"taxonomy":"product_brand","embeddable":true,"href":"https:\/\/perfectmass.net\/co\/wp-json\/wp\/v2\/product_brand?post=24025"},{"taxonomy":"product_cat","embeddable":true,"href":"https:\/\/perfectmass.net\/co\/wp-json\/wp\/v2\/product_cat?post=24025"},{"taxonomy":"product_tag","embeddable":true,"href":"https:\/\/perfectmass.net\/co\/wp-json\/wp\/v2\/product_tag?post=24025"}],"curies":[{"name":"wp","href":"https:\/\/api.w.org\/{rel}","templated":true}]}}