{"id":24009,"date":"2025-11-26T17:54:24","date_gmt":"2025-11-26T22:54:24","guid":{"rendered":"https:\/\/perfectmass.net\/sin%20categor\u00eda\/hi-tech-mesophorm\/"},"modified":"2026-04-23T13:04:37","modified_gmt":"2026-04-23T18:04:37","slug":"hi-tech-mesophorm","status":"publish","type":"product","link":"https:\/\/perfectmass.net\/co\/nutricion\/suplementos\/hi-tech-mesophorm\/","title":{"rendered":"Mesophorm &#8211; Pre-Entreno APS Nutrition"},"content":{"rendered":"<p><strong>Mesophorm &#8211; Pre-Entreno APS Nutrition<\/strong><\/p>\n<p>Mesophorm &#8211; Pre-Entreno APS Nutrition<\/p>\n<p>F\u00f3rmula pre-entreno dise\u00f1ada para mejorar el rendimiento, la energ\u00eda y el enfoque durante los entrenamientos m\u00e1s exigentes.<\/p>\n","protected":false},"excerpt":{"rendered":"<p>Pre-entreno para potenciar energ\u00eda, fuerza y concentraci\u00f3n.<\/p>\n","protected":false},"featured_media":24010,"comment_status":"open","ping_status":"closed","template":"","meta":[],"etheme_brands":[{"term_id":2446,"name":"APS Nutrition","slug":"aps-nutrition","term_group":0,"term_taxonomy_id":2446,"taxonomy":"brand","description":"","parent":0,"count":1,"filter":"raw"}],"product_brand":[2660],"product_cat":[1499,1548],"product_tag":[1585],"class_list":{"0":"post-24009","1":"product","2":"type-product","3":"status-publish","4":"has-post-thumbnail","6":"brand-aps-nutrition","7":"product_brand-aps-nutrition","8":"product_cat-nutricion","9":"product_cat-suplementos","10":"product_tag-suplemento","12":"first","13":"outofstock","14":"sale","15":"taxable","16":"shipping-taxable","17":"purchasable","18":"product-type-variable","19":"has-default-attributes"},"_links":{"self":[{"href":"https:\/\/perfectmass.net\/co\/wp-json\/wp\/v2\/product\/24009","targetHints":{"allow":["GET"]}}],"collection":[{"href":"https:\/\/perfectmass.net\/co\/wp-json\/wp\/v2\/product"}],"about":[{"href":"https:\/\/perfectmass.net\/co\/wp-json\/wp\/v2\/types\/product"}],"replies":[{"embeddable":true,"href":"https:\/\/perfectmass.net\/co\/wp-json\/wp\/v2\/comments?post=24009"}],"version-history":[{"count":1,"href":"https:\/\/perfectmass.net\/co\/wp-json\/wp\/v2\/product\/24009\/revisions"}],"predecessor-version":[{"id":28891,"href":"https:\/\/perfectmass.net\/co\/wp-json\/wp\/v2\/product\/24009\/revisions\/28891"}],"wp:featuredmedia":[{"embeddable":true,"href":"https:\/\/perfectmass.net\/co\/wp-json\/wp\/v2\/media\/24010"}],"wp:attachment":[{"href":"https:\/\/perfectmass.net\/co\/wp-json\/wp\/v2\/media?parent=24009"}],"wp:term":[{"taxonomy":"brand","embeddable":true,"href":"https:\/\/perfectmass.net\/co\/wp-json\/wp\/v2\/etheme_brands?post=24009"},{"taxonomy":"product_brand","embeddable":true,"href":"https:\/\/perfectmass.net\/co\/wp-json\/wp\/v2\/product_brand?post=24009"},{"taxonomy":"product_cat","embeddable":true,"href":"https:\/\/perfectmass.net\/co\/wp-json\/wp\/v2\/product_cat?post=24009"},{"taxonomy":"product_tag","embeddable":true,"href":"https:\/\/perfectmass.net\/co\/wp-json\/wp\/v2\/product_tag?post=24009"}],"curies":[{"name":"wp","href":"https:\/\/api.w.org\/{rel}","templated":true}]}}