{"id":23965,"date":"2025-11-26T17:54:25","date_gmt":"2025-11-26T22:54:25","guid":{"rendered":"https:\/\/perfectmass.net\/sin%20categor\u00eda\/nutramerican-pharma-upn-gluta-stack\/"},"modified":"2026-05-02T04:33:52","modified_gmt":"2026-05-02T09:33:52","slug":"nutramerican-pharma-upn-gluta-stack","status":"publish","type":"product","link":"https:\/\/perfectmass.net\/co\/nutricion\/packs\/nutramerican-pharma-upn-gluta-stack\/","title":{"rendered":"Upn Gluta Stack &#8211; Glutamina Nutramerican Pharma"},"content":{"rendered":"<p><strong>Upn Gluta Stack &#8211; Nutramerican Pharma<\/strong><\/p>\n<p>Complemento ideal para apoyar recuperaci\u00f3n y desempe\u00f1o f\u00edsico diario.<\/p>\n","protected":false},"excerpt":{"rendered":"<p>Recuperaci\u00f3n y soporte muscular para tu rutina deportiva.<\/p>\n","protected":false},"featured_media":23966,"comment_status":"open","ping_status":"closed","template":"","meta":[],"etheme_brands":[{"term_id":2606,"name":"Nutramerican Pharma","slug":"nutramerican-pharma","term_group":0,"term_taxonomy_id":2606,"taxonomy":"brand","description":"<strong data-start=\"235\" data-end=\"260\">Nutramerican Pharma:<\/strong> es una marca reconocida por su compromiso con la calidad, la innovaci\u00f3n y el rendimiento dentro del mundo de la nutrici\u00f3n deportiva. Sus productos est\u00e1n desarrollados para ayudar a deportistas y personas activas a mejorar su recuperaci\u00f3n, aumentar su energ\u00eda y alcanzar sus objetivos de forma segura y efectiva. En PerfectMassNutrition\u00ae seleccionamos lo mejor de Nutramerican Pharma para ofrecerte suplementos confiables, con excelentes ingredientes y resultados comprobados, disponibles para toda Colombia y Latinoam\u00e9rica.","parent":0,"count":24,"filter":"raw"}],"product_brand":[2709],"product_cat":[3634],"product_tag":[1585],"class_list":{"0":"post-23965","1":"product","2":"type-product","3":"status-publish","4":"has-post-thumbnail","6":"brand-nutramerican-pharma","7":"product_brand-nutramerican-pharma","8":"product_cat-packs","9":"product_tag-suplemento","11":"first","12":"instock","13":"sale","14":"taxable","15":"shipping-taxable","16":"purchasable","17":"product-type-variable","18":"has-default-attributes"},"_links":{"self":[{"href":"https:\/\/perfectmass.net\/co\/wp-json\/wp\/v2\/product\/23965","targetHints":{"allow":["GET"]}}],"collection":[{"href":"https:\/\/perfectmass.net\/co\/wp-json\/wp\/v2\/product"}],"about":[{"href":"https:\/\/perfectmass.net\/co\/wp-json\/wp\/v2\/types\/product"}],"replies":[{"embeddable":true,"href":"https:\/\/perfectmass.net\/co\/wp-json\/wp\/v2\/comments?post=23965"}],"version-history":[{"count":1,"href":"https:\/\/perfectmass.net\/co\/wp-json\/wp\/v2\/product\/23965\/revisions"}],"predecessor-version":[{"id":28853,"href":"https:\/\/perfectmass.net\/co\/wp-json\/wp\/v2\/product\/23965\/revisions\/28853"}],"wp:featuredmedia":[{"embeddable":true,"href":"https:\/\/perfectmass.net\/co\/wp-json\/wp\/v2\/media\/23966"}],"wp:attachment":[{"href":"https:\/\/perfectmass.net\/co\/wp-json\/wp\/v2\/media?parent=23965"}],"wp:term":[{"taxonomy":"brand","embeddable":true,"href":"https:\/\/perfectmass.net\/co\/wp-json\/wp\/v2\/etheme_brands?post=23965"},{"taxonomy":"product_brand","embeddable":true,"href":"https:\/\/perfectmass.net\/co\/wp-json\/wp\/v2\/product_brand?post=23965"},{"taxonomy":"product_cat","embeddable":true,"href":"https:\/\/perfectmass.net\/co\/wp-json\/wp\/v2\/product_cat?post=23965"},{"taxonomy":"product_tag","embeddable":true,"href":"https:\/\/perfectmass.net\/co\/wp-json\/wp\/v2\/product_tag?post=23965"}],"curies":[{"name":"wp","href":"https:\/\/api.w.org\/{rel}","templated":true}]}}