{"id":23899,"date":"2025-11-26T17:54:26","date_gmt":"2025-11-26T22:54:26","guid":{"rendered":"https:\/\/perfectmass.net\/sin%20categor\u00eda\/himalaya-ashvagandha\/"},"modified":"2026-04-23T13:04:17","modified_gmt":"2026-04-23T18:04:17","slug":"himalaya-ashvagandha","status":"publish","type":"product","link":"https:\/\/perfectmass.net\/co\/sin categor\u00eda\/himalaya-ashvagandha\/","title":{"rendered":"Ashvagandha &#8211; Adapt\u00f3genos Himalaya"},"content":{"rendered":"<p><strong>Ashvagandha &#8211; Adapt\u00f3genos Himalaya<\/strong><\/p>\n<p>Ashvagandha &#8211; Adapt\u00f3genos Himalaya<\/p>\n<p>Extracto adaptog\u00e9nico de alta calidad para apoyar la respuesta al estr\u00e9s, el rendimiento f\u00edsico y el bienestar general.<\/p>\n","protected":false},"excerpt":{"rendered":"<p>Adapt\u00f3geno natural para reducir el estr\u00e9s y mejorar el rendimiento.<\/p>\n","protected":false},"featured_media":23900,"comment_status":"open","ping_status":"closed","template":"","meta":[],"etheme_brands":[{"term_id":2570,"name":"Himalaya","slug":"himalaya","term_group":0,"term_taxonomy_id":2570,"taxonomy":"brand","description":"","parent":0,"count":3,"filter":"raw"}],"product_brand":[2782],"product_cat":[],"product_tag":[1585],"class_list":{"0":"post-23899","1":"product","2":"type-product","3":"status-publish","4":"has-post-thumbnail","6":"brand-himalaya","7":"product_brand-himalaya","8":"product_tag-suplemento","10":"first","11":"instock","12":"sale","13":"taxable","14":"shipping-taxable","15":"purchasable","16":"product-type-variable","17":"has-default-attributes"},"_links":{"self":[{"href":"https:\/\/perfectmass.net\/co\/wp-json\/wp\/v2\/product\/23899","targetHints":{"allow":["GET"]}}],"collection":[{"href":"https:\/\/perfectmass.net\/co\/wp-json\/wp\/v2\/product"}],"about":[{"href":"https:\/\/perfectmass.net\/co\/wp-json\/wp\/v2\/types\/product"}],"replies":[{"embeddable":true,"href":"https:\/\/perfectmass.net\/co\/wp-json\/wp\/v2\/comments?post=23899"}],"version-history":[{"count":1,"href":"https:\/\/perfectmass.net\/co\/wp-json\/wp\/v2\/product\/23899\/revisions"}],"predecessor-version":[{"id":28806,"href":"https:\/\/perfectmass.net\/co\/wp-json\/wp\/v2\/product\/23899\/revisions\/28806"}],"wp:featuredmedia":[{"embeddable":true,"href":"https:\/\/perfectmass.net\/co\/wp-json\/wp\/v2\/media\/23900"}],"wp:attachment":[{"href":"https:\/\/perfectmass.net\/co\/wp-json\/wp\/v2\/media?parent=23899"}],"wp:term":[{"taxonomy":"brand","embeddable":true,"href":"https:\/\/perfectmass.net\/co\/wp-json\/wp\/v2\/etheme_brands?post=23899"},{"taxonomy":"product_brand","embeddable":true,"href":"https:\/\/perfectmass.net\/co\/wp-json\/wp\/v2\/product_brand?post=23899"},{"taxonomy":"product_cat","embeddable":true,"href":"https:\/\/perfectmass.net\/co\/wp-json\/wp\/v2\/product_cat?post=23899"},{"taxonomy":"product_tag","embeddable":true,"href":"https:\/\/perfectmass.net\/co\/wp-json\/wp\/v2\/product_tag?post=23899"}],"curies":[{"name":"wp","href":"https:\/\/api.w.org\/{rel}","templated":true}]}}