{"id":23773,"date":"2025-11-26T17:54:39","date_gmt":"2025-11-26T22:54:39","guid":{"rendered":"https:\/\/perfectmass.net\/sin%20categor\u00eda\/metabolic-nutrition-amino-4500\/"},"modified":"2026-04-23T13:03:52","modified_gmt":"2026-04-23T18:03:52","slug":"metabolic-nutrition-amino-4500","status":"publish","type":"product","link":"https:\/\/perfectmass.net\/co\/nutricion\/aminos\/metabolic-nutrition-amino-4500\/","title":{"rendered":"Amino 4500 &#8211; Metabolic Nutrition"},"content":{"rendered":"<p>METABOLIC NUTRITION AMINO 4500 proporciona amino\u00e1cidos esenciales para prevenir el catabolismo muscular y mejorar la recuperaci\u00f3n. Ideal para tomar durante o despu\u00e9s del entrenamiento. Presentaci\u00f3n: 90 TABLETAS.<\/p>\n","protected":false},"excerpt":{"rendered":"<p>Amino\u00e1cidos esenciales<\/p>\n","protected":false},"featured_media":23774,"comment_status":"open","ping_status":"closed","template":"","meta":[],"etheme_brands":[{"term_id":2593,"name":"Metabolic Nutrition","slug":"metabolic-nutrition","term_group":0,"term_taxonomy_id":2593,"taxonomy":"brand","description":"<strong data-start=\"235\" data-end=\"260\">Metabolic Nutrition:<\/strong> es una marca reconocida por su compromiso con la calidad, la innovaci\u00f3n y el rendimiento dentro del mundo de la nutrici\u00f3n deportiva. Sus productos est\u00e1n desarrollados para ayudar a deportistas y personas activas a mejorar su recuperaci\u00f3n, aumentar su energ\u00eda y alcanzar sus objetivos de forma segura y efectiva. En PerfectMassNutrition\u00ae seleccionamos lo mejor de Metabolic Nutrition para ofrecerte suplementos confiables, con excelentes ingredientes y resultados comprobados, disponibles para toda Colombia y Latinoam\u00e9rica.","parent":0,"count":11,"filter":"raw"}],"product_brand":[2768],"product_cat":[1513,1548],"product_tag":[1585],"class_list":{"0":"post-23773","1":"product","2":"type-product","3":"status-publish","4":"has-post-thumbnail","6":"brand-metabolic-nutrition","7":"product_brand-metabolic-nutrition","8":"product_cat-aminos","9":"product_cat-suplementos","10":"product_tag-suplemento","12":"first","13":"outofstock","14":"sale","15":"taxable","16":"shipping-taxable","17":"purchasable","18":"product-type-variable","19":"has-default-attributes"},"_links":{"self":[{"href":"https:\/\/perfectmass.net\/co\/wp-json\/wp\/v2\/product\/23773","targetHints":{"allow":["GET"]}}],"collection":[{"href":"https:\/\/perfectmass.net\/co\/wp-json\/wp\/v2\/product"}],"about":[{"href":"https:\/\/perfectmass.net\/co\/wp-json\/wp\/v2\/types\/product"}],"replies":[{"embeddable":true,"href":"https:\/\/perfectmass.net\/co\/wp-json\/wp\/v2\/comments?post=23773"}],"version-history":[{"count":1,"href":"https:\/\/perfectmass.net\/co\/wp-json\/wp\/v2\/product\/23773\/revisions"}],"predecessor-version":[{"id":28744,"href":"https:\/\/perfectmass.net\/co\/wp-json\/wp\/v2\/product\/23773\/revisions\/28744"}],"wp:featuredmedia":[{"embeddable":true,"href":"https:\/\/perfectmass.net\/co\/wp-json\/wp\/v2\/media\/23774"}],"wp:attachment":[{"href":"https:\/\/perfectmass.net\/co\/wp-json\/wp\/v2\/media?parent=23773"}],"wp:term":[{"taxonomy":"brand","embeddable":true,"href":"https:\/\/perfectmass.net\/co\/wp-json\/wp\/v2\/etheme_brands?post=23773"},{"taxonomy":"product_brand","embeddable":true,"href":"https:\/\/perfectmass.net\/co\/wp-json\/wp\/v2\/product_brand?post=23773"},{"taxonomy":"product_cat","embeddable":true,"href":"https:\/\/perfectmass.net\/co\/wp-json\/wp\/v2\/product_cat?post=23773"},{"taxonomy":"product_tag","embeddable":true,"href":"https:\/\/perfectmass.net\/co\/wp-json\/wp\/v2\/product_tag?post=23773"}],"curies":[{"name":"wp","href":"https:\/\/api.w.org\/{rel}","templated":true}]}}