{"id":23757,"date":"2025-11-26T17:54:39","date_gmt":"2025-11-26T22:54:39","guid":{"rendered":"https:\/\/perfectmass.net\/sin%20categor\u00eda\/nutramerican-pharma-upn-mega-carbs\/"},"modified":"2026-05-02T04:32:56","modified_gmt":"2026-05-02T09:32:56","slug":"nutramerican-pharma-upn-mega-carbs","status":"publish","type":"product","link":"https:\/\/perfectmass.net\/co\/nutricion\/proteina\/aumentadora\/nutramerican-pharma-upn-mega-carbs\/","title":{"rendered":"Upn Mega Carbs &#8211; Ganador de Peso Nutramerican Pharma"},"content":{"rendered":"<p><strong>Upn Mega Carbs &#8211; Nutramerican Pharma<\/strong><\/p>\n<p>Suplemento formulado para complementar tu plan de nutrici\u00f3n deportiva.<\/p>\n","protected":false},"excerpt":{"rendered":"<p>Suplementaci\u00f3n de calidad para tu rendimiento diario.<\/p>\n","protected":false},"featured_media":23758,"comment_status":"open","ping_status":"closed","template":"","meta":[],"etheme_brands":[{"term_id":2606,"name":"Nutramerican Pharma","slug":"nutramerican-pharma","term_group":0,"term_taxonomy_id":2606,"taxonomy":"brand","description":"<strong data-start=\"235\" data-end=\"260\">Nutramerican Pharma:<\/strong> es una marca reconocida por su compromiso con la calidad, la innovaci\u00f3n y el rendimiento dentro del mundo de la nutrici\u00f3n deportiva. Sus productos est\u00e1n desarrollados para ayudar a deportistas y personas activas a mejorar su recuperaci\u00f3n, aumentar su energ\u00eda y alcanzar sus objetivos de forma segura y efectiva. En PerfectMassNutrition\u00ae seleccionamos lo mejor de Nutramerican Pharma para ofrecerte suplementos confiables, con excelentes ingredientes y resultados comprobados, disponibles para toda Colombia y Latinoam\u00e9rica.","parent":0,"count":24,"filter":"raw"}],"product_brand":[2709],"product_cat":[3661],"product_tag":[1585],"class_list":{"0":"post-23757","1":"product","2":"type-product","3":"status-publish","4":"has-post-thumbnail","6":"brand-nutramerican-pharma","7":"product_brand-nutramerican-pharma","8":"product_cat-aumentadora","9":"product_tag-suplemento","11":"first","12":"instock","13":"sale","14":"taxable","15":"shipping-taxable","16":"purchasable","17":"product-type-variable","18":"has-default-attributes"},"_links":{"self":[{"href":"https:\/\/perfectmass.net\/co\/wp-json\/wp\/v2\/product\/23757","targetHints":{"allow":["GET"]}}],"collection":[{"href":"https:\/\/perfectmass.net\/co\/wp-json\/wp\/v2\/product"}],"about":[{"href":"https:\/\/perfectmass.net\/co\/wp-json\/wp\/v2\/types\/product"}],"replies":[{"embeddable":true,"href":"https:\/\/perfectmass.net\/co\/wp-json\/wp\/v2\/comments?post=23757"}],"version-history":[{"count":1,"href":"https:\/\/perfectmass.net\/co\/wp-json\/wp\/v2\/product\/23757\/revisions"}],"predecessor-version":[{"id":28737,"href":"https:\/\/perfectmass.net\/co\/wp-json\/wp\/v2\/product\/23757\/revisions\/28737"}],"wp:featuredmedia":[{"embeddable":true,"href":"https:\/\/perfectmass.net\/co\/wp-json\/wp\/v2\/media\/23758"}],"wp:attachment":[{"href":"https:\/\/perfectmass.net\/co\/wp-json\/wp\/v2\/media?parent=23757"}],"wp:term":[{"taxonomy":"brand","embeddable":true,"href":"https:\/\/perfectmass.net\/co\/wp-json\/wp\/v2\/etheme_brands?post=23757"},{"taxonomy":"product_brand","embeddable":true,"href":"https:\/\/perfectmass.net\/co\/wp-json\/wp\/v2\/product_brand?post=23757"},{"taxonomy":"product_cat","embeddable":true,"href":"https:\/\/perfectmass.net\/co\/wp-json\/wp\/v2\/product_cat?post=23757"},{"taxonomy":"product_tag","embeddable":true,"href":"https:\/\/perfectmass.net\/co\/wp-json\/wp\/v2\/product_tag?post=23757"}],"curies":[{"name":"wp","href":"https:\/\/api.w.org\/{rel}","templated":true}]}}