{"id":23675,"date":"2025-11-26T17:54:41","date_gmt":"2025-11-26T22:54:41","guid":{"rendered":"https:\/\/perfectmass.net\/sin%20categor\u00eda\/mw-drenador\/"},"modified":"2026-05-02T04:30:48","modified_gmt":"2026-05-02T09:30:48","slug":"mw-drenador","status":"publish","type":"product","link":"https:\/\/perfectmass.net\/co\/nutricion\/suplementos\/control-peso\/perdida-2\/mw-drenador\/","title":{"rendered":"Drenador &#8211; Drenante y Diur\u00e9tico MW"},"content":{"rendered":"<p><strong>Drenador &#8211; Drenante y Diur\u00e9tico MW<\/strong><\/p>\n<p>Drenador &#8211; Drenante y Diur\u00e9tico MW<\/p>\n<p>F\u00f3rmula drenante y depurativa para combatir la retenci\u00f3n de l\u00edquidos y apoyar los procesos de definici\u00f3n corporal.<\/p>\n","protected":false},"excerpt":{"rendered":"<p>Drenante y depurativo para eliminar la retenci\u00f3n de l\u00edquidos.<\/p>\n","protected":false},"featured_media":23676,"comment_status":"open","ping_status":"closed","template":"","meta":[],"etheme_brands":[{"term_id":2595,"name":"MW","slug":"mw","term_group":0,"term_taxonomy_id":2595,"taxonomy":"brand","description":"","parent":0,"count":5,"filter":"raw"}],"product_brand":[2778],"product_cat":[3672],"product_tag":[1585],"class_list":{"0":"post-23675","1":"product","2":"type-product","3":"status-publish","4":"has-post-thumbnail","6":"brand-mw","7":"product_brand-mw","8":"product_cat-perdida-2","9":"product_tag-suplemento","11":"first","12":"instock","13":"sale","14":"taxable","15":"shipping-taxable","16":"purchasable","17":"product-type-variable","18":"has-default-attributes"},"_links":{"self":[{"href":"https:\/\/perfectmass.net\/co\/wp-json\/wp\/v2\/product\/23675","targetHints":{"allow":["GET"]}}],"collection":[{"href":"https:\/\/perfectmass.net\/co\/wp-json\/wp\/v2\/product"}],"about":[{"href":"https:\/\/perfectmass.net\/co\/wp-json\/wp\/v2\/types\/product"}],"replies":[{"embeddable":true,"href":"https:\/\/perfectmass.net\/co\/wp-json\/wp\/v2\/comments?post=23675"}],"version-history":[{"count":1,"href":"https:\/\/perfectmass.net\/co\/wp-json\/wp\/v2\/product\/23675\/revisions"}],"predecessor-version":[{"id":28691,"href":"https:\/\/perfectmass.net\/co\/wp-json\/wp\/v2\/product\/23675\/revisions\/28691"}],"wp:featuredmedia":[{"embeddable":true,"href":"https:\/\/perfectmass.net\/co\/wp-json\/wp\/v2\/media\/23676"}],"wp:attachment":[{"href":"https:\/\/perfectmass.net\/co\/wp-json\/wp\/v2\/media?parent=23675"}],"wp:term":[{"taxonomy":"brand","embeddable":true,"href":"https:\/\/perfectmass.net\/co\/wp-json\/wp\/v2\/etheme_brands?post=23675"},{"taxonomy":"product_brand","embeddable":true,"href":"https:\/\/perfectmass.net\/co\/wp-json\/wp\/v2\/product_brand?post=23675"},{"taxonomy":"product_cat","embeddable":true,"href":"https:\/\/perfectmass.net\/co\/wp-json\/wp\/v2\/product_cat?post=23675"},{"taxonomy":"product_tag","embeddable":true,"href":"https:\/\/perfectmass.net\/co\/wp-json\/wp\/v2\/product_tag?post=23675"}],"curies":[{"name":"wp","href":"https:\/\/api.w.org\/{rel}","templated":true}]}}