{"id":23627,"date":"2025-11-26T17:54:42","date_gmt":"2025-11-26T22:54:42","guid":{"rendered":"https:\/\/perfectmass.net\/sin%20categor\u00eda\/vitanas-whey-elite-sachets\/"},"modified":"2026-04-23T13:02:55","modified_gmt":"2026-04-23T18:02:55","slug":"vitanas-whey-elite-sachets","status":"publish","type":"product","link":"https:\/\/perfectmass.net\/co\/sin categor\u00eda\/vitanas-whey-elite-sachets\/","title":{"rendered":"Whey Elite Sachets &#8211; Vitanas"},"content":{"rendered":"<p>VITANAS WHEY ELITE es una prote\u00edna de alta calidad dise\u00f1ada para apoyar el crecimiento y recuperaci\u00f3n muscular. Cada porci\u00f3n proporciona prote\u00ednas de r\u00e1pida absorci\u00f3n ideales para despu\u00e9s del entrenamiento. Presentaci\u00f3n: 5 LIBRAS.<\/p>\n","protected":false},"excerpt":{"rendered":"<p>Prote\u00edna de alta calidad<\/p>\n","protected":false},"featured_media":23628,"comment_status":"open","ping_status":"closed","template":"","meta":[],"etheme_brands":[{"term_id":2641,"name":"Vitanas","slug":"vitanas","term_group":0,"term_taxonomy_id":2641,"taxonomy":"brand","description":"","parent":0,"count":10,"filter":"raw"}],"product_brand":[2752],"product_cat":[],"product_tag":[1567],"class_list":{"0":"post-23627","1":"product","2":"type-product","3":"status-publish","4":"has-post-thumbnail","6":"brand-vitanas","7":"product_brand-vitanas","8":"product_tag-ganar-masa","10":"first","11":"instock","12":"sale","13":"taxable","14":"shipping-taxable","15":"purchasable","16":"product-type-variable","17":"has-default-attributes"},"_links":{"self":[{"href":"https:\/\/perfectmass.net\/co\/wp-json\/wp\/v2\/product\/23627","targetHints":{"allow":["GET"]}}],"collection":[{"href":"https:\/\/perfectmass.net\/co\/wp-json\/wp\/v2\/product"}],"about":[{"href":"https:\/\/perfectmass.net\/co\/wp-json\/wp\/v2\/types\/product"}],"replies":[{"embeddable":true,"href":"https:\/\/perfectmass.net\/co\/wp-json\/wp\/v2\/comments?post=23627"}],"version-history":[{"count":1,"href":"https:\/\/perfectmass.net\/co\/wp-json\/wp\/v2\/product\/23627\/revisions"}],"predecessor-version":[{"id":28666,"href":"https:\/\/perfectmass.net\/co\/wp-json\/wp\/v2\/product\/23627\/revisions\/28666"}],"wp:featuredmedia":[{"embeddable":true,"href":"https:\/\/perfectmass.net\/co\/wp-json\/wp\/v2\/media\/23628"}],"wp:attachment":[{"href":"https:\/\/perfectmass.net\/co\/wp-json\/wp\/v2\/media?parent=23627"}],"wp:term":[{"taxonomy":"brand","embeddable":true,"href":"https:\/\/perfectmass.net\/co\/wp-json\/wp\/v2\/etheme_brands?post=23627"},{"taxonomy":"product_brand","embeddable":true,"href":"https:\/\/perfectmass.net\/co\/wp-json\/wp\/v2\/product_brand?post=23627"},{"taxonomy":"product_cat","embeddable":true,"href":"https:\/\/perfectmass.net\/co\/wp-json\/wp\/v2\/product_cat?post=23627"},{"taxonomy":"product_tag","embeddable":true,"href":"https:\/\/perfectmass.net\/co\/wp-json\/wp\/v2\/product_tag?post=23627"}],"curies":[{"name":"wp","href":"https:\/\/api.w.org\/{rel}","templated":true}]}}