{"id":23607,"date":"2025-11-26T17:54:53","date_gmt":"2025-11-26T22:54:53","guid":{"rendered":"https:\/\/perfectmass.net\/sin%20categor\u00eda\/glutamina-insane-labz\/"},"modified":"2026-04-23T13:02:50","modified_gmt":"2026-04-23T18:02:50","slug":"glutamina-insane-labz","status":"publish","type":"product","link":"https:\/\/perfectmass.net\/co\/nutricion\/aminos\/glutamina\/glutamina-insane-labz\/","title":{"rendered":"Glutamina &#8211; Insane Labz"},"content":{"rendered":"<h2>Glutamina &#8211; Insane Labz<\/h2>\n<p>\u00a1Nuestra glutamina de la serie Asylum Cabinet ahora viene en un pr\u00e1ctico paquete de 60 unidades!<\/p>\n<ul>\n<li>PROMUEVE LA REPARACI\u00d3N MUSCULAR<\/li>\n<li>PROMUEVE LA RECUPERACI\u00d3N MUSCULAR<\/li>\n<li>FORZA LA SALUD INMUNOL\u00d3GICA<\/li>\n<\/ul>\n<p>\u00bfCansado de entrenar intensamente y sentir dolor y malestar despu\u00e9s? No tiene por qu\u00e9 ser as\u00ed.<\/p>\n<p><em>Glutamina &#8211; Insane Labz<\/em> est\u00e1 aqu\u00ed para ayudarte. Despu\u00e9s de un entrenamiento extenuante, tu cuerpo necesita amino\u00e1cidos para reparar tus m\u00fasculos. Insane Glutamine proporciona una potente dosis de 5 gramos de L-glutamina, ayudando a tu cuerpo a recuperarse m\u00e1s r\u00e1pido que nunca. Adem\u00e1s, numerosos estudios han demostrado que el uso de glutamina despu\u00e9s del entrenamiento disminuye el dolor muscular.<\/p>\n<p>\u00bfQu\u00e9 significa esto para ti? Significa que podr\u00e1s recuperar tu fuerza por completo m\u00e1s r\u00e1pido, lo que se traduce en ganancias de tama\u00f1o y fuerza. \u00a1Pero los beneficios de la glutamina no terminan ah\u00ed! La glutamina tambi\u00e9n es una de las fuentes de energ\u00eda m\u00e1s importantes para tu sistema inmunol\u00f3gico y contribuye a la salud digestiva.<\/p>\n<div id=\"attachment_15516\" style=\"width: 310px\" class=\"wp-caption alignnone\"><img fetchpriority=\"high\" decoding=\"async\" aria-describedby=\"caption-attachment-15516\" class=\"size-medium wp-image-15516\" src=\"https:\/\/perfectmass.net\/wp-content\/uploads\/2025\/11\/60ServeGlutamine_WebsiteRender-300x300.jpg\" alt=\"Glutamina - Insane Labz\" width=\"300\" height=\"300\" title=\"\" srcset=\"https:\/\/perfectmass.net\/wp-content\/uploads\/2025\/11\/60ServeGlutamine_WebsiteRender-300x300.jpg 300w, https:\/\/perfectmass.net\/wp-content\/uploads\/2025\/11\/60ServeGlutamine_WebsiteRender-150x150.jpg 150w, https:\/\/perfectmass.net\/wp-content\/uploads\/2025\/11\/60ServeGlutamine_WebsiteRender-445x445.jpg 445w, https:\/\/perfectmass.net\/wp-content\/uploads\/2025\/11\/60ServeGlutamine_WebsiteRender-100x100.jpg 100w, https:\/\/perfectmass.net\/wp-content\/uploads\/2025\/11\/60ServeGlutamine_WebsiteRender-1x1.jpg 1w, https:\/\/perfectmass.net\/wp-content\/uploads\/2025\/11\/60ServeGlutamine_WebsiteRender-10x10.jpg 10w, https:\/\/perfectmass.net\/wp-content\/uploads\/2025\/11\/60ServeGlutamine_WebsiteRender.jpg 650w\" sizes=\"(max-width: 300px) 100vw, 300px\" \/><p id=\"caption-attachment-15516\" class=\"wp-caption-text\">Glutamina &#8211; <a href=\"https:\/\/insanelabz.com\/\" target=\"_blank\" rel=\"noopener\">Insane Labz<\/a><\/p><\/div>\n<p>Visitar <a href=\"http:\/\/PerfectMass.net\" target=\"_blank\" rel=\"noopener\">PerfectMass.net<\/a><\/p>\n","protected":false},"excerpt":{"rendered":"<p>Amino\u00e1cidos clave para recuperaci\u00f3n y desempe\u00f1o.<\/p>\n","protected":false},"featured_media":23608,"comment_status":"open","ping_status":"closed","template":"","meta":[],"etheme_brands":[{"term_id":2576,"name":"Insane Labz","slug":"insane-labz","term_group":0,"term_taxonomy_id":2576,"taxonomy":"brand","description":"<strong data-start=\"235\" data-end=\"260\">Insane Labz:<\/strong> es una marca reconocida por su compromiso con la calidad, la innovaci\u00f3n y el rendimiento dentro del mundo de la nutrici\u00f3n deportiva. Sus productos est\u00e1n desarrollados para ayudar a deportistas y personas activas a mejorar su recuperaci\u00f3n, aumentar su energ\u00eda y alcanzar sus objetivos de forma segura y efectiva. En PerfectMassNutrition\u00ae seleccionamos lo mejor de Insane Labz para ofrecerte suplementos confiables, con excelentes ingredientes y resultados comprobados, disponibles para toda Colombia y Latinoam\u00e9rica.","parent":0,"count":32,"filter":"raw"}],"product_brand":[2760],"product_cat":[1513,1516,1522,1523,1524],"product_tag":[1585],"class_list":{"0":"post-23607","1":"product","2":"type-product","3":"status-publish","4":"has-post-thumbnail","6":"brand-insane-labz","7":"product_brand-insane-labz","8":"product_cat-aminos","9":"product_cat-glutamina","10":"product_cat-mas-vendidos","11":"product_cat-novedades","12":"product_cat-ofertas","13":"product_tag-suplemento","15":"first","16":"instock","17":"sale","18":"taxable","19":"shipping-taxable","20":"purchasable","21":"product-type-variable","22":"has-default-attributes"},"_links":{"self":[{"href":"https:\/\/perfectmass.net\/co\/wp-json\/wp\/v2\/product\/23607","targetHints":{"allow":["GET"]}}],"collection":[{"href":"https:\/\/perfectmass.net\/co\/wp-json\/wp\/v2\/product"}],"about":[{"href":"https:\/\/perfectmass.net\/co\/wp-json\/wp\/v2\/types\/product"}],"replies":[{"embeddable":true,"href":"https:\/\/perfectmass.net\/co\/wp-json\/wp\/v2\/comments?post=23607"}],"version-history":[{"count":1,"href":"https:\/\/perfectmass.net\/co\/wp-json\/wp\/v2\/product\/23607\/revisions"}],"predecessor-version":[{"id":28645,"href":"https:\/\/perfectmass.net\/co\/wp-json\/wp\/v2\/product\/23607\/revisions\/28645"}],"wp:featuredmedia":[{"embeddable":true,"href":"https:\/\/perfectmass.net\/co\/wp-json\/wp\/v2\/media\/23608"}],"wp:attachment":[{"href":"https:\/\/perfectmass.net\/co\/wp-json\/wp\/v2\/media?parent=23607"}],"wp:term":[{"taxonomy":"brand","embeddable":true,"href":"https:\/\/perfectmass.net\/co\/wp-json\/wp\/v2\/etheme_brands?post=23607"},{"taxonomy":"product_brand","embeddable":true,"href":"https:\/\/perfectmass.net\/co\/wp-json\/wp\/v2\/product_brand?post=23607"},{"taxonomy":"product_cat","embeddable":true,"href":"https:\/\/perfectmass.net\/co\/wp-json\/wp\/v2\/product_cat?post=23607"},{"taxonomy":"product_tag","embeddable":true,"href":"https:\/\/perfectmass.net\/co\/wp-json\/wp\/v2\/product_tag?post=23607"}],"curies":[{"name":"wp","href":"https:\/\/api.w.org\/{rel}","templated":true}]}}