{"id":23533,"date":"2025-11-26T17:54:56","date_gmt":"2025-11-26T22:54:56","guid":{"rendered":"https:\/\/perfectmass.net\/sin%20categor\u00eda\/mutant-madness\/"},"modified":"2026-05-02T04:29:59","modified_gmt":"2026-05-02T09:29:59","slug":"mutant-madness","status":"publish","type":"product","link":"https:\/\/perfectmass.net\/co\/nutricion\/entreno\/pre\/mutant-madness\/","title":{"rendered":"Madness &#8211; Pre-Entreno Mutant"},"content":{"rendered":"<p><strong>Madness &#8211; Pre-Entreno Mutant<\/strong><\/p>\n<p>Madness &#8211; Pre-Entreno Mutant<\/p>\n<p>F\u00f3rmula pre-entreno dise\u00f1ada para mejorar el rendimiento, la energ\u00eda y el enfoque durante los entrenamientos m\u00e1s exigentes.<\/p>\n","protected":false},"excerpt":{"rendered":"<p>Pre-entreno para potenciar energ\u00eda, fuerza y concentraci\u00f3n.<\/p>\n","protected":false},"featured_media":23534,"comment_status":"open","ping_status":"closed","template":"","meta":[],"etheme_brands":[{"term_id":2600,"name":"Mutant","slug":"mutant","term_group":0,"term_taxonomy_id":2600,"taxonomy":"brand","description":"","parent":0,"count":2,"filter":"raw"}],"product_brand":[2703],"product_cat":[3668],"product_tag":[1585],"class_list":{"0":"post-23533","1":"product","2":"type-product","3":"status-publish","4":"has-post-thumbnail","6":"brand-mutant","7":"product_brand-mutant","8":"product_cat-pre","9":"product_tag-suplemento","11":"first","12":"instock","13":"sale","14":"taxable","15":"shipping-taxable","16":"purchasable","17":"product-type-variable","18":"has-default-attributes"},"_links":{"self":[{"href":"https:\/\/perfectmass.net\/co\/wp-json\/wp\/v2\/product\/23533","targetHints":{"allow":["GET"]}}],"collection":[{"href":"https:\/\/perfectmass.net\/co\/wp-json\/wp\/v2\/product"}],"about":[{"href":"https:\/\/perfectmass.net\/co\/wp-json\/wp\/v2\/types\/product"}],"replies":[{"embeddable":true,"href":"https:\/\/perfectmass.net\/co\/wp-json\/wp\/v2\/comments?post=23533"}],"version-history":[{"count":1,"href":"https:\/\/perfectmass.net\/co\/wp-json\/wp\/v2\/product\/23533\/revisions"}],"predecessor-version":[{"id":28594,"href":"https:\/\/perfectmass.net\/co\/wp-json\/wp\/v2\/product\/23533\/revisions\/28594"}],"wp:featuredmedia":[{"embeddable":true,"href":"https:\/\/perfectmass.net\/co\/wp-json\/wp\/v2\/media\/23534"}],"wp:attachment":[{"href":"https:\/\/perfectmass.net\/co\/wp-json\/wp\/v2\/media?parent=23533"}],"wp:term":[{"taxonomy":"brand","embeddable":true,"href":"https:\/\/perfectmass.net\/co\/wp-json\/wp\/v2\/etheme_brands?post=23533"},{"taxonomy":"product_brand","embeddable":true,"href":"https:\/\/perfectmass.net\/co\/wp-json\/wp\/v2\/product_brand?post=23533"},{"taxonomy":"product_cat","embeddable":true,"href":"https:\/\/perfectmass.net\/co\/wp-json\/wp\/v2\/product_cat?post=23533"},{"taxonomy":"product_tag","embeddable":true,"href":"https:\/\/perfectmass.net\/co\/wp-json\/wp\/v2\/product_tag?post=23533"}],"curies":[{"name":"wp","href":"https:\/\/api.w.org\/{rel}","templated":true}]}}