{"id":23455,"date":"2025-11-26T17:55:08","date_gmt":"2025-11-26T22:55:08","guid":{"rendered":"https:\/\/perfectmass.net\/sin%20categor\u00eda\/psychotic-gold-pre-entreno-insane-labz\/"},"modified":"2026-04-23T13:02:22","modified_gmt":"2026-04-23T18:02:22","slug":"psychotic-gold-pre-entreno-insane-labz","status":"publish","type":"product","link":"https:\/\/perfectmass.net\/co\/nutricion\/entreno\/pre\/psychotic-gold-pre-entreno-insane-labz\/","title":{"rendered":"Psychotic Gold &#8211; Pre-Entreno Insane Labz"},"content":{"rendered":"<h2>Psychotic Gold &#8211; Pre-Entreno Insane Labz<\/h2>\n<p>Bombeo, Rendimiento y Ganancias Incre\u00edbles<br \/>\nPsychotic Gold es un pre-entrenamiento completo que ofrece una energ\u00eda similar a la del original, con la adici\u00f3n de potenciadores vasculares que inundan tus m\u00fasculos con el ox\u00edgeno que necesitan para rendir al m\u00e1ximo.<\/p>\n<p>Disponible en nuestro tama\u00f1o est\u00e1ndar de 35 porciones o en 60 porciones para sabores seleccionados. Si buscas variedad y comodidad, prueba nuestro Paquete Variado de 30 porciones, que incluye 30 porciones individuales (10 de cada sabor: Ponche de Frutas, Ponche Azul y Gomitas).<\/p>\n<p>ENERG\u00cdA. CONCENTRACI\u00d3N. BOMBEO. \u00bfQu\u00e9 sucede cuando combinas el pre-entrenamiento original con una porci\u00f3n completa de citrulina y agmatina? Obtienes GOLD, el pre-entrenamiento con mayor bombeo disponible. GOLD est\u00e1 formulado para brindarte una explosi\u00f3n de energ\u00eda pura y una concentraci\u00f3n excepcional, incluso despu\u00e9s de terminar tu entrenamiento.<\/p>\n<h3>Psychotic Gold &#8211; Pre-Entreno Insane Labz<\/h3>\n<p>Ingredientes con respaldo cient\u00edfico que incluyen L-citrulina, beta-alanina y sulfato de agmatina. Al combinarse con GOLD, estos potenciadores de NO permiten una vascularizaci\u00f3n sin precedentes en el mercado.<\/p>\n<p>La combinaci\u00f3n \u00fanica de potenciadores de NO y potenciadores de la concentraci\u00f3n convierte a GOLD en uno de los pre-entrenamientos m\u00e1s buscados. Adem\u00e1s, Insane Labz ha a\u00f1adido sus ingredientes patentados OXYgold y AMPiberry para una mejor absorci\u00f3n y resultados \u00f3ptimos.<\/p>\n<p>Psychotic GOLD est\u00e1 formulado para los amantes de los estimulantes que buscan llevar sus entrenamientos al siguiente nivel. Contiene dosis cl\u00ednicas de los mejores ingredientes de la industria, como citrulina y sulfato de agmatina para una mayor vascularizaci\u00f3n, beta-alanina para la resistencia muscular y bitartrato de DMAE para una concentraci\u00f3n excepcional. Psychotic GOLD es la m\u00e1xima expresi\u00f3n de los pre-entrenamientos con alto contenido de estimulantes.<\/p>\n<div id=\"attachment_15546\" style=\"width: 310px\" class=\"wp-caption alignnone\"><img fetchpriority=\"high\" decoding=\"async\" aria-describedby=\"caption-attachment-15546\" class=\"size-medium wp-image-15546\" src=\"https:\/\/perfectmass.net\/wp-content\/uploads\/2025\/11\/10YR_-_Psychotic_GOLD_Asylum_Juice_Website_Render_copy-3-300x300.jpg\" alt=\"Psychotic Gold - Pre-Entreno Insane Labz\" width=\"300\" height=\"300\" title=\"\" srcset=\"https:\/\/perfectmass.net\/wp-content\/uploads\/2025\/11\/10YR_-_Psychotic_GOLD_Asylum_Juice_Website_Render_copy-3-300x300.jpg 300w, https:\/\/perfectmass.net\/wp-content\/uploads\/2025\/11\/10YR_-_Psychotic_GOLD_Asylum_Juice_Website_Render_copy-3-150x150.jpg 150w, https:\/\/perfectmass.net\/wp-content\/uploads\/2025\/11\/10YR_-_Psychotic_GOLD_Asylum_Juice_Website_Render_copy-3-445x445.jpg 445w, https:\/\/perfectmass.net\/wp-content\/uploads\/2025\/11\/10YR_-_Psychotic_GOLD_Asylum_Juice_Website_Render_copy-3-100x100.jpg 100w, https:\/\/perfectmass.net\/wp-content\/uploads\/2025\/11\/10YR_-_Psychotic_GOLD_Asylum_Juice_Website_Render_copy-3-1x1.jpg 1w, https:\/\/perfectmass.net\/wp-content\/uploads\/2025\/11\/10YR_-_Psychotic_GOLD_Asylum_Juice_Website_Render_copy-3-10x10.jpg 10w, https:\/\/perfectmass.net\/wp-content\/uploads\/2025\/11\/10YR_-_Psychotic_GOLD_Asylum_Juice_Website_Render_copy-3.jpg 650w\" sizes=\"(max-width: 300px) 100vw, 300px\" \/><p id=\"caption-attachment-15546\" class=\"wp-caption-text\">Psychotic Gold &#8211; Pre-Entreno <a href=\"https:\/\/insanelabz.com\/\" target=\"_blank\" rel=\"noopener\">Insane Labz<\/a><\/p><\/div>\n<p>Visitar <a href=\"http:\/\/PerfectMass.net\" target=\"_blank\" rel=\"noopener\">PerfectMass.net<\/a><\/p>\n","protected":false},"excerpt":{"rendered":"<p>Energ\u00eda y enfoque para entrenar al m\u00e1ximo.<\/p>\n","protected":false},"featured_media":23456,"comment_status":"open","ping_status":"closed","template":"","meta":[],"etheme_brands":[{"term_id":2576,"name":"Insane Labz","slug":"insane-labz","term_group":0,"term_taxonomy_id":2576,"taxonomy":"brand","description":"<strong data-start=\"235\" data-end=\"260\">Insane Labz:<\/strong> es una marca reconocida por su compromiso con la calidad, la innovaci\u00f3n y el rendimiento dentro del mundo de la nutrici\u00f3n deportiva. Sus productos est\u00e1n desarrollados para ayudar a deportistas y personas activas a mejorar su recuperaci\u00f3n, aumentar su energ\u00eda y alcanzar sus objetivos de forma segura y efectiva. En PerfectMassNutrition\u00ae seleccionamos lo mejor de Insane Labz para ofrecerte suplementos confiables, con excelentes ingredientes y resultados comprobados, disponibles para toda Colombia y Latinoam\u00e9rica.","parent":0,"count":32,"filter":"raw"}],"product_brand":[2760],"product_cat":[1522,1523,1524,1534,1531],"product_tag":[1577],"class_list":{"0":"post-23455","1":"product","2":"type-product","3":"status-publish","4":"has-post-thumbnail","6":"brand-insane-labz","7":"product_brand-insane-labz","8":"product_cat-mas-vendidos","9":"product_cat-novedades","10":"product_cat-ofertas","11":"product_cat-pre","12":"product_cat-entreno","13":"product_tag-pre-entreno","15":"first","16":"instock","17":"sale","18":"taxable","19":"shipping-taxable","20":"purchasable","21":"product-type-variable","22":"has-default-attributes"},"_links":{"self":[{"href":"https:\/\/perfectmass.net\/co\/wp-json\/wp\/v2\/product\/23455","targetHints":{"allow":["GET"]}}],"collection":[{"href":"https:\/\/perfectmass.net\/co\/wp-json\/wp\/v2\/product"}],"about":[{"href":"https:\/\/perfectmass.net\/co\/wp-json\/wp\/v2\/types\/product"}],"replies":[{"embeddable":true,"href":"https:\/\/perfectmass.net\/co\/wp-json\/wp\/v2\/comments?post=23455"}],"version-history":[{"count":1,"href":"https:\/\/perfectmass.net\/co\/wp-json\/wp\/v2\/product\/23455\/revisions"}],"predecessor-version":[{"id":28525,"href":"https:\/\/perfectmass.net\/co\/wp-json\/wp\/v2\/product\/23455\/revisions\/28525"}],"wp:featuredmedia":[{"embeddable":true,"href":"https:\/\/perfectmass.net\/co\/wp-json\/wp\/v2\/media\/23456"}],"wp:attachment":[{"href":"https:\/\/perfectmass.net\/co\/wp-json\/wp\/v2\/media?parent=23455"}],"wp:term":[{"taxonomy":"brand","embeddable":true,"href":"https:\/\/perfectmass.net\/co\/wp-json\/wp\/v2\/etheme_brands?post=23455"},{"taxonomy":"product_brand","embeddable":true,"href":"https:\/\/perfectmass.net\/co\/wp-json\/wp\/v2\/product_brand?post=23455"},{"taxonomy":"product_cat","embeddable":true,"href":"https:\/\/perfectmass.net\/co\/wp-json\/wp\/v2\/product_cat?post=23455"},{"taxonomy":"product_tag","embeddable":true,"href":"https:\/\/perfectmass.net\/co\/wp-json\/wp\/v2\/product_tag?post=23455"}],"curies":[{"name":"wp","href":"https:\/\/api.w.org\/{rel}","templated":true}]}}