{"id":23305,"date":"2025-11-26T17:55:11","date_gmt":"2025-11-26T22:55:11","guid":{"rendered":"https:\/\/perfectmass.net\/sin%20categor\u00eda\/metabolic-nutrition-synedrex\/"},"modified":"2026-04-24T14:11:47","modified_gmt":"2026-04-24T19:11:47","slug":"metabolic-nutrition-synedrex","status":"publish","type":"product","link":"https:\/\/perfectmass.net\/co\/nutricion\/suplementos\/metabolic-nutrition-synedrex\/","title":{"rendered":"Synedrex &#8211; Quemador de Grasa Metabolic Nutrition"},"content":{"rendered":"<p><strong>Synedrex &#8211; Quemador de Grasa Metabolic Nutrition<\/strong><\/p>\n<p>Synedrex &#8211; Quemador de Grasa Metabolic Nutrition<\/p>\n<p>F\u00f3rmula termog\u00e9nica dise\u00f1ada para apoyar los procesos de definici\u00f3n corporal y el control del peso en combinaci\u00f3n con dieta y ejercicio.<\/p>\n","protected":false},"excerpt":{"rendered":"<p>Termog\u00e9nico para apoyar la definici\u00f3n y el control del peso.<\/p>\n","protected":false},"featured_media":23306,"comment_status":"open","ping_status":"closed","template":"","meta":[],"etheme_brands":[{"term_id":2593,"name":"Metabolic Nutrition","slug":"metabolic-nutrition","term_group":0,"term_taxonomy_id":2593,"taxonomy":"brand","description":"<strong data-start=\"235\" data-end=\"260\">Metabolic Nutrition:<\/strong> es una marca reconocida por su compromiso con la calidad, la innovaci\u00f3n y el rendimiento dentro del mundo de la nutrici\u00f3n deportiva. Sus productos est\u00e1n desarrollados para ayudar a deportistas y personas activas a mejorar su recuperaci\u00f3n, aumentar su energ\u00eda y alcanzar sus objetivos de forma segura y efectiva. En PerfectMassNutrition\u00ae seleccionamos lo mejor de Metabolic Nutrition para ofrecerte suplementos confiables, con excelentes ingredientes y resultados comprobados, disponibles para toda Colombia y Latinoam\u00e9rica.","parent":0,"count":11,"filter":"raw"}],"product_brand":[2768],"product_cat":[1499,1548],"product_tag":[1585],"class_list":{"0":"post-23305","1":"product","2":"type-product","3":"status-publish","4":"has-post-thumbnail","6":"brand-metabolic-nutrition","7":"product_brand-metabolic-nutrition","8":"product_cat-nutricion","9":"product_cat-suplementos","10":"product_tag-suplemento","12":"first","13":"outofstock","14":"sale","15":"taxable","16":"shipping-taxable","17":"purchasable","18":"product-type-variable","19":"has-default-attributes"},"_links":{"self":[{"href":"https:\/\/perfectmass.net\/co\/wp-json\/wp\/v2\/product\/23305","targetHints":{"allow":["GET"]}}],"collection":[{"href":"https:\/\/perfectmass.net\/co\/wp-json\/wp\/v2\/product"}],"about":[{"href":"https:\/\/perfectmass.net\/co\/wp-json\/wp\/v2\/types\/product"}],"replies":[{"embeddable":true,"href":"https:\/\/perfectmass.net\/co\/wp-json\/wp\/v2\/comments?post=23305"}],"version-history":[{"count":1,"href":"https:\/\/perfectmass.net\/co\/wp-json\/wp\/v2\/product\/23305\/revisions"}],"predecessor-version":[{"id":28429,"href":"https:\/\/perfectmass.net\/co\/wp-json\/wp\/v2\/product\/23305\/revisions\/28429"}],"wp:featuredmedia":[{"embeddable":true,"href":"https:\/\/perfectmass.net\/co\/wp-json\/wp\/v2\/media\/23306"}],"wp:attachment":[{"href":"https:\/\/perfectmass.net\/co\/wp-json\/wp\/v2\/media?parent=23305"}],"wp:term":[{"taxonomy":"brand","embeddable":true,"href":"https:\/\/perfectmass.net\/co\/wp-json\/wp\/v2\/etheme_brands?post=23305"},{"taxonomy":"product_brand","embeddable":true,"href":"https:\/\/perfectmass.net\/co\/wp-json\/wp\/v2\/product_brand?post=23305"},{"taxonomy":"product_cat","embeddable":true,"href":"https:\/\/perfectmass.net\/co\/wp-json\/wp\/v2\/product_cat?post=23305"},{"taxonomy":"product_tag","embeddable":true,"href":"https:\/\/perfectmass.net\/co\/wp-json\/wp\/v2\/product_tag?post=23305"}],"curies":[{"name":"wp","href":"https:\/\/api.w.org\/{rel}","templated":true}]}}