{"id":23213,"date":"2025-11-26T17:55:24","date_gmt":"2025-11-26T22:55:24","guid":{"rendered":"https:\/\/perfectmass.net\/sin%20categor\u00eda\/optimum-nutrition-creatine-micronized\/"},"modified":"2026-05-02T04:28:35","modified_gmt":"2026-05-02T09:28:35","slug":"optimum-nutrition-creatine-micronized","status":"publish","type":"product","link":"https:\/\/perfectmass.net\/co\/nutricion\/creatina\/monohidratada\/optimum-nutrition-creatine-micronized\/","title":{"rendered":"Creatine Micronized &#8211; Optimum Nutrition"},"content":{"rendered":"<p>Optimun Nutrition Creatine MicronizedE es creatina monohidrato pura para aumentar fuerza y masa muscular. La creatina es el suplemento m\u00e1s estudiado y efectivo para mejorar el rendimiento f\u00edsico. Presentaci\u00f3n: 93 SERVICIOS.<\/p>\n","protected":false},"excerpt":{"rendered":"<p>Creatina monohidrato<\/p>\n","protected":false},"featured_media":23215,"comment_status":"open","ping_status":"closed","template":"","meta":[],"etheme_brands":[{"term_id":2611,"name":"Optimum Nutrition","slug":"optimum-nutrition","term_group":0,"term_taxonomy_id":2611,"taxonomy":"brand","description":"<strong data-start=\"235\" data-end=\"260\">Optimum Nutrition:<\/strong> es una marca reconocida por su compromiso con la calidad, la innovaci\u00f3n y el rendimiento dentro del mundo de la nutrici\u00f3n deportiva. Sus productos est\u00e1n desarrollados para ayudar a deportistas y personas activas a mejorar su recuperaci\u00f3n, aumentar su energ\u00eda y alcanzar sus objetivos de forma segura y efectiva. En PerfectMassNutrition\u00ae seleccionamos lo mejor de Optimum Nutrition para ofrecerte suplementos confiables, con excelentes ingredientes y resultados comprobados, disponibles para toda Colombia y Latinoam\u00e9rica.","parent":0,"count":9,"filter":"raw"}],"product_brand":[2713],"product_cat":[3642],"product_tag":[1566],"class_list":{"0":"post-23213","1":"product","2":"type-product","3":"status-publish","4":"has-post-thumbnail","6":"brand-optimum-nutrition","7":"product_brand-optimum-nutrition","8":"product_cat-monohidratada","9":"product_tag-fuerza","11":"first","12":"instock","13":"sale","14":"taxable","15":"shipping-taxable","16":"purchasable","17":"product-type-variable","18":"has-default-attributes"},"_links":{"self":[{"href":"https:\/\/perfectmass.net\/co\/wp-json\/wp\/v2\/product\/23213","targetHints":{"allow":["GET"]}}],"collection":[{"href":"https:\/\/perfectmass.net\/co\/wp-json\/wp\/v2\/product"}],"about":[{"href":"https:\/\/perfectmass.net\/co\/wp-json\/wp\/v2\/types\/product"}],"replies":[{"embeddable":true,"href":"https:\/\/perfectmass.net\/co\/wp-json\/wp\/v2\/comments?post=23213"}],"version-history":[{"count":1,"href":"https:\/\/perfectmass.net\/co\/wp-json\/wp\/v2\/product\/23213\/revisions"}],"predecessor-version":[{"id":28375,"href":"https:\/\/perfectmass.net\/co\/wp-json\/wp\/v2\/product\/23213\/revisions\/28375"}],"wp:featuredmedia":[{"embeddable":true,"href":"https:\/\/perfectmass.net\/co\/wp-json\/wp\/v2\/media\/23215"}],"wp:attachment":[{"href":"https:\/\/perfectmass.net\/co\/wp-json\/wp\/v2\/media?parent=23213"}],"wp:term":[{"taxonomy":"brand","embeddable":true,"href":"https:\/\/perfectmass.net\/co\/wp-json\/wp\/v2\/etheme_brands?post=23213"},{"taxonomy":"product_brand","embeddable":true,"href":"https:\/\/perfectmass.net\/co\/wp-json\/wp\/v2\/product_brand?post=23213"},{"taxonomy":"product_cat","embeddable":true,"href":"https:\/\/perfectmass.net\/co\/wp-json\/wp\/v2\/product_cat?post=23213"},{"taxonomy":"product_tag","embeddable":true,"href":"https:\/\/perfectmass.net\/co\/wp-json\/wp\/v2\/product_tag?post=23213"}],"curies":[{"name":"wp","href":"https:\/\/api.w.org\/{rel}","templated":true}]}}