{"id":23127,"date":"2025-11-26T17:55:38","date_gmt":"2025-11-26T22:55:38","guid":{"rendered":"https:\/\/perfectmass.net\/sin%20categor\u00eda\/universal-creatine\/"},"modified":"2026-05-02T04:27:55","modified_gmt":"2026-05-02T09:27:55","slug":"universal-creatine","status":"publish","type":"product","link":"https:\/\/perfectmass.net\/co\/nutricion\/creatina\/monohidratada\/universal-creatine\/","title":{"rendered":"Creatine &#8211; Universal"},"content":{"rendered":"<p>PROSUPPS CREATINE MONOHYDRATE es creatina monohidrato pura para aumentar fuerza y masa muscular. La creatina es el suplemento m\u00e1s estudiado y efectivo para mejorar el rendimiento f\u00edsico. Presentaci\u00f3n: 60 SERVICIOS.<\/p>\n","protected":false},"excerpt":{"rendered":"<p>Creatina monohidrato<\/p>\n","protected":false},"featured_media":23129,"comment_status":"open","ping_status":"closed","template":"","meta":[],"etheme_brands":[{"term_id":2643,"name":"Universal","slug":"universal","term_group":0,"term_taxonomy_id":2643,"taxonomy":"brand","description":"","parent":0,"count":7,"filter":"raw"}],"product_brand":[2754],"product_cat":[3642],"product_tag":[1566],"class_list":{"0":"post-23127","1":"product","2":"type-product","3":"status-publish","4":"has-post-thumbnail","6":"brand-universal","7":"product_brand-universal","8":"product_cat-monohidratada","9":"product_tag-fuerza","11":"first","12":"instock","13":"sale","14":"taxable","15":"shipping-taxable","16":"purchasable","17":"product-type-variable","18":"has-default-attributes"},"_links":{"self":[{"href":"https:\/\/perfectmass.net\/co\/wp-json\/wp\/v2\/product\/23127","targetHints":{"allow":["GET"]}}],"collection":[{"href":"https:\/\/perfectmass.net\/co\/wp-json\/wp\/v2\/product"}],"about":[{"href":"https:\/\/perfectmass.net\/co\/wp-json\/wp\/v2\/types\/product"}],"replies":[{"embeddable":true,"href":"https:\/\/perfectmass.net\/co\/wp-json\/wp\/v2\/comments?post=23127"}],"version-history":[{"count":1,"href":"https:\/\/perfectmass.net\/co\/wp-json\/wp\/v2\/product\/23127\/revisions"}],"predecessor-version":[{"id":28322,"href":"https:\/\/perfectmass.net\/co\/wp-json\/wp\/v2\/product\/23127\/revisions\/28322"}],"wp:featuredmedia":[{"embeddable":true,"href":"https:\/\/perfectmass.net\/co\/wp-json\/wp\/v2\/media\/23129"}],"wp:attachment":[{"href":"https:\/\/perfectmass.net\/co\/wp-json\/wp\/v2\/media?parent=23127"}],"wp:term":[{"taxonomy":"brand","embeddable":true,"href":"https:\/\/perfectmass.net\/co\/wp-json\/wp\/v2\/etheme_brands?post=23127"},{"taxonomy":"product_brand","embeddable":true,"href":"https:\/\/perfectmass.net\/co\/wp-json\/wp\/v2\/product_brand?post=23127"},{"taxonomy":"product_cat","embeddable":true,"href":"https:\/\/perfectmass.net\/co\/wp-json\/wp\/v2\/product_cat?post=23127"},{"taxonomy":"product_tag","embeddable":true,"href":"https:\/\/perfectmass.net\/co\/wp-json\/wp\/v2\/product_tag?post=23127"}],"curies":[{"name":"wp","href":"https:\/\/api.w.org\/{rel}","templated":true}]}}