{"id":23119,"date":"2025-11-26T17:55:39","date_gmt":"2025-11-26T22:55:39","guid":{"rendered":"https:\/\/perfectmass.net\/sin%20categor\u00eda\/intenze-vitality-pre-entreno-proscience\/"},"modified":"2026-04-24T14:11:22","modified_gmt":"2026-04-24T19:11:22","slug":"intenze-vitality-pre-entreno-proscience","status":"publish","type":"product","link":"https:\/\/perfectmass.net\/co\/nutricion\/entreno\/pre\/intenze-vitality-pre-entreno-proscience\/","title":{"rendered":"Intenze Vitality &#8211; Pre-Entreno Proscience"},"content":{"rendered":"<h2>Intenze Vitality &#8211; Pre-Entreno Proscience<\/h2>\n<p>Intenze Vitality &#8211; Pre-entreno Proscience es una bebida energizante en un solo servicio (LATA) lista para usar, con un delicioso sabor refrescante a BLUEBERRY y una sensacion deliciosa burbujeante gracias a su base de agua carbonatada. Contiene una serie de compuestos que puede aumentar tus niveles de energia y mejorar la calidad de tus entrenamientos, asi como tu capacidad de concentraci\u00f3n y enfoque para ciertas actividades.<\/p>\n<p>La base de cualquier plan para salud y\/o entrenamiento, es una alimentacion completa y balanceada. Cuando realices actividad fisica o un ejercicio planificado\u00a0<strong>INTENZE VITALITY\u00a0<\/strong>te aporta aminoacidos como\u00a0<strong>arginina<\/strong>, que ayuda a mejorar el aporte sanguineo a tus musculos gracias a la produccion de\u00a0<strong>oxido nitrico<\/strong>.<\/p>\n<p>La\u00a0<strong>taurina<\/strong>\u00a0se encuentra de manera natural en alimentos como la carne o el pescado, es utilizada en diferentes reacciones celulares para producir energ\u00eda y su d\u00e9ficit podr\u00eda conllevar a algunas alteraciones metab\u00f3licas,\u00a0<strong>INTENZE VITALITY\u00a0<\/strong>puede ayudar a mantener los niveles de energ\u00eda a partir de la taurina, principalmente cuando tus requerimientos energ\u00e9ticos sean m\u00e1s altos.<\/p>\n<p><strong>Agmatina\u00a0<\/strong>tambien presente en\u00a0<strong>INTENZE VITALITY\u00a0<\/strong>es considerado un neuromodulador \u00a0y tiene propiedades de Nootropico que te enfoca, ya que participa en diferentes procesos del aprendizaje por lo que te da un enfoque mental que te ayuda a concentrar mucho mejor. Entonces, en las tareas que tengas diarias o actividades durante la noche, como estudiar o hacer una labor que sea importante, este\u00a0<strong>INTENZE VITALITY<\/strong>, ser\u00e1 tu coadyuvante.<\/p>\n<p>El aporte de\u00a0<strong>cafe\u00edna<\/strong>\u00a0en el<strong>\u00a0INTENZE VITALITY\u00a0<\/strong>combinado con\u00a0<strong>teanina y sinefrina<\/strong>\u00a0son muy importantes ya que mejoran tus niveles de energ\u00eda, disminuye los niveles de fatiga mejorando la percepci\u00f3n del esfuerzo y optimizando la calidad de tu desempe\u00f1o en diferentes tareas y ejercicio planeado. Combinado con un plan de entrenamiento adecuado y un d\u00e9ficit cal\u00f3rico bien planificado, esta combinaci\u00f3n de estas ayudas puede colaborarte en procesos de perdida de grasa.<\/p>\n<p>Consume una LATA de\u00a0<strong>INTENZE VITALITY\u00a0<\/strong>antes de reaalizar aquellas tareas que necesiten de tu enfoque y\/o actividad fisica.<\/p>\n<p><strong>Contenido elevado en cafe\u00edna (32 mg\/100 mL).<\/strong><br \/>\nNo se recomienda el consumo de bebidas energizantes con bebidas alcoh\u00f3licas.<br \/>\nNo recomendado para personas sensibles a la cafe\u00edna.<br \/>\nEste producto solo podr\u00e1 ser comercializado, expendido y dirigido a poblaci\u00f3n mayor de 14 a\u00f1os.<br \/>\nEl l\u00edmite m\u00e1ximo aceptable de consumo diario de este producto es de tres (3) latas por 250 mL.<\/p>\n<div id=\"attachment_22090\" style=\"width: 310px\" class=\"wp-caption alignnone\"><img fetchpriority=\"high\" decoding=\"async\" aria-describedby=\"caption-attachment-22090\" class=\"size-medium wp-image-22090\" src=\"https:\/\/perfectmass.net\/wp-content\/uploads\/2025\/11\/inteze-vitality-300x300.webp\" alt=\"Intenze Vitality - Pre-Entreno Proscience\" width=\"300\" height=\"300\" title=\"\" srcset=\"https:\/\/perfectmass.net\/wp-content\/uploads\/2025\/11\/inteze-vitality-300x300.webp 300w, https:\/\/perfectmass.net\/wp-content\/uploads\/2025\/11\/inteze-vitality-150x150.webp 150w, https:\/\/perfectmass.net\/wp-content\/uploads\/2025\/11\/inteze-vitality-445x445.webp 445w, https:\/\/perfectmass.net\/wp-content\/uploads\/2025\/11\/inteze-vitality-100x100.webp 100w, https:\/\/perfectmass.net\/wp-content\/uploads\/2025\/11\/inteze-vitality-1x1.webp 1w, https:\/\/perfectmass.net\/wp-content\/uploads\/2025\/11\/inteze-vitality-10x10.webp 10w, https:\/\/perfectmass.net\/wp-content\/uploads\/2025\/11\/inteze-vitality.webp 600w\" sizes=\"(max-width: 300px) 100vw, 300px\" \/><p id=\"caption-attachment-22090\" class=\"wp-caption-text\">Intenze Vitality &#8211; Pre-Entreno <a href=\"https:\/\/proscience.com.co\/\" target=\"_blank\" rel=\"noopener\">Proscience<\/a><\/p><\/div>\n<p>Visitar <a href=\"http:\/\/PerfectMass.net\" target=\"_blank\" rel=\"noopener\">PerfectMass.net<\/a><\/p>\n","protected":false},"excerpt":{"rendered":"<p>Energ\u00eda y enfoque para rendir al m\u00e1ximo en cada sesi\u00f3n.<\/p>\n","protected":false},"featured_media":23121,"comment_status":"open","ping_status":"closed","template":"","meta":[],"etheme_brands":[{"term_id":2617,"name":"Proscience","slug":"proscience","term_group":0,"term_taxonomy_id":2617,"taxonomy":"brand","description":"<strong data-start=\"235\" data-end=\"260\">Proscience:<\/strong> es una marca reconocida por su compromiso con la calidad, la innovaci\u00f3n y el rendimiento dentro del mundo de la nutrici\u00f3n deportiva. Sus productos est\u00e1n desarrollados para ayudar a deportistas y personas activas a mejorar su recuperaci\u00f3n, aumentar su energ\u00eda y alcanzar sus objetivos de forma segura y efectiva. En PerfectMassNutrition\u00ae seleccionamos lo mejor de Proscience para ofrecerte suplementos confiables, con excelentes ingredientes y resultados comprobados, disponibles para toda Colombia y Latinoam\u00e9rica.","parent":0,"count":25,"filter":"raw"}],"product_brand":[2718],"product_cat":[1534,1535],"product_tag":[1585],"class_list":{"0":"post-23119","1":"product","2":"type-product","3":"status-publish","4":"has-post-thumbnail","6":"brand-proscience","7":"product_brand-proscience","8":"product_cat-pre","9":"product_cat-pre-cafeina","10":"product_tag-suplemento","12":"first","13":"outofstock","14":"sale","15":"taxable","16":"shipping-taxable","17":"purchasable","18":"product-type-variable"},"_links":{"self":[{"href":"https:\/\/perfectmass.net\/co\/wp-json\/wp\/v2\/product\/23119","targetHints":{"allow":["GET"]}}],"collection":[{"href":"https:\/\/perfectmass.net\/co\/wp-json\/wp\/v2\/product"}],"about":[{"href":"https:\/\/perfectmass.net\/co\/wp-json\/wp\/v2\/types\/product"}],"replies":[{"embeddable":true,"href":"https:\/\/perfectmass.net\/co\/wp-json\/wp\/v2\/comments?post=23119"}],"version-history":[{"count":1,"href":"https:\/\/perfectmass.net\/co\/wp-json\/wp\/v2\/product\/23119\/revisions"}],"predecessor-version":[{"id":28306,"href":"https:\/\/perfectmass.net\/co\/wp-json\/wp\/v2\/product\/23119\/revisions\/28306"}],"wp:featuredmedia":[{"embeddable":true,"href":"https:\/\/perfectmass.net\/co\/wp-json\/wp\/v2\/media\/23121"}],"wp:attachment":[{"href":"https:\/\/perfectmass.net\/co\/wp-json\/wp\/v2\/media?parent=23119"}],"wp:term":[{"taxonomy":"brand","embeddable":true,"href":"https:\/\/perfectmass.net\/co\/wp-json\/wp\/v2\/etheme_brands?post=23119"},{"taxonomy":"product_brand","embeddable":true,"href":"https:\/\/perfectmass.net\/co\/wp-json\/wp\/v2\/product_brand?post=23119"},{"taxonomy":"product_cat","embeddable":true,"href":"https:\/\/perfectmass.net\/co\/wp-json\/wp\/v2\/product_cat?post=23119"},{"taxonomy":"product_tag","embeddable":true,"href":"https:\/\/perfectmass.net\/co\/wp-json\/wp\/v2\/product_tag?post=23119"}],"curies":[{"name":"wp","href":"https:\/\/api.w.org\/{rel}","templated":true}]}}