{"id":23111,"date":"2025-11-26T17:55:50","date_gmt":"2025-11-26T22:55:50","guid":{"rendered":"https:\/\/perfectmass.net\/sin%20categor\u00eda\/the-one-vitaminas-y-minerales-proscience\/"},"modified":"2026-05-02T04:27:45","modified_gmt":"2026-05-02T09:27:45","slug":"the-one-vitaminas-y-minerales-proscience","status":"publish","type":"product","link":"https:\/\/perfectmass.net\/co\/multivitaminicos\/the-one-vitaminas-y-minerales-proscience\/","title":{"rendered":"The One &#8211; Vitaminas y Minerales Proscience"},"content":{"rendered":"<h2>The One &#8211; Vitaminas y Minerales Proscience<\/h2>\n<p>Las vitaminas y minerales considerados micro nutrientes; son demasiado importantes, ya que son reguladores importantes para el metabolismo y son imprescindibles para un buen funcionamiento del metabolismo de los macronutrientes (carbohidratos prote\u00ednas y grasas).<\/p>\n<p>Varias vitaminas y minerales tambi\u00e9n hacen parte de un grupo de antioxidantes que van a colaborar con diferentes procesos metab\u00f3licos y van a ayudar a barrer radicales libres de ox\u00edgeno producido durante el dia, principalmente durante el ejercicio.<\/p>\n<p>\u00c9stos micro nutrientes se pueden obtener en los alimentos: frutas, verduras, leguminosas, huevos, carnes y algunas v\u00edsceras de los animales; entre otros alimentos. Pero dependiendo de cada individuo y mucho m\u00e1s en atletas que las necesidades de micro nutrientes \u201cantioxidantes\u201d son S\u00faper importantes, es muy complejo obtenerlos a partir de los alimentos.<\/p>\n<p>Aparte que hoy d\u00eda es complejo conseguir alimentos con un aporte de micro nutrientes adecuados, ya que en muchos aspectos han cambiado, entre ellos la forma de cultivar la tierra y el aporte obtenido de estos micro nutrientes en los alimentos ya no es el mismo.<\/p>\n<p>Por lo anterior THE ONE es un producto alimenticio con aporte de mas de 20 vitaminas y minerales en cantidades adecuadas y permitidas, que termina siendo un excelente coadyuvante de la alimentaci\u00f3n y un complemento adecuado en deportistas.<\/p>\n<p>THE ONE puede ser consumido como un complemento a la alimentaci\u00f3n, principalmente con las comidas.<\/p>\n<div id=\"attachment_22151\" style=\"width: 310px\" class=\"wp-caption alignnone\"><img fetchpriority=\"high\" decoding=\"async\" aria-describedby=\"caption-attachment-22151\" class=\"size-medium wp-image-22151\" src=\"https:\/\/perfectmass.net\/wp-content\/uploads\/2025\/11\/the-one-vaso-pitillo-300x300.webp\" alt=\"The One - Vitaminas y Minerales Proscience\" width=\"300\" height=\"300\" title=\"\" srcset=\"https:\/\/perfectmass.net\/wp-content\/uploads\/2025\/11\/the-one-vaso-pitillo-300x300.webp 300w, https:\/\/perfectmass.net\/wp-content\/uploads\/2025\/11\/the-one-vaso-pitillo-1024x1024.webp 1024w, https:\/\/perfectmass.net\/wp-content\/uploads\/2025\/11\/the-one-vaso-pitillo-150x150.webp 150w, https:\/\/perfectmass.net\/wp-content\/uploads\/2025\/11\/the-one-vaso-pitillo-768x768.webp 768w, https:\/\/perfectmass.net\/wp-content\/uploads\/2025\/11\/the-one-vaso-pitillo-445x445.webp 445w, https:\/\/perfectmass.net\/wp-content\/uploads\/2025\/11\/the-one-vaso-pitillo-100x100.webp 100w, https:\/\/perfectmass.net\/wp-content\/uploads\/2025\/11\/the-one-vaso-pitillo-1x1.webp 1w, https:\/\/perfectmass.net\/wp-content\/uploads\/2025\/11\/the-one-vaso-pitillo-10x10.webp 10w, https:\/\/perfectmass.net\/wp-content\/uploads\/2025\/11\/the-one-vaso-pitillo.webp 1080w\" sizes=\"(max-width: 300px) 100vw, 300px\" \/><p id=\"caption-attachment-22151\" class=\"wp-caption-text\">The One &#8211; Vitaminas y Minerales <a href=\"https:\/\/proscience.com.co\/\" target=\"_blank\" rel=\"noopener\">Proscience<\/a><\/p><\/div>\n<p>Visitar <a href=\"http:\/\/PerfectMass.net\" target=\"_blank\" rel=\"noopener\">PerfectMass.net<\/a><\/p>\n","protected":false},"excerpt":{"rendered":"<p>Multivitam\u00ednico Proscience<\/p>\n","protected":false},"featured_media":23113,"comment_status":"open","ping_status":"closed","template":"","meta":[],"etheme_brands":[{"term_id":2617,"name":"Proscience","slug":"proscience","term_group":0,"term_taxonomy_id":2617,"taxonomy":"brand","description":"<strong data-start=\"235\" data-end=\"260\">Proscience:<\/strong> es una marca reconocida por su compromiso con la calidad, la innovaci\u00f3n y el rendimiento dentro del mundo de la nutrici\u00f3n deportiva. Sus productos est\u00e1n desarrollados para ayudar a deportistas y personas activas a mejorar su recuperaci\u00f3n, aumentar su energ\u00eda y alcanzar sus objetivos de forma segura y efectiva. En PerfectMassNutrition\u00ae seleccionamos lo mejor de Proscience para ofrecerte suplementos confiables, con excelentes ingredientes y resultados comprobados, disponibles para toda Colombia y Latinoam\u00e9rica.","parent":0,"count":25,"filter":"raw"}],"product_brand":[2718],"product_cat":[3744],"product_tag":[1585],"class_list":{"0":"post-23111","1":"product","2":"type-product","3":"status-publish","4":"has-post-thumbnail","6":"brand-proscience","7":"product_brand-proscience","8":"product_cat-multivitaminicos","9":"product_tag-suplemento","11":"first","12":"instock","13":"sale","14":"featured","15":"taxable","16":"shipping-taxable","17":"purchasable","18":"product-type-variable","19":"has-default-attributes"},"_links":{"self":[{"href":"https:\/\/perfectmass.net\/co\/wp-json\/wp\/v2\/product\/23111","targetHints":{"allow":["GET"]}}],"collection":[{"href":"https:\/\/perfectmass.net\/co\/wp-json\/wp\/v2\/product"}],"about":[{"href":"https:\/\/perfectmass.net\/co\/wp-json\/wp\/v2\/types\/product"}],"replies":[{"embeddable":true,"href":"https:\/\/perfectmass.net\/co\/wp-json\/wp\/v2\/comments?post=23111"}],"version-history":[{"count":1,"href":"https:\/\/perfectmass.net\/co\/wp-json\/wp\/v2\/product\/23111\/revisions"}],"predecessor-version":[{"id":28302,"href":"https:\/\/perfectmass.net\/co\/wp-json\/wp\/v2\/product\/23111\/revisions\/28302"}],"wp:featuredmedia":[{"embeddable":true,"href":"https:\/\/perfectmass.net\/co\/wp-json\/wp\/v2\/media\/23113"}],"wp:attachment":[{"href":"https:\/\/perfectmass.net\/co\/wp-json\/wp\/v2\/media?parent=23111"}],"wp:term":[{"taxonomy":"brand","embeddable":true,"href":"https:\/\/perfectmass.net\/co\/wp-json\/wp\/v2\/etheme_brands?post=23111"},{"taxonomy":"product_brand","embeddable":true,"href":"https:\/\/perfectmass.net\/co\/wp-json\/wp\/v2\/product_brand?post=23111"},{"taxonomy":"product_cat","embeddable":true,"href":"https:\/\/perfectmass.net\/co\/wp-json\/wp\/v2\/product_cat?post=23111"},{"taxonomy":"product_tag","embeddable":true,"href":"https:\/\/perfectmass.net\/co\/wp-json\/wp\/v2\/product_tag?post=23111"}],"curies":[{"name":"wp","href":"https:\/\/api.w.org\/{rel}","templated":true}]}}