{"id":23099,"date":"2025-11-26T17:55:51","date_gmt":"2025-11-26T22:55:51","guid":{"rendered":"https:\/\/perfectmass.net\/sin%20categor\u00eda\/muscletech-hydroxycut-original\/"},"modified":"2026-04-24T14:11:19","modified_gmt":"2026-04-24T19:11:19","slug":"muscletech-hydroxycut-original","status":"publish","type":"product","link":"https:\/\/perfectmass.net\/co\/nutricion\/suplementos\/control-peso\/perdida\/muscletech-hydroxycut-original\/","title":{"rendered":"Original &#8211; Quemador de Grasa Hydroxycut"},"content":{"rendered":"<p>HYDROXYCUT ORIGINAL es un quemador de grasa dise\u00f1ado para acelerar el metabolismo y promover la p\u00e9rdida de peso. Contiene ingredientes termog\u00e9nicos de origen natural. Presentaci\u00f3n: 72 CAPSULAS.<\/p>\n","protected":false},"excerpt":{"rendered":"<p>Quemador de grasa<\/p>\n","protected":false},"featured_media":23100,"comment_status":"open","ping_status":"closed","template":"","meta":[],"etheme_brands":[{"term_id":2573,"name":"Hydroxycut","slug":"hydroxycut","term_group":0,"term_taxonomy_id":2573,"taxonomy":"brand","description":"","parent":0,"count":2,"filter":"raw"}],"product_brand":[2764],"product_cat":[1522,1523,1524,1553,1555],"product_tag":[1574],"class_list":{"0":"post-23099","1":"product","2":"type-product","3":"status-publish","4":"has-post-thumbnail","6":"brand-hydroxycut","7":"product_brand-hydroxycut","8":"product_cat-mas-vendidos","9":"product_cat-novedades","10":"product_cat-ofertas","11":"product_cat-control-peso","12":"product_cat-perdida","13":"product_tag-perder-peso","15":"first","16":"outofstock","17":"sale","18":"taxable","19":"shipping-taxable","20":"purchasable","21":"product-type-variable","22":"has-default-attributes"},"_links":{"self":[{"href":"https:\/\/perfectmass.net\/co\/wp-json\/wp\/v2\/product\/23099","targetHints":{"allow":["GET"]}}],"collection":[{"href":"https:\/\/perfectmass.net\/co\/wp-json\/wp\/v2\/product"}],"about":[{"href":"https:\/\/perfectmass.net\/co\/wp-json\/wp\/v2\/types\/product"}],"replies":[{"embeddable":true,"href":"https:\/\/perfectmass.net\/co\/wp-json\/wp\/v2\/comments?post=23099"}],"version-history":[{"count":1,"href":"https:\/\/perfectmass.net\/co\/wp-json\/wp\/v2\/product\/23099\/revisions"}],"predecessor-version":[{"id":28294,"href":"https:\/\/perfectmass.net\/co\/wp-json\/wp\/v2\/product\/23099\/revisions\/28294"}],"wp:featuredmedia":[{"embeddable":true,"href":"https:\/\/perfectmass.net\/co\/wp-json\/wp\/v2\/media\/23100"}],"wp:attachment":[{"href":"https:\/\/perfectmass.net\/co\/wp-json\/wp\/v2\/media?parent=23099"}],"wp:term":[{"taxonomy":"brand","embeddable":true,"href":"https:\/\/perfectmass.net\/co\/wp-json\/wp\/v2\/etheme_brands?post=23099"},{"taxonomy":"product_brand","embeddable":true,"href":"https:\/\/perfectmass.net\/co\/wp-json\/wp\/v2\/product_brand?post=23099"},{"taxonomy":"product_cat","embeddable":true,"href":"https:\/\/perfectmass.net\/co\/wp-json\/wp\/v2\/product_cat?post=23099"},{"taxonomy":"product_tag","embeddable":true,"href":"https:\/\/perfectmass.net\/co\/wp-json\/wp\/v2\/product_tag?post=23099"}],"curies":[{"name":"wp","href":"https:\/\/api.w.org\/{rel}","templated":true}]}}