{"id":23043,"date":"2025-11-26T17:56:28","date_gmt":"2025-11-26T22:56:28","guid":{"rendered":"https:\/\/perfectmass.net\/sin%20categor\u00eda\/lipoblue-supreme\/"},"modified":"2026-05-02T04:27:02","modified_gmt":"2026-05-02T09:27:02","slug":"lipoblue-supreme","status":"publish","type":"product","link":"https:\/\/perfectmass.net\/co\/nutricion\/entreno\/pre\/lipoblue-supreme\/","title":{"rendered":"Supreme &#8211; Quemador de Grasa Lipoblue"},"content":{"rendered":"<p><strong>Supreme &#8211; Quemador de Grasa Lipoblue<\/strong><\/p>\n<p>Supreme &#8211; Quemador de Grasa Lipoblue<\/p>\n<p>F\u00f3rmula termog\u00e9nica dise\u00f1ada para apoyar los procesos de definici\u00f3n corporal y el control del peso en combinaci\u00f3n con dieta y ejercicio.<\/p>\n","protected":false},"excerpt":{"rendered":"<p>Suplemento quemador de grasa<\/p>\n","protected":false},"featured_media":23044,"comment_status":"open","ping_status":"closed","template":"","meta":[],"etheme_brands":[{"term_id":2585,"name":"Lipoblue","slug":"lipoblue","term_group":0,"term_taxonomy_id":2585,"taxonomy":"brand","description":"","parent":0,"count":4,"filter":"raw"}],"product_brand":[2762],"product_cat":[3668],"product_tag":[1577],"class_list":{"0":"post-23043","1":"product","2":"type-product","3":"status-publish","4":"has-post-thumbnail","6":"brand-lipoblue","7":"product_brand-lipoblue","8":"product_cat-pre","9":"product_tag-pre-entreno","11":"first","12":"outofstock","13":"sale","14":"taxable","15":"shipping-taxable","16":"purchasable","17":"product-type-variable","18":"has-default-attributes"},"_links":{"self":[{"href":"https:\/\/perfectmass.net\/co\/wp-json\/wp\/v2\/product\/23043","targetHints":{"allow":["GET"]}}],"collection":[{"href":"https:\/\/perfectmass.net\/co\/wp-json\/wp\/v2\/product"}],"about":[{"href":"https:\/\/perfectmass.net\/co\/wp-json\/wp\/v2\/types\/product"}],"replies":[{"embeddable":true,"href":"https:\/\/perfectmass.net\/co\/wp-json\/wp\/v2\/comments?post=23043"}],"version-history":[{"count":1,"href":"https:\/\/perfectmass.net\/co\/wp-json\/wp\/v2\/product\/23043\/revisions"}],"predecessor-version":[{"id":28249,"href":"https:\/\/perfectmass.net\/co\/wp-json\/wp\/v2\/product\/23043\/revisions\/28249"}],"wp:featuredmedia":[{"embeddable":true,"href":"https:\/\/perfectmass.net\/co\/wp-json\/wp\/v2\/media\/23044"}],"wp:attachment":[{"href":"https:\/\/perfectmass.net\/co\/wp-json\/wp\/v2\/media?parent=23043"}],"wp:term":[{"taxonomy":"brand","embeddable":true,"href":"https:\/\/perfectmass.net\/co\/wp-json\/wp\/v2\/etheme_brands?post=23043"},{"taxonomy":"product_brand","embeddable":true,"href":"https:\/\/perfectmass.net\/co\/wp-json\/wp\/v2\/product_brand?post=23043"},{"taxonomy":"product_cat","embeddable":true,"href":"https:\/\/perfectmass.net\/co\/wp-json\/wp\/v2\/product_cat?post=23043"},{"taxonomy":"product_tag","embeddable":true,"href":"https:\/\/perfectmass.net\/co\/wp-json\/wp\/v2\/product_tag?post=23043"}],"curies":[{"name":"wp","href":"https:\/\/api.w.org\/{rel}","templated":true}]}}