{"id":23007,"date":"2025-11-26T17:56:46","date_gmt":"2025-11-26T22:56:46","guid":{"rendered":"https:\/\/perfectmass.net\/sin%20categor\u00eda\/nutrex-100-whey-protein\/"},"modified":"2026-04-24T14:11:02","modified_gmt":"2026-04-24T19:11:02","slug":"nutrex-100-whey-protein","status":"publish","type":"product","link":"https:\/\/perfectmass.net\/co\/nutricion\/proteina\/whey\/nutrex-100-whey-protein\/","title":{"rendered":"100% Whey Protein &#8211; NutreX"},"content":{"rendered":"<p><strong>100% Whey Protein &#8211; NutreX<\/strong><\/p>\n<p>Prote\u00edna de alta calidad dise\u00f1ada para apoyar la recuperaci\u00f3n muscular, el mantenimiento de masa magra y el rendimiento diario.<\/p>\n","protected":false},"excerpt":{"rendered":"<p>Nuestra prote\u00edna de lactosuero m\u00e1s vendida.<\/p>\n","protected":false},"featured_media":23009,"comment_status":"open","ping_status":"closed","template":"","meta":[],"etheme_brands":[{"term_id":2608,"name":"NutreX","slug":"nutrex","term_group":0,"term_taxonomy_id":2608,"taxonomy":"brand","description":"<strong data-start=\"235\" data-end=\"260\">Nutrex:<\/strong> es una marca reconocida por su compromiso con la calidad, la innovaci\u00f3n y el rendimiento dentro del mundo de la nutrici\u00f3n deportiva. Sus productos est\u00e1n desarrollados para ayudar a deportistas y personas activas a mejorar su recuperaci\u00f3n, aumentar su energ\u00eda y alcanzar sus objetivos de forma segura y efectiva. En PerfectMassNutrition\u00ae seleccionamos lo mejor de Nutrex para ofrecerte suplementos confiables, con excelentes ingredientes y resultados comprobados, disponibles para toda Colombia y Latinoam\u00e9rica.","parent":0,"count":23,"filter":"raw"}],"product_brand":[2710],"product_cat":[1536,1540],"product_tag":[1567],"class_list":{"0":"post-23007","1":"product","2":"type-product","3":"status-publish","4":"has-post-thumbnail","6":"brand-nutrex","7":"product_brand-nutrex","8":"product_cat-proteina","9":"product_cat-whey","10":"product_tag-ganar-masa","12":"first","13":"outofstock","14":"featured","15":"taxable","16":"shipping-taxable","17":"purchasable","18":"product-type-variable","19":"has-default-attributes"},"_links":{"self":[{"href":"https:\/\/perfectmass.net\/co\/wp-json\/wp\/v2\/product\/23007","targetHints":{"allow":["GET"]}}],"collection":[{"href":"https:\/\/perfectmass.net\/co\/wp-json\/wp\/v2\/product"}],"about":[{"href":"https:\/\/perfectmass.net\/co\/wp-json\/wp\/v2\/types\/product"}],"replies":[{"embeddable":true,"href":"https:\/\/perfectmass.net\/co\/wp-json\/wp\/v2\/comments?post=23007"}],"version-history":[{"count":1,"href":"https:\/\/perfectmass.net\/co\/wp-json\/wp\/v2\/product\/23007\/revisions"}],"predecessor-version":[{"id":28237,"href":"https:\/\/perfectmass.net\/co\/wp-json\/wp\/v2\/product\/23007\/revisions\/28237"}],"wp:featuredmedia":[{"embeddable":true,"href":"https:\/\/perfectmass.net\/co\/wp-json\/wp\/v2\/media\/23009"}],"wp:attachment":[{"href":"https:\/\/perfectmass.net\/co\/wp-json\/wp\/v2\/media?parent=23007"}],"wp:term":[{"taxonomy":"brand","embeddable":true,"href":"https:\/\/perfectmass.net\/co\/wp-json\/wp\/v2\/etheme_brands?post=23007"},{"taxonomy":"product_brand","embeddable":true,"href":"https:\/\/perfectmass.net\/co\/wp-json\/wp\/v2\/product_brand?post=23007"},{"taxonomy":"product_cat","embeddable":true,"href":"https:\/\/perfectmass.net\/co\/wp-json\/wp\/v2\/product_cat?post=23007"},{"taxonomy":"product_tag","embeddable":true,"href":"https:\/\/perfectmass.net\/co\/wp-json\/wp\/v2\/product_tag?post=23007"}],"curies":[{"name":"wp","href":"https:\/\/api.w.org\/{rel}","templated":true}]}}