{"id":22937,"date":"2025-11-26T17:57:50","date_gmt":"2025-11-26T22:57:50","guid":{"rendered":"https:\/\/perfectmass.net\/sin%20categor\u00eda\/regenecare-colageno-liquido-aminoacidos\/"},"modified":"2026-04-24T14:10:54","modified_gmt":"2026-04-24T19:10:54","slug":"regenecare-colageno-liquido-aminoacidos","status":"publish","type":"product","link":"https:\/\/perfectmass.net\/co\/nutricion\/aminos\/regenecare-colageno-liquido-aminoacidos\/","title":{"rendered":"Colageno Liquido + Aminoacidos &#8211; Regenecare"},"content":{"rendered":"<p>REGENECARE COLAGENO LIQUIDO + AMINOACIDOS proporciona amino\u00e1cidos esenciales para prevenir el catabolismo muscular y mejorar la recuperaci\u00f3n. Ideal para tomar durante o despu\u00e9s del entrenamiento. Presentaci\u00f3n: 630 MILILITROS.<\/p>\n","protected":false},"excerpt":{"rendered":"<p>Amino\u00e1cidos esenciales<\/p>\n","protected":false},"featured_media":22938,"comment_status":"open","ping_status":"closed","template":"","meta":[],"etheme_brands":[{"term_id":2618,"name":"Regenecare","slug":"regenecare","term_group":0,"term_taxonomy_id":2618,"taxonomy":"brand","description":"","parent":0,"count":2,"filter":"raw"}],"product_brand":[2723],"product_cat":[1513,1548],"product_tag":[1585],"class_list":{"0":"post-22937","1":"product","2":"type-product","3":"status-publish","4":"has-post-thumbnail","6":"brand-regenecare","7":"product_brand-regenecare","8":"product_cat-aminos","9":"product_cat-suplementos","10":"product_tag-suplemento","12":"first","13":"outofstock","14":"sale","15":"taxable","16":"shipping-taxable","17":"purchasable","18":"product-type-variable","19":"has-default-attributes"},"_links":{"self":[{"href":"https:\/\/perfectmass.net\/co\/wp-json\/wp\/v2\/product\/22937","targetHints":{"allow":["GET"]}}],"collection":[{"href":"https:\/\/perfectmass.net\/co\/wp-json\/wp\/v2\/product"}],"about":[{"href":"https:\/\/perfectmass.net\/co\/wp-json\/wp\/v2\/types\/product"}],"replies":[{"embeddable":true,"href":"https:\/\/perfectmass.net\/co\/wp-json\/wp\/v2\/comments?post=22937"}],"version-history":[{"count":1,"href":"https:\/\/perfectmass.net\/co\/wp-json\/wp\/v2\/product\/22937\/revisions"}],"predecessor-version":[{"id":28179,"href":"https:\/\/perfectmass.net\/co\/wp-json\/wp\/v2\/product\/22937\/revisions\/28179"}],"wp:featuredmedia":[{"embeddable":true,"href":"https:\/\/perfectmass.net\/co\/wp-json\/wp\/v2\/media\/22938"}],"wp:attachment":[{"href":"https:\/\/perfectmass.net\/co\/wp-json\/wp\/v2\/media?parent=22937"}],"wp:term":[{"taxonomy":"brand","embeddable":true,"href":"https:\/\/perfectmass.net\/co\/wp-json\/wp\/v2\/etheme_brands?post=22937"},{"taxonomy":"product_brand","embeddable":true,"href":"https:\/\/perfectmass.net\/co\/wp-json\/wp\/v2\/product_brand?post=22937"},{"taxonomy":"product_cat","embeddable":true,"href":"https:\/\/perfectmass.net\/co\/wp-json\/wp\/v2\/product_cat?post=22937"},{"taxonomy":"product_tag","embeddable":true,"href":"https:\/\/perfectmass.net\/co\/wp-json\/wp\/v2\/product_tag?post=22937"}],"curies":[{"name":"wp","href":"https:\/\/api.w.org\/{rel}","templated":true}]}}