{"id":22917,"date":"2025-11-26T17:58:23","date_gmt":"2025-11-26T22:58:23","guid":{"rendered":"https:\/\/perfectmass.net\/sin%20categor\u00eda\/smart-nutrition-fat-zero\/"},"modified":"2026-05-02T04:26:03","modified_gmt":"2026-05-02T09:26:03","slug":"smart-nutrition-fat-zero","status":"publish","type":"product","link":"https:\/\/perfectmass.net\/co\/nutricion\/suplementos\/control-peso\/perdida-2\/smart-nutrition-fat-zero\/","title":{"rendered":"Fat Zero &#8211; Quemador de Grasa Smart Nutrition"},"content":{"rendered":"<p><strong>Fat Zero &#8211; Quemador de Grasa Smart Nutrition<\/strong><\/p>\n<p>Fat Zero &#8211; Quemador de Grasa Smart Nutrition<\/p>\n<p>F\u00f3rmula termog\u00e9nica dise\u00f1ada para apoyar los procesos de definici\u00f3n corporal y el control del peso en combinaci\u00f3n con dieta y ejercicio.<\/p>\n","protected":false},"excerpt":{"rendered":"<p>Quemador de grasa<\/p>\n","protected":false},"featured_media":22918,"comment_status":"open","ping_status":"closed","template":"","meta":[],"etheme_brands":[{"term_id":2655,"name":"Smart Nutrition","slug":"smart-nutrition","term_group":0,"term_taxonomy_id":2655,"taxonomy":"brand","description":"<strong data-start=\"235\" data-end=\"260\">Smart Nutrition:<\/strong> es una marca reconocida por su compromiso con la calidad, la innovaci\u00f3n y el rendimiento dentro del mundo de la nutrici\u00f3n deportiva. Sus productos est\u00e1n desarrollados para ayudar a deportistas y personas activas a mejorar su recuperaci\u00f3n, aumentar su energ\u00eda y alcanzar sus objetivos de forma segura y efectiva. En PerfectMassNutrition\u00ae seleccionamos lo mejor de Smart Nutrition para ofrecerte suplementos confiables, con excelentes ingredientes y resultados comprobados, disponibles para toda Colombia y Latinoam\u00e9rica.","parent":0,"count":13,"filter":"raw"}],"product_brand":[2740],"product_cat":[3672],"product_tag":[1585],"class_list":{"0":"post-22917","1":"product","2":"type-product","3":"status-publish","4":"has-post-thumbnail","6":"brand-smart-nutrition","7":"product_brand-smart-nutrition","8":"product_cat-perdida-2","9":"product_tag-suplemento","11":"first","12":"outofstock","13":"sale","14":"taxable","15":"shipping-taxable","16":"purchasable","17":"product-type-variable","18":"has-default-attributes"},"_links":{"self":[{"href":"https:\/\/perfectmass.net\/co\/wp-json\/wp\/v2\/product\/22917","targetHints":{"allow":["GET"]}}],"collection":[{"href":"https:\/\/perfectmass.net\/co\/wp-json\/wp\/v2\/product"}],"about":[{"href":"https:\/\/perfectmass.net\/co\/wp-json\/wp\/v2\/types\/product"}],"replies":[{"embeddable":true,"href":"https:\/\/perfectmass.net\/co\/wp-json\/wp\/v2\/comments?post=22917"}],"version-history":[{"count":1,"href":"https:\/\/perfectmass.net\/co\/wp-json\/wp\/v2\/product\/22917\/revisions"}],"predecessor-version":[{"id":28167,"href":"https:\/\/perfectmass.net\/co\/wp-json\/wp\/v2\/product\/22917\/revisions\/28167"}],"wp:featuredmedia":[{"embeddable":true,"href":"https:\/\/perfectmass.net\/co\/wp-json\/wp\/v2\/media\/22918"}],"wp:attachment":[{"href":"https:\/\/perfectmass.net\/co\/wp-json\/wp\/v2\/media?parent=22917"}],"wp:term":[{"taxonomy":"brand","embeddable":true,"href":"https:\/\/perfectmass.net\/co\/wp-json\/wp\/v2\/etheme_brands?post=22917"},{"taxonomy":"product_brand","embeddable":true,"href":"https:\/\/perfectmass.net\/co\/wp-json\/wp\/v2\/product_brand?post=22917"},{"taxonomy":"product_cat","embeddable":true,"href":"https:\/\/perfectmass.net\/co\/wp-json\/wp\/v2\/product_cat?post=22917"},{"taxonomy":"product_tag","embeddable":true,"href":"https:\/\/perfectmass.net\/co\/wp-json\/wp\/v2\/product_tag?post=22917"}],"curies":[{"name":"wp","href":"https:\/\/api.w.org\/{rel}","templated":true}]}}