{"id":22901,"date":"2026-03-17T04:16:25","date_gmt":"2026-03-17T09:16:25","guid":{"rendered":"https:\/\/perfectmass.net\/sin%20categor\u00eda\/better-booty-bbl\/"},"modified":"2026-04-24T14:10:43","modified_gmt":"2026-04-24T19:10:43","slug":"better-booty-bbl","status":"publish","type":"product","link":"https:\/\/perfectmass.net\/co\/sin categor\u00eda\/better-booty-bbl\/","title":{"rendered":"Better Booty BBL &#8211; Angry Supplements"},"content":{"rendered":"<h2 class=\"sc-gHjyzD ccGMLq pf-9_\" data-product-type=\"title\" data-product-id=\"7938042101926\" data-pf-type=\"ProductTitle\">Better Booty BBL &#8211; Angry Supplements<\/h2>\n<p><span class=\"a-list-item\">F\u00f3rmula perfecta: nuestras tabletas Better Booty BBL est\u00e1n formuladas con una combinaci\u00f3n reflexiva de ingredientes conocidos por sus beneficios potenciales. Nuestras tabletas BBL est\u00e1n hechas con creatina, BCAA&#8217;s, col\u00e1geno y L-glutamina de primera calidad, una f\u00f3rmula m\u00e1s robusta que cualquier otro suplemento en el mercado<\/span><\/p>\n<p><span class=\"a-list-item\">Sin hinchaz\u00f3n con 100% de creatina: nuestras tabletas Better Booty contienen 100% creatina monohidrato 200 Mesh, un compuesto bien conocido en el mundo del fitness, nuestra f\u00f3rmula incluye este ingrediente para contribuir a su rendimiento general de entrenamiento, energ\u00eda y salud f\u00edsica. La creatina que utilizamos es 100% pura y malla 200, dando el mejor grado de creatina micronizada y biodisponibilidad!<\/span><\/p>\n<p><span class=\"a-list-item\">BETTER BOOTY INCLUYE L-GLUTAMINA: L-Glutamina es un amino\u00e1cido que juega un papel en la recuperaci\u00f3n, ayud\u00e1ndole a mantenerse en el camino con su rutina.<\/span><\/p>\n<p><span class=\"a-list-item\">INFUSI\u00d3N DE COL\u00c1GENO PARA LA SALUD DE LA PIEL: El col\u00e1geno es conocido por su papel en la promoci\u00f3n de la elasticidad y la salud de la piel, lo que puede ser beneficioso para el cuerpo, el cabello, la piel y las u\u00f1as en general. Al promover la elasticidad de la piel, el col\u00e1geno puede ayudar a reducir los signos visibles de la celulitis. El col\u00e1geno tambi\u00e9n participa en la hidrataci\u00f3n y el grosor de la piel, la piel adecuadamente hidratada y engrosada puede parecer m\u00e1s suave y menos hoyuelos.<\/span><\/p>\n<p><span class=\"a-list-item\">Mezcla de BCAA pr\u00e9mium: los amino\u00e1cidos de cadena ramificada (BCAA) est\u00e1n incluidos en nuestra f\u00f3rmula \u00fanica para apoyar una recuperaci\u00f3n r\u00e1pida, ayudando a su resistencia general en su viaje de fitness. Nuestro producto incluye L-leucina, L-isoleucina, L-glutamina y L-valina<\/span><\/p>\n<div id=\"attachment_21237\" style=\"width: 310px\" class=\"wp-caption alignnone\"><img fetchpriority=\"high\" decoding=\"async\" aria-describedby=\"caption-attachment-21237\" class=\"size-medium wp-image-21237\" src=\"https:\/\/perfectmass.net\/wp-content\/uploads\/2026\/03\/BETTERBOOTY90CTFRONT-300x300.webp\" alt=\"Better Booty BBL - Angry Supplements\" width=\"300\" height=\"300\" title=\"\" srcset=\"https:\/\/perfectmass.net\/wp-content\/uploads\/2026\/03\/BETTERBOOTY90CTFRONT-300x300.webp 300w, https:\/\/perfectmass.net\/wp-content\/uploads\/2026\/03\/BETTERBOOTY90CTFRONT-150x150.webp 150w, https:\/\/perfectmass.net\/wp-content\/uploads\/2026\/03\/BETTERBOOTY90CTFRONT-768x768.webp 768w, https:\/\/perfectmass.net\/wp-content\/uploads\/2026\/03\/BETTERBOOTY90CTFRONT-445x445.webp 445w, https:\/\/perfectmass.net\/wp-content\/uploads\/2026\/03\/BETTERBOOTY90CTFRONT-100x100.webp 100w, https:\/\/perfectmass.net\/wp-content\/uploads\/2026\/03\/BETTERBOOTY90CTFRONT-1x1.webp 1w, https:\/\/perfectmass.net\/wp-content\/uploads\/2026\/03\/BETTERBOOTY90CTFRONT-10x10.webp 10w, https:\/\/perfectmass.net\/wp-content\/uploads\/2026\/03\/BETTERBOOTY90CTFRONT.webp 1000w\" sizes=\"(max-width: 300px) 100vw, 300px\" \/><p id=\"caption-attachment-21237\" class=\"wp-caption-text\">Better Booty BBL &#8211; <a href=\"https:\/\/angrysupps.com\/\" target=\"_blank\" rel=\"noopener\">Angry Supplements<\/a><\/p><\/div>\n<p>Visitar\u00a0<a href=\"https:\/\/perfectmass.net\/co\/\">PerfectMass.net<\/a><\/p>\n","protected":false},"excerpt":{"rendered":"<p>Better Booty BBL &#8211; Angry Supplements F\u00f3rmula perfecta: nuestras tabletas Better Booty BBL est\u00e1n formuladas con una combinaci\u00f3n reflexiva de ingredientes conocidos por sus beneficios&#8230;<\/p>\n","protected":false},"featured_media":22903,"comment_status":"open","ping_status":"closed","template":"","meta":[],"etheme_brands":[{"term_id":2501,"name":"Angry Supplements","slug":"angry-supplements","term_group":0,"term_taxonomy_id":2501,"taxonomy":"brand","description":"<strong data-start=\"235\" data-end=\"260\">Angry Supplements:<\/strong> es una marca reconocida por su compromiso con la calidad, la innovaci\u00f3n y el rendimiento dentro del mundo de la nutrici\u00f3n deportiva. Sus productos est\u00e1n desarrollados para ayudar a deportistas y personas activas a mejorar su recuperaci\u00f3n, aumentar su energ\u00eda y alcanzar sus objetivos de forma segura y efectiva. En PerfectMassNutrition\u00ae seleccionamos lo mejor de Angry Supplements para ofrecerte suplementos confiables, con excelentes ingredientes y resultados comprobados, disponibles para toda Colombia y Latinoam\u00e9rica.","parent":0,"count":11,"filter":"raw"}],"product_brand":[2663],"product_cat":[],"product_tag":[],"class_list":{"0":"post-22901","1":"product","2":"type-product","3":"status-publish","4":"has-post-thumbnail","6":"brand-angry-supplements","7":"product_brand-angry-supplements","9":"first","10":"instock","11":"sale","12":"taxable","13":"shipping-taxable","14":"purchasable","15":"product-type-simple"},"_links":{"self":[{"href":"https:\/\/perfectmass.net\/co\/wp-json\/wp\/v2\/product\/22901","targetHints":{"allow":["GET"]}}],"collection":[{"href":"https:\/\/perfectmass.net\/co\/wp-json\/wp\/v2\/product"}],"about":[{"href":"https:\/\/perfectmass.net\/co\/wp-json\/wp\/v2\/types\/product"}],"replies":[{"embeddable":true,"href":"https:\/\/perfectmass.net\/co\/wp-json\/wp\/v2\/comments?post=22901"}],"version-history":[{"count":1,"href":"https:\/\/perfectmass.net\/co\/wp-json\/wp\/v2\/product\/22901\/revisions"}],"predecessor-version":[{"id":28134,"href":"https:\/\/perfectmass.net\/co\/wp-json\/wp\/v2\/product\/22901\/revisions\/28134"}],"wp:featuredmedia":[{"embeddable":true,"href":"https:\/\/perfectmass.net\/co\/wp-json\/wp\/v2\/media\/22903"}],"wp:attachment":[{"href":"https:\/\/perfectmass.net\/co\/wp-json\/wp\/v2\/media?parent=22901"}],"wp:term":[{"taxonomy":"brand","embeddable":true,"href":"https:\/\/perfectmass.net\/co\/wp-json\/wp\/v2\/etheme_brands?post=22901"},{"taxonomy":"product_brand","embeddable":true,"href":"https:\/\/perfectmass.net\/co\/wp-json\/wp\/v2\/product_brand?post=22901"},{"taxonomy":"product_cat","embeddable":true,"href":"https:\/\/perfectmass.net\/co\/wp-json\/wp\/v2\/product_cat?post=22901"},{"taxonomy":"product_tag","embeddable":true,"href":"https:\/\/perfectmass.net\/co\/wp-json\/wp\/v2\/product_tag?post=22901"}],"curies":[{"name":"wp","href":"https:\/\/api.w.org\/{rel}","templated":true}]}}