{"id":22891,"date":"2026-04-15T01:41:47","date_gmt":"2026-04-15T06:41:47","guid":{"rendered":"https:\/\/perfectmass.net\/sin%20categor\u00eda\/c4-alphabomb\/"},"modified":"2026-05-03T12:10:35","modified_gmt":"2026-05-03T17:10:35","slug":"c4-alphabomb","status":"publish","type":"product","link":"https:\/\/perfectmass.net\/co\/nutricion\/entreno\/pre\/c4-alphabomb\/","title":{"rendered":"C4 AlphaBomb\u2122 &#8211; Pre-entreno Cellucor"},"content":{"rendered":"<div class=\"product__title\">\n<h1>C4 AlphaBomb\u2122 &#8211; Pre-entreno Cellucor<\/h1>\n<\/div>\n<p>Presentamos el pre-entrenamiento con mayor estimulaci\u00f3n en la historia de C4. \u00bfTe atreves a probarlo?<\/p>\n<p>C4 AlphaBomb\u2122 te ofrece una f\u00f3rmula cl\u00ednicamente probada que act\u00faa con rapidez y potencia, impuls\u00e1ndote a batir tus r\u00e9cords personales. La cafe\u00edna anhidra, la cafe\u00edna liposomal y la innovadora Deura9\u2122 (d9-cafe\u00edna) te brindan energ\u00eda r\u00e1pida y sostenida para mejorar tu rendimiento. Con 8 g de CarnoSyn\u00ae Beta-Alanina para una resistencia explosiva y VELOX\u00ae para una mayor congesti\u00f3n muscular, C4 AlphaBomb\u2122 es el catalizador que todo estimulante necesita para potenciar su entrenamiento.*<\/p>\n<p>CARACTER\u00cdSTICAS PRINCIPALES:<br \/>\nENERG\u00cdA BAL\u00cdSTICA: Junto con cafe\u00edna anhidra y cafe\u00edna liposomal, Deura9\u2122 (d9-Cafe\u00edna) aumenta la energ\u00eda y favorece efectos m\u00e1s duraderos.*<br \/>\nCONGESTI\u00d3N MUSCULAR POTENTE: Elaborado con 8 g de VELOX\u00ae, una mezcla patentada de L-Arginina y L-Citrulina, para una congesti\u00f3n muscular y un rendimiento superiores.*<br \/>\nRESISTENCIA MUSCULAR: Supera tus l\u00edmites y combate la fatiga muscular con 8 g de CarnoSyn\u00ae Beta-Alanina.*^<br \/>\nCONCENTRACI\u00d3N MENTAL MEJORADA: Conc\u00e9ntrate al m\u00e1ximo para una fuerte conexi\u00f3n mente-m\u00fasculo con Huperzina A y Cafe\u00edna.*<br \/>\nC4: Con el respaldo de 20 Tras a\u00f1os de experiencia en nutrici\u00f3n deportiva, hemos subido el list\u00f3n con una innovadora selecci\u00f3n de suplementos.<\/p>\n<p>&nbsp;<\/p>\n<div id=\"attachment_21536\" style=\"width: 310px\" class=\"wp-caption alignnone\"><img fetchpriority=\"high\" decoding=\"async\" aria-describedby=\"caption-attachment-21536\" class=\"size-medium wp-image-21536\" src=\"https:\/\/perfectmass.net\/wp-content\/uploads\/2026\/04\/CELL_2354_C4AlphaBomb_CampaignAssets_BlueRageberry_PDPs-LifestylePDP-2000x2000_c2eac68f-5d48-4e11-8f61-0635fcc725f2-300x300.webp\" alt=\"C4 AlphaBomb\u2122 - Pre-entreno\" width=\"300\" height=\"300\" title=\"\" srcset=\"https:\/\/perfectmass.net\/wp-content\/uploads\/2026\/04\/CELL_2354_C4AlphaBomb_CampaignAssets_BlueRageberry_PDPs-LifestylePDP-2000x2000_c2eac68f-5d48-4e11-8f61-0635fcc725f2-300x300.webp 300w, https:\/\/perfectmass.net\/wp-content\/uploads\/2026\/04\/CELL_2354_C4AlphaBomb_CampaignAssets_BlueRageberry_PDPs-LifestylePDP-2000x2000_c2eac68f-5d48-4e11-8f61-0635fcc725f2-1024x1024.webp 1024w, https:\/\/perfectmass.net\/wp-content\/uploads\/2026\/04\/CELL_2354_C4AlphaBomb_CampaignAssets_BlueRageberry_PDPs-LifestylePDP-2000x2000_c2eac68f-5d48-4e11-8f61-0635fcc725f2-150x150.webp 150w, https:\/\/perfectmass.net\/wp-content\/uploads\/2026\/04\/CELL_2354_C4AlphaBomb_CampaignAssets_BlueRageberry_PDPs-LifestylePDP-2000x2000_c2eac68f-5d48-4e11-8f61-0635fcc725f2-768x768.webp 768w, https:\/\/perfectmass.net\/wp-content\/uploads\/2026\/04\/CELL_2354_C4AlphaBomb_CampaignAssets_BlueRageberry_PDPs-LifestylePDP-2000x2000_c2eac68f-5d48-4e11-8f61-0635fcc725f2-445x445.webp 445w, https:\/\/perfectmass.net\/wp-content\/uploads\/2026\/04\/CELL_2354_C4AlphaBomb_CampaignAssets_BlueRageberry_PDPs-LifestylePDP-2000x2000_c2eac68f-5d48-4e11-8f61-0635fcc725f2-100x100.webp 100w, https:\/\/perfectmass.net\/wp-content\/uploads\/2026\/04\/CELL_2354_C4AlphaBomb_CampaignAssets_BlueRageberry_PDPs-LifestylePDP-2000x2000_c2eac68f-5d48-4e11-8f61-0635fcc725f2-1x1.webp 1w, https:\/\/perfectmass.net\/wp-content\/uploads\/2026\/04\/CELL_2354_C4AlphaBomb_CampaignAssets_BlueRageberry_PDPs-LifestylePDP-2000x2000_c2eac68f-5d48-4e11-8f61-0635fcc725f2-10x10.webp 10w, https:\/\/perfectmass.net\/wp-content\/uploads\/2026\/04\/CELL_2354_C4AlphaBomb_CampaignAssets_BlueRageberry_PDPs-LifestylePDP-2000x2000_c2eac68f-5d48-4e11-8f61-0635fcc725f2.webp 1346w\" sizes=\"(max-width: 300px) 100vw, 300px\" \/><p id=\"caption-attachment-21536\" class=\"wp-caption-text\">C4 AlphaBomb\u2122 &#8211; Pre-entreno <a href=\"http:\/\/cellucor.com\" target=\"_blank\" rel=\"noopener\">Cellucor<\/a><\/p><\/div>\n<p>Visitar <a href=\"http:\/\/perfectmass.net\/co\/\">Perfectmass.net<\/a><\/p>\n","protected":false},"excerpt":{"rendered":"<p>Quemador de grasa<\/p>\n","protected":false},"featured_media":22892,"comment_status":"open","ping_status":"closed","template":"","meta":[],"etheme_brands":[{"term_id":2528,"name":"Cellucor","slug":"cellucor","term_group":0,"term_taxonomy_id":2528,"taxonomy":"brand","description":"<strong data-start=\"235\" data-end=\"260\">Cellucor:<\/strong> es una marca reconocida por su compromiso con la calidad, la innovaci\u00f3n y el rendimiento dentro del mundo de la nutrici\u00f3n deportiva. Sus productos est\u00e1n desarrollados para ayudar a deportistas y personas activas a mejorar su recuperaci\u00f3n, aumentar su energ\u00eda y alcanzar sus objetivos de forma segura y efectiva. En PerfectMassNutrition\u00ae seleccionamos lo mejor de Cellucor para ofrecerte suplementos confiables, con excelentes ingredientes y resultados comprobados, disponibles para toda Colombia y Latinoam\u00e9rica.","parent":0,"count":8,"filter":"raw"}],"product_brand":[2671],"product_cat":[3668],"product_tag":[1574],"class_list":{"0":"post-22891","1":"product","2":"type-product","3":"status-publish","4":"has-post-thumbnail","6":"brand-cellucor","7":"product_brand-cellucor","8":"product_cat-pre","9":"product_tag-perder-peso","11":"first","12":"instock","13":"sale","14":"taxable","15":"shipping-taxable","16":"purchasable","17":"product-type-variable","18":"has-default-attributes"},"_links":{"self":[{"href":"https:\/\/perfectmass.net\/co\/wp-json\/wp\/v2\/product\/22891","targetHints":{"allow":["GET"]}}],"collection":[{"href":"https:\/\/perfectmass.net\/co\/wp-json\/wp\/v2\/product"}],"about":[{"href":"https:\/\/perfectmass.net\/co\/wp-json\/wp\/v2\/types\/product"}],"replies":[{"embeddable":true,"href":"https:\/\/perfectmass.net\/co\/wp-json\/wp\/v2\/comments?post=22891"}],"version-history":[{"count":1,"href":"https:\/\/perfectmass.net\/co\/wp-json\/wp\/v2\/product\/22891\/revisions"}],"predecessor-version":[{"id":28126,"href":"https:\/\/perfectmass.net\/co\/wp-json\/wp\/v2\/product\/22891\/revisions\/28126"}],"wp:featuredmedia":[{"embeddable":true,"href":"https:\/\/perfectmass.net\/co\/wp-json\/wp\/v2\/media\/22892"}],"wp:attachment":[{"href":"https:\/\/perfectmass.net\/co\/wp-json\/wp\/v2\/media?parent=22891"}],"wp:term":[{"taxonomy":"brand","embeddable":true,"href":"https:\/\/perfectmass.net\/co\/wp-json\/wp\/v2\/etheme_brands?post=22891"},{"taxonomy":"product_brand","embeddable":true,"href":"https:\/\/perfectmass.net\/co\/wp-json\/wp\/v2\/product_brand?post=22891"},{"taxonomy":"product_cat","embeddable":true,"href":"https:\/\/perfectmass.net\/co\/wp-json\/wp\/v2\/product_cat?post=22891"},{"taxonomy":"product_tag","embeddable":true,"href":"https:\/\/perfectmass.net\/co\/wp-json\/wp\/v2\/product_tag?post=22891"}],"curies":[{"name":"wp","href":"https:\/\/api.w.org\/{rel}","templated":true}]}}