{"id":22867,"date":"2026-04-15T02:25:13","date_gmt":"2026-04-15T07:25:13","guid":{"rendered":"https:\/\/perfectmass.net\/sin%20categor\u00eda\/cor-performance-creatina-cellucor\/"},"modified":"2026-05-03T12:10:11","modified_gmt":"2026-05-03T17:10:11","slug":"cor-performance-creatina-cellucor","status":"publish","type":"product","link":"https:\/\/perfectmass.net\/co\/nutricion\/creatina\/monohidratada\/cor-performance-creatina-cellucor\/","title":{"rendered":"COR Performance Creatina &#8211; Cellucor"},"content":{"rendered":"<h2>COR Performance Creatina &#8211; Cellucor<\/h2>\n<p>Con la versi\u00f3n micronizada premium de monohidrato de creatina, COR Performance Creatine ofrece una solubilidad y absorci\u00f3n superiores, permiti\u00e9ndote disfrutar de los beneficios de un mayor rendimiento, masa muscular magra y fuerza.<\/p>\n<p>AUMENTA LA FUERZA: Favorece el aumento de la potencia, la resistencia y el crecimiento muscular.<br \/>\nPROMUEVE EL DESARROLLO DE MASA MUSCULAR MAGRA: Desarrolla y mant\u00e9n masa muscular magra con 5 g de monohidrato de creatina en cada porci\u00f3n.<\/p>\n<p>S\u00d3LIDA PARA MEZCLAR: La micronizaci\u00f3n de la creatina mejora su solubilidad y disoluci\u00f3n en agua.<\/p>\n<p>SIN CAFE\u00cdNA NI CALOR\u00cdAS: Ideal para usar sola o combinada con tu preentrenamiento favorito.<\/p>\n<div id=\"attachment_21582\" style=\"width: 310px\" class=\"wp-caption alignnone\"><img fetchpriority=\"high\" decoding=\"async\" aria-describedby=\"caption-attachment-21582\" class=\"size-medium wp-image-21582\" src=\"https:\/\/perfectmass.net\/wp-content\/uploads\/2026\/04\/CELL_2358_UnflavoredCreatine_AssetUpdates_PDPs_February2025_Hero-Grey-300x300.webp\" alt=\"COR Performance Creatina - Cellucor\" width=\"300\" height=\"300\" title=\"\" srcset=\"https:\/\/perfectmass.net\/wp-content\/uploads\/2026\/04\/CELL_2358_UnflavoredCreatine_AssetUpdates_PDPs_February2025_Hero-Grey-300x300.webp 300w, https:\/\/perfectmass.net\/wp-content\/uploads\/2026\/04\/CELL_2358_UnflavoredCreatine_AssetUpdates_PDPs_February2025_Hero-Grey-1024x1024.webp 1024w, https:\/\/perfectmass.net\/wp-content\/uploads\/2026\/04\/CELL_2358_UnflavoredCreatine_AssetUpdates_PDPs_February2025_Hero-Grey-150x150.webp 150w, https:\/\/perfectmass.net\/wp-content\/uploads\/2026\/04\/CELL_2358_UnflavoredCreatine_AssetUpdates_PDPs_February2025_Hero-Grey-768x768.webp 768w, https:\/\/perfectmass.net\/wp-content\/uploads\/2026\/04\/CELL_2358_UnflavoredCreatine_AssetUpdates_PDPs_February2025_Hero-Grey-445x445.webp 445w, https:\/\/perfectmass.net\/wp-content\/uploads\/2026\/04\/CELL_2358_UnflavoredCreatine_AssetUpdates_PDPs_February2025_Hero-Grey-100x100.webp 100w, https:\/\/perfectmass.net\/wp-content\/uploads\/2026\/04\/CELL_2358_UnflavoredCreatine_AssetUpdates_PDPs_February2025_Hero-Grey-1x1.webp 1w, https:\/\/perfectmass.net\/wp-content\/uploads\/2026\/04\/CELL_2358_UnflavoredCreatine_AssetUpdates_PDPs_February2025_Hero-Grey-10x10.webp 10w, https:\/\/perfectmass.net\/wp-content\/uploads\/2026\/04\/CELL_2358_UnflavoredCreatine_AssetUpdates_PDPs_February2025_Hero-Grey.webp 1346w\" sizes=\"(max-width: 300px) 100vw, 300px\" \/><p id=\"caption-attachment-21582\" class=\"wp-caption-text\">COR Performance Creatina &#8211; <a href=\"http:\/\/cellucor.com\" target=\"_blank\" rel=\"noopener\">Cellucor<\/a><\/p><\/div>\n<p>Visitar <a href=\"http:\/\/perfectmass.net\/co\/\">PerfectMass.net<\/a><\/p>\n","protected":false},"excerpt":{"rendered":"<p>Creatina monohidrato<\/p>\n","protected":false},"featured_media":22868,"comment_status":"open","ping_status":"closed","template":"","meta":[],"etheme_brands":[{"term_id":2528,"name":"Cellucor","slug":"cellucor","term_group":0,"term_taxonomy_id":2528,"taxonomy":"brand","description":"<strong data-start=\"235\" data-end=\"260\">Cellucor:<\/strong> es una marca reconocida por su compromiso con la calidad, la innovaci\u00f3n y el rendimiento dentro del mundo de la nutrici\u00f3n deportiva. Sus productos est\u00e1n desarrollados para ayudar a deportistas y personas activas a mejorar su recuperaci\u00f3n, aumentar su energ\u00eda y alcanzar sus objetivos de forma segura y efectiva. En PerfectMassNutrition\u00ae seleccionamos lo mejor de Cellucor para ofrecerte suplementos confiables, con excelentes ingredientes y resultados comprobados, disponibles para toda Colombia y Latinoam\u00e9rica.","parent":0,"count":8,"filter":"raw"}],"product_brand":[2671],"product_cat":[3642],"product_tag":[1566],"class_list":{"0":"post-22867","1":"product","2":"type-product","3":"status-publish","4":"has-post-thumbnail","6":"brand-cellucor","7":"product_brand-cellucor","8":"product_cat-monohidratada","9":"product_tag-fuerza","11":"first","12":"instock","13":"sale","14":"taxable","15":"shipping-taxable","16":"purchasable","17":"product-type-variable"},"_links":{"self":[{"href":"https:\/\/perfectmass.net\/co\/wp-json\/wp\/v2\/product\/22867","targetHints":{"allow":["GET"]}}],"collection":[{"href":"https:\/\/perfectmass.net\/co\/wp-json\/wp\/v2\/product"}],"about":[{"href":"https:\/\/perfectmass.net\/co\/wp-json\/wp\/v2\/types\/product"}],"replies":[{"embeddable":true,"href":"https:\/\/perfectmass.net\/co\/wp-json\/wp\/v2\/comments?post=22867"}],"version-history":[{"count":1,"href":"https:\/\/perfectmass.net\/co\/wp-json\/wp\/v2\/product\/22867\/revisions"}],"predecessor-version":[{"id":28118,"href":"https:\/\/perfectmass.net\/co\/wp-json\/wp\/v2\/product\/22867\/revisions\/28118"}],"wp:featuredmedia":[{"embeddable":true,"href":"https:\/\/perfectmass.net\/co\/wp-json\/wp\/v2\/media\/22868"}],"wp:attachment":[{"href":"https:\/\/perfectmass.net\/co\/wp-json\/wp\/v2\/media?parent=22867"}],"wp:term":[{"taxonomy":"brand","embeddable":true,"href":"https:\/\/perfectmass.net\/co\/wp-json\/wp\/v2\/etheme_brands?post=22867"},{"taxonomy":"product_brand","embeddable":true,"href":"https:\/\/perfectmass.net\/co\/wp-json\/wp\/v2\/product_brand?post=22867"},{"taxonomy":"product_cat","embeddable":true,"href":"https:\/\/perfectmass.net\/co\/wp-json\/wp\/v2\/product_cat?post=22867"},{"taxonomy":"product_tag","embeddable":true,"href":"https:\/\/perfectmass.net\/co\/wp-json\/wp\/v2\/product_tag?post=22867"}],"curies":[{"name":"wp","href":"https:\/\/api.w.org\/{rel}","templated":true}]}}