{"id":22861,"date":"2026-04-15T02:44:18","date_gmt":"2026-04-15T07:44:18","guid":{"rendered":"https:\/\/perfectmass.net\/sin%20categor\u00eda\/beta-alanine-aminoacidos-dragon-pharma\/"},"modified":"2026-04-24T14:10:34","modified_gmt":"2026-04-24T19:10:34","slug":"beta-alanine-aminoacidos-dragon-pharma","status":"publish","type":"product","link":"https:\/\/perfectmass.net\/co\/sin categor\u00eda\/beta-alanine-aminoacidos-dragon-pharma\/","title":{"rendered":"BETA-ALANINE &#8211; Amino\u00e1cidos Dragon Pharma"},"content":{"rendered":"<h2>BETA-ALANINE &#8211; Amino\u00e1cidos Dragon Pharma<\/h2>\n<p>Dragon Pharma Beta Alanine proporciona 3,2 g de beta-alanina pura en cada porci\u00f3n.<\/p>\n<p>Este amino\u00e1cido no esencial ayuda a producir carnosina, una sustancia natural que favorece la resistencia muscular durante el ejercicio de alta intensidad al regular el pH muscular, reduciendo la formaci\u00f3n de sustancias nocivas, desechos e inflamaci\u00f3n.<\/p>\n<p>Con eficacia comprobada y respaldada por investigaciones, la beta-alanina es uno de los mejores ingredientes naturales para mejorar el rendimiento y te ayudar\u00e1 a alcanzar tu m\u00e1ximo potencial.<\/p>\n<div id=\"attachment_21588\" style=\"width: 310px\" class=\"wp-caption alignnone\"><img fetchpriority=\"high\" decoding=\"async\" aria-describedby=\"caption-attachment-21588\" class=\"size-medium wp-image-21588\" src=\"https:\/\/perfectmass.net\/wp-content\/uploads\/2026\/04\/600x600-beta-alanine-1_1296x-300x300.webp\" alt=\"BETA-ALANINE - Amino\u00e1cidos Dragon Pharma\" width=\"300\" height=\"300\" title=\"\" srcset=\"https:\/\/perfectmass.net\/wp-content\/uploads\/2026\/04\/600x600-beta-alanine-1_1296x-300x300.webp 300w, https:\/\/perfectmass.net\/wp-content\/uploads\/2026\/04\/600x600-beta-alanine-1_1296x-150x150.webp 150w, https:\/\/perfectmass.net\/wp-content\/uploads\/2026\/04\/600x600-beta-alanine-1_1296x-445x445.webp 445w, https:\/\/perfectmass.net\/wp-content\/uploads\/2026\/04\/600x600-beta-alanine-1_1296x-100x100.webp 100w, https:\/\/perfectmass.net\/wp-content\/uploads\/2026\/04\/600x600-beta-alanine-1_1296x-1x1.webp 1w, https:\/\/perfectmass.net\/wp-content\/uploads\/2026\/04\/600x600-beta-alanine-1_1296x-10x10.webp 10w, https:\/\/perfectmass.net\/wp-content\/uploads\/2026\/04\/600x600-beta-alanine-1_1296x.webp 600w\" sizes=\"(max-width: 300px) 100vw, 300px\" \/><p id=\"caption-attachment-21588\" class=\"wp-caption-text\">BETA-ALANINE &#8211; Amino\u00e1cidos <a href=\"https:\/\/dragonpharmalabs.com\/\" target=\"_blank\" rel=\"noopener\">Dragon Pharma<\/a><\/p><\/div>\n<p>Visitar <a href=\"http:\/\/perfectmass.net\/co\/\">PerfectMass.net<\/a><\/p>\n","protected":false},"excerpt":{"rendered":"<p>Termog\u00e9nico para apoyar la definici\u00f3n y el control del peso.<\/p>\n","protected":false},"featured_media":22862,"comment_status":"open","ping_status":"closed","template":"","meta":[],"etheme_brands":[{"term_id":2532,"name":"Dragon Pharma","slug":"dragon-pharma","term_group":0,"term_taxonomy_id":2532,"taxonomy":"brand","description":"<strong data-start=\"235\" data-end=\"260\">Dragon Pharma:<\/strong> es una marca reconocida por su compromiso con la calidad, la innovaci\u00f3n y el rendimiento dentro del mundo de la nutrici\u00f3n deportiva. Sus productos est\u00e1n desarrollados para ayudar a deportistas y personas activas a mejorar su recuperaci\u00f3n, aumentar su energ\u00eda y alcanzar sus objetivos de forma segura y efectiva. En PerfectMassNutrition\u00ae seleccionamos lo mejor de Dragon Pharma para ofrecerte suplementos confiables, con excelentes ingredientes y resultados comprobados, disponibles para toda Colombia y Latinoam\u00e9rica.","parent":0,"count":10,"filter":"raw"}],"product_brand":[2677],"product_cat":[],"product_tag":[1585],"class_list":{"0":"post-22861","1":"product","2":"type-product","3":"status-publish","4":"has-post-thumbnail","6":"brand-dragon-pharma","7":"product_brand-dragon-pharma","8":"product_tag-suplemento","10":"first","11":"instock","12":"sale","13":"taxable","14":"shipping-taxable","15":"purchasable","16":"product-type-variable"},"_links":{"self":[{"href":"https:\/\/perfectmass.net\/co\/wp-json\/wp\/v2\/product\/22861","targetHints":{"allow":["GET"]}}],"collection":[{"href":"https:\/\/perfectmass.net\/co\/wp-json\/wp\/v2\/product"}],"about":[{"href":"https:\/\/perfectmass.net\/co\/wp-json\/wp\/v2\/types\/product"}],"replies":[{"embeddable":true,"href":"https:\/\/perfectmass.net\/co\/wp-json\/wp\/v2\/comments?post=22861"}],"version-history":[{"count":1,"href":"https:\/\/perfectmass.net\/co\/wp-json\/wp\/v2\/product\/22861\/revisions"}],"predecessor-version":[{"id":28113,"href":"https:\/\/perfectmass.net\/co\/wp-json\/wp\/v2\/product\/22861\/revisions\/28113"}],"wp:featuredmedia":[{"embeddable":true,"href":"https:\/\/perfectmass.net\/co\/wp-json\/wp\/v2\/media\/22862"}],"wp:attachment":[{"href":"https:\/\/perfectmass.net\/co\/wp-json\/wp\/v2\/media?parent=22861"}],"wp:term":[{"taxonomy":"brand","embeddable":true,"href":"https:\/\/perfectmass.net\/co\/wp-json\/wp\/v2\/etheme_brands?post=22861"},{"taxonomy":"product_brand","embeddable":true,"href":"https:\/\/perfectmass.net\/co\/wp-json\/wp\/v2\/product_brand?post=22861"},{"taxonomy":"product_cat","embeddable":true,"href":"https:\/\/perfectmass.net\/co\/wp-json\/wp\/v2\/product_cat?post=22861"},{"taxonomy":"product_tag","embeddable":true,"href":"https:\/\/perfectmass.net\/co\/wp-json\/wp\/v2\/product_tag?post=22861"}],"curies":[{"name":"wp","href":"https:\/\/api.w.org\/{rel}","templated":true}]}}