{"id":22843,"date":"2026-04-15T02:59:33","date_gmt":"2026-04-15T07:59:33","guid":{"rendered":"https:\/\/perfectmass.net\/sin%20categor\u00eda\/creatina-monohidratada-saborizada-dragon-pharma\/"},"modified":"2026-04-24T14:10:30","modified_gmt":"2026-04-24T19:10:30","slug":"creatina-monohidratada-saborizada-dragon-pharma","status":"publish","type":"product","link":"https:\/\/perfectmass.net\/co\/sin categor\u00eda\/creatina-monohidratada-saborizada-dragon-pharma\/","title":{"rendered":"Creatina Monohidratada Saborizada &#8211; Dragon Pharma"},"content":{"rendered":"<h2>Creatina Monohidratada Saborizada &#8211; Dragon Pharma<\/h2>\n<p>Tu arsenal de suplementos no est\u00e1 completo sin el monohidrato de creatina de Dragon Pharma. Uno de los suplementos m\u00e1s vendidos y estudiados del mercado, el monohidrato de creatina de Dragon Pharma ayuda a aumentar la fuerza, la masa muscular y a acelerar la recuperaci\u00f3n muscular durante el ejercicio. Cada cucharada (una porci\u00f3n) de monohidrato de creatina de Dragon Pharma contiene 5 gramos de monohidrato de creatina puro.<\/p>\n<p>El monohidrato de creatina de Dragon Pharma se puede consumir en cualquier momento del d\u00eda y, como todos los productos de Dragon Pharma, ofrece monohidrato de creatina puro, elaborado con los procesos de desarrollo y fabricaci\u00f3n m\u00e1s avanzados y de la m\u00e1s alta calidad para brindarte el producto m\u00e1s efectivo para tu nutrici\u00f3n.<\/p>\n<div id=\"attachment_21606\" style=\"width: 310px\" class=\"wp-caption alignnone\"><img fetchpriority=\"high\" decoding=\"async\" aria-describedby=\"caption-attachment-21606\" class=\"size-medium wp-image-21606\" src=\"https:\/\/perfectmass.net\/wp-content\/uploads\/2026\/04\/Mockup_-_Creatine_Flavored_-_Sour_Watermelon_Candy_-_01_b02506c1-28dc-42de-8529-6613be58a22e_1296x-300x300.webp\" alt=\"Creatina Monohidratada Saborizada - Dragon Pharma\" width=\"300\" height=\"300\" title=\"\" srcset=\"https:\/\/perfectmass.net\/wp-content\/uploads\/2026\/04\/Mockup_-_Creatine_Flavored_-_Sour_Watermelon_Candy_-_01_b02506c1-28dc-42de-8529-6613be58a22e_1296x-300x300.webp 300w, https:\/\/perfectmass.net\/wp-content\/uploads\/2026\/04\/Mockup_-_Creatine_Flavored_-_Sour_Watermelon_Candy_-_01_b02506c1-28dc-42de-8529-6613be58a22e_1296x-1024x1024.webp 1024w, https:\/\/perfectmass.net\/wp-content\/uploads\/2026\/04\/Mockup_-_Creatine_Flavored_-_Sour_Watermelon_Candy_-_01_b02506c1-28dc-42de-8529-6613be58a22e_1296x-150x150.webp 150w, https:\/\/perfectmass.net\/wp-content\/uploads\/2026\/04\/Mockup_-_Creatine_Flavored_-_Sour_Watermelon_Candy_-_01_b02506c1-28dc-42de-8529-6613be58a22e_1296x-768x768.webp 768w, https:\/\/perfectmass.net\/wp-content\/uploads\/2026\/04\/Mockup_-_Creatine_Flavored_-_Sour_Watermelon_Candy_-_01_b02506c1-28dc-42de-8529-6613be58a22e_1296x-445x445.webp 445w, https:\/\/perfectmass.net\/wp-content\/uploads\/2026\/04\/Mockup_-_Creatine_Flavored_-_Sour_Watermelon_Candy_-_01_b02506c1-28dc-42de-8529-6613be58a22e_1296x-100x100.webp 100w, https:\/\/perfectmass.net\/wp-content\/uploads\/2026\/04\/Mockup_-_Creatine_Flavored_-_Sour_Watermelon_Candy_-_01_b02506c1-28dc-42de-8529-6613be58a22e_1296x-1x1.webp 1w, https:\/\/perfectmass.net\/wp-content\/uploads\/2026\/04\/Mockup_-_Creatine_Flavored_-_Sour_Watermelon_Candy_-_01_b02506c1-28dc-42de-8529-6613be58a22e_1296x-10x10.webp 10w, https:\/\/perfectmass.net\/wp-content\/uploads\/2026\/04\/Mockup_-_Creatine_Flavored_-_Sour_Watermelon_Candy_-_01_b02506c1-28dc-42de-8529-6613be58a22e_1296x.webp 1296w\" sizes=\"(max-width: 300px) 100vw, 300px\" \/><p id=\"caption-attachment-21606\" class=\"wp-caption-text\">Creatina Monohidratada Saborizada &#8211; <a href=\"https:\/\/dragonpharmalabs.com\/\" target=\"_blank\" rel=\"noopener\">Dragon Pharma<\/a><\/p><\/div>\n<p>Visitar <a href=\"http:\/\/perfectmass.net\/co\/\">PerfectMass.net<\/a><\/p>\n","protected":false},"excerpt":{"rendered":"<p>Creatina monohidratada<\/p>\n","protected":false},"featured_media":22845,"comment_status":"open","ping_status":"closed","template":"","meta":[],"etheme_brands":[],"product_brand":[2677],"product_cat":[],"product_tag":[1566],"class_list":{"0":"post-22843","1":"product","2":"type-product","3":"status-publish","4":"has-post-thumbnail","6":"product_brand-dragon-pharma","7":"product_tag-fuerza","9":"first","10":"instock","11":"sale","12":"taxable","13":"shipping-taxable","14":"purchasable","15":"product-type-variable"},"_links":{"self":[{"href":"https:\/\/perfectmass.net\/co\/wp-json\/wp\/v2\/product\/22843","targetHints":{"allow":["GET"]}}],"collection":[{"href":"https:\/\/perfectmass.net\/co\/wp-json\/wp\/v2\/product"}],"about":[{"href":"https:\/\/perfectmass.net\/co\/wp-json\/wp\/v2\/types\/product"}],"replies":[{"embeddable":true,"href":"https:\/\/perfectmass.net\/co\/wp-json\/wp\/v2\/comments?post=22843"}],"version-history":[{"count":1,"href":"https:\/\/perfectmass.net\/co\/wp-json\/wp\/v2\/product\/22843\/revisions"}],"predecessor-version":[{"id":28097,"href":"https:\/\/perfectmass.net\/co\/wp-json\/wp\/v2\/product\/22843\/revisions\/28097"}],"wp:featuredmedia":[{"embeddable":true,"href":"https:\/\/perfectmass.net\/co\/wp-json\/wp\/v2\/media\/22845"}],"wp:attachment":[{"href":"https:\/\/perfectmass.net\/co\/wp-json\/wp\/v2\/media?parent=22843"}],"wp:term":[{"taxonomy":"brand","embeddable":true,"href":"https:\/\/perfectmass.net\/co\/wp-json\/wp\/v2\/etheme_brands?post=22843"},{"taxonomy":"product_brand","embeddable":true,"href":"https:\/\/perfectmass.net\/co\/wp-json\/wp\/v2\/product_brand?post=22843"},{"taxonomy":"product_cat","embeddable":true,"href":"https:\/\/perfectmass.net\/co\/wp-json\/wp\/v2\/product_cat?post=22843"},{"taxonomy":"product_tag","embeddable":true,"href":"https:\/\/perfectmass.net\/co\/wp-json\/wp\/v2\/product_tag?post=22843"}],"curies":[{"name":"wp","href":"https:\/\/api.w.org\/{rel}","templated":true}]}}