{"id":22821,"date":"2026-04-15T03:33:54","date_gmt":"2026-04-15T08:33:54","guid":{"rendered":"https:\/\/perfectmass.net\/sin%20categor\u00eda\/l-citrulline-aminoacido-dragon-pharma\/"},"modified":"2026-04-24T14:10:26","modified_gmt":"2026-04-24T19:10:26","slug":"l-citrulline-aminoacido-dragon-pharma","status":"publish","type":"product","link":"https:\/\/perfectmass.net\/co\/sin categor\u00eda\/l-citrulline-aminoacido-dragon-pharma\/","title":{"rendered":"L-Citrulline &#8211; Amino\u00e1cido Dragon Pharma"},"content":{"rendered":"<h2>L-Citrulline &#8211; Amino\u00e1cido Dragon Pharma<\/h2>\n<p>Dragon Pharma L-Citrulina proporciona 3 g de L-citrulina pura en cada porci\u00f3n.<\/p>\n<p>Este amino\u00e1cido, de eficacia comprobada, ha demostrado en estudios su papel fundamental en el ciclo de la urea, que ayuda a regular la eliminaci\u00f3n de los productos de desecho generados durante el entrenamiento. Adem\u00e1s, se ha demostrado que mejora el flujo sangu\u00edneo y el rendimiento deportivo.<\/p>\n<p>El resultado es una mayor capacidad de entrenamiento, una mejor recuperaci\u00f3n y, por supuesto, esa congesti\u00f3n muscular tan deseada que no solo proporciona la satisfacci\u00f3n posterior al entrenamiento, sino que tambi\u00e9n mejora el suministro de ox\u00edgeno y nutrientes a los m\u00fasculos trabajados.<\/p>\n<div id=\"attachment_21650\" style=\"width: 310px\" class=\"wp-caption alignnone\"><img fetchpriority=\"high\" decoding=\"async\" aria-describedby=\"caption-attachment-21650\" class=\"size-medium wp-image-21650\" src=\"https:\/\/perfectmass.net\/wp-content\/uploads\/2026\/04\/600x600l-citruline-1_1296x-300x300.webp\" alt=\"L-Citrulline - Amino\u00e1cido Dragon Pharma\" width=\"300\" height=\"300\" title=\"\" srcset=\"https:\/\/perfectmass.net\/wp-content\/uploads\/2026\/04\/600x600l-citruline-1_1296x-300x300.webp 300w, https:\/\/perfectmass.net\/wp-content\/uploads\/2026\/04\/600x600l-citruline-1_1296x-150x150.webp 150w, https:\/\/perfectmass.net\/wp-content\/uploads\/2026\/04\/600x600l-citruline-1_1296x-445x445.webp 445w, https:\/\/perfectmass.net\/wp-content\/uploads\/2026\/04\/600x600l-citruline-1_1296x-100x100.webp 100w, https:\/\/perfectmass.net\/wp-content\/uploads\/2026\/04\/600x600l-citruline-1_1296x-1x1.webp 1w, https:\/\/perfectmass.net\/wp-content\/uploads\/2026\/04\/600x600l-citruline-1_1296x-10x10.webp 10w, https:\/\/perfectmass.net\/wp-content\/uploads\/2026\/04\/600x600l-citruline-1_1296x.webp 600w\" sizes=\"(max-width: 300px) 100vw, 300px\" \/><p id=\"caption-attachment-21650\" class=\"wp-caption-text\">L-Citrulline &#8211; Amino\u00e1cido <a href=\"https:\/\/dragonpharmalabs.com\/\" target=\"_blank\" rel=\"noopener\">Dragon Pharma<\/a><\/p><\/div>\n<p>Visitar <a href=\"http:\/\/perfectmass.net\/co\/\">PerfectMass.net<\/a><\/p>\n","protected":false},"excerpt":{"rendered":"<p>Creatina monohidratada<\/p>\n","protected":false},"featured_media":22822,"comment_status":"open","ping_status":"closed","template":"","meta":[],"etheme_brands":[],"product_brand":[2677],"product_cat":[],"product_tag":[1566],"class_list":{"0":"post-22821","1":"product","2":"type-product","3":"status-publish","4":"has-post-thumbnail","6":"product_brand-dragon-pharma","7":"product_tag-fuerza","9":"first","10":"instock","11":"sale","12":"taxable","13":"shipping-taxable","14":"purchasable","15":"product-type-variable"},"_links":{"self":[{"href":"https:\/\/perfectmass.net\/co\/wp-json\/wp\/v2\/product\/22821","targetHints":{"allow":["GET"]}}],"collection":[{"href":"https:\/\/perfectmass.net\/co\/wp-json\/wp\/v2\/product"}],"about":[{"href":"https:\/\/perfectmass.net\/co\/wp-json\/wp\/v2\/types\/product"}],"replies":[{"embeddable":true,"href":"https:\/\/perfectmass.net\/co\/wp-json\/wp\/v2\/comments?post=22821"}],"version-history":[{"count":1,"href":"https:\/\/perfectmass.net\/co\/wp-json\/wp\/v2\/product\/22821\/revisions"}],"predecessor-version":[{"id":28079,"href":"https:\/\/perfectmass.net\/co\/wp-json\/wp\/v2\/product\/22821\/revisions\/28079"}],"wp:featuredmedia":[{"embeddable":true,"href":"https:\/\/perfectmass.net\/co\/wp-json\/wp\/v2\/media\/22822"}],"wp:attachment":[{"href":"https:\/\/perfectmass.net\/co\/wp-json\/wp\/v2\/media?parent=22821"}],"wp:term":[{"taxonomy":"brand","embeddable":true,"href":"https:\/\/perfectmass.net\/co\/wp-json\/wp\/v2\/etheme_brands?post=22821"},{"taxonomy":"product_brand","embeddable":true,"href":"https:\/\/perfectmass.net\/co\/wp-json\/wp\/v2\/product_brand?post=22821"},{"taxonomy":"product_cat","embeddable":true,"href":"https:\/\/perfectmass.net\/co\/wp-json\/wp\/v2\/product_cat?post=22821"},{"taxonomy":"product_tag","embeddable":true,"href":"https:\/\/perfectmass.net\/co\/wp-json\/wp\/v2\/product_tag?post=22821"}],"curies":[{"name":"wp","href":"https:\/\/api.w.org\/{rel}","templated":true}]}}