{"id":22793,"date":"2026-04-16T11:40:18","date_gmt":"2026-04-16T16:40:18","guid":{"rendered":"https:\/\/perfectmass.net\/sin%20categor\u00eda\/performance-protein-shake-dymatize\/"},"modified":"2026-04-24T14:10:21","modified_gmt":"2026-04-24T19:10:21","slug":"performance-protein-shake-dymatize","status":"publish","type":"product","link":"https:\/\/perfectmass.net\/co\/nutricion\/suplementos\/performance-protein-shake-dymatize\/","title":{"rendered":"Performance Protein Shake  &#8211; Dymatize"},"content":{"rendered":"<h2>Performance Protein Shake &#8211; Dymatize<\/h2>\n<p><span class=\"a-list-item\">Batido de prote\u00ednas de rendimiento: batido listo para beber de Dymatize con una f\u00f3rmula respaldada por la ciencia para apoyar tus objetivos de fitness, fuerza y salud*.<\/span><\/p>\n<p><span class=\"a-list-item\">PROTE\u00cdNA DE ALTA CALIDAD: 30g de prote\u00edna de alta calidad respaldada por la ciencia. Los batidos de prote\u00edna de rendimiento Dymatize est\u00e1n formulados con una mezcla de prote\u00ednas de absorci\u00f3n r\u00e1pida y lenta, proporcionando un suministro constante de prote\u00ednas.<\/span><\/p>\n<p><span class=\"a-list-item\">RECUPERACI\u00d3N: Con 6.2g de BCAAs y 30g de prote\u00edna respaldada por la ciencia, los batidos de prote\u00edna Dymatize Performance apoyan la recuperaci\u00f3n muscular y el mantenimiento del crecimiento. Formulados con una mezcla de prote\u00ednas de absorci\u00f3n r\u00e1pida y lenta, proporcionan una entrega constante de prote\u00ednas.<\/span><\/p>\n<p><span class=\"a-list-item\">APROBADO POR ATLETAS: De confianza del jugador de f\u00fatbol americano profesional Christian McCaffrey como parte de su rutina de entrenamiento.<\/span><\/p>\n<p><span class=\"a-list-item\">SOBRE LA MARCHA: Disfruta de deliciosos batidos que encajan perfectamente en tu ajetreado horario. Estos batidos de prote\u00ednas de alta calidad son ideales para llevar, antes y despu\u00e9s del entrenamiento, y como un aperitivo r\u00e1pido al mediod\u00eda.<\/span><\/p>\n<p><span class=\"a-list-item\">SALUDABLE: Disfruta de un delicioso y nutritivo batido de prote\u00ednas sin gluten que apoya tu estilo de vida activo. Sin az\u00facar a\u00f1adida, este batido de prote\u00ednas es una opci\u00f3n saludable para aquellos que buscan alimentar su d\u00eda.<\/span><\/p>\n<p><span class=\"a-list-item\">SABOROSO: Disponible en 2 deliciosos sabores PEBBLES: Sabor Fruta y Sabor Cacao.<\/span><\/p>\n<p><span class=\"a-list-item\">* Con el programa de entrenamiento f\u00edsico o con pesas\u00a0<\/span><\/p>\n<div id=\"attachment_21784\" style=\"width: 249px\" class=\"wp-caption alignnone\"><img fetchpriority=\"high\" decoding=\"async\" aria-describedby=\"caption-attachment-21784\" class=\"size-medium wp-image-21784\" src=\"https:\/\/perfectmass.net\/wp-content\/uploads\/2026\/04\/https___content-nocache.static-swaven.com_upload_products_7719_rtd_fpebbles_thumb_1fdebc8-239x300.webp\" alt=\"Performance Protein Shake - Dymatize\" width=\"239\" height=\"300\" title=\"\" srcset=\"https:\/\/perfectmass.net\/wp-content\/uploads\/2026\/04\/https___content-nocache.static-swaven.com_upload_products_7719_rtd_fpebbles_thumb_1fdebc8-239x300.webp 239w, https:\/\/perfectmass.net\/wp-content\/uploads\/2026\/04\/https___content-nocache.static-swaven.com_upload_products_7719_rtd_fpebbles_thumb_1fdebc8-445x559.webp 445w, https:\/\/perfectmass.net\/wp-content\/uploads\/2026\/04\/https___content-nocache.static-swaven.com_upload_products_7719_rtd_fpebbles_thumb_1fdebc8-1x1.webp 1w, https:\/\/perfectmass.net\/wp-content\/uploads\/2026\/04\/https___content-nocache.static-swaven.com_upload_products_7719_rtd_fpebbles_thumb_1fdebc8-8x10.webp 8w, https:\/\/perfectmass.net\/wp-content\/uploads\/2026\/04\/https___content-nocache.static-swaven.com_upload_products_7719_rtd_fpebbles_thumb_1fdebc8.webp 540w\" sizes=\"(max-width: 239px) 100vw, 239px\" \/><p id=\"caption-attachment-21784\" class=\"wp-caption-text\">Performance Protein Shake &#8211; <a href=\"http:\/\/dymatize.com\" target=\"_blank\" rel=\"noopener\">Dymatize<\/a><\/p><\/div>\n<p>Vistiar <a href=\"http:\/\/PerfectMass.net\" target=\"_blank\" rel=\"noopener\">PerfectMass.net<\/a><\/p>\n<p>&nbsp;<\/p>\n","protected":false},"excerpt":{"rendered":"<p>Proteina de gran calidad<\/p>\n","protected":false},"featured_media":22795,"comment_status":"open","ping_status":"closed","template":"","meta":[],"etheme_brands":[],"product_brand":[2679],"product_cat":[1499,1548],"product_tag":[1567],"class_list":{"0":"post-22793","1":"product","2":"type-product","3":"status-publish","4":"has-post-thumbnail","6":"product_brand-dymatize","7":"product_cat-nutricion","8":"product_cat-suplementos","9":"product_tag-ganar-masa","11":"first","12":"instock","13":"sale","14":"taxable","15":"shipping-taxable","16":"purchasable","17":"product-type-variable"},"_links":{"self":[{"href":"https:\/\/perfectmass.net\/co\/wp-json\/wp\/v2\/product\/22793","targetHints":{"allow":["GET"]}}],"collection":[{"href":"https:\/\/perfectmass.net\/co\/wp-json\/wp\/v2\/product"}],"about":[{"href":"https:\/\/perfectmass.net\/co\/wp-json\/wp\/v2\/types\/product"}],"replies":[{"embeddable":true,"href":"https:\/\/perfectmass.net\/co\/wp-json\/wp\/v2\/comments?post=22793"}],"version-history":[{"count":1,"href":"https:\/\/perfectmass.net\/co\/wp-json\/wp\/v2\/product\/22793\/revisions"}],"predecessor-version":[{"id":28062,"href":"https:\/\/perfectmass.net\/co\/wp-json\/wp\/v2\/product\/22793\/revisions\/28062"}],"wp:featuredmedia":[{"embeddable":true,"href":"https:\/\/perfectmass.net\/co\/wp-json\/wp\/v2\/media\/22795"}],"wp:attachment":[{"href":"https:\/\/perfectmass.net\/co\/wp-json\/wp\/v2\/media?parent=22793"}],"wp:term":[{"taxonomy":"brand","embeddable":true,"href":"https:\/\/perfectmass.net\/co\/wp-json\/wp\/v2\/etheme_brands?post=22793"},{"taxonomy":"product_brand","embeddable":true,"href":"https:\/\/perfectmass.net\/co\/wp-json\/wp\/v2\/product_brand?post=22793"},{"taxonomy":"product_cat","embeddable":true,"href":"https:\/\/perfectmass.net\/co\/wp-json\/wp\/v2\/product_cat?post=22793"},{"taxonomy":"product_tag","embeddable":true,"href":"https:\/\/perfectmass.net\/co\/wp-json\/wp\/v2\/product_tag?post=22793"}],"curies":[{"name":"wp","href":"https:\/\/api.w.org\/{rel}","templated":true}]}}