{"id":22775,"date":"2026-04-21T07:15:42","date_gmt":"2026-04-21T12:15:42","guid":{"rendered":"https:\/\/perfectmass.net\/sin%20categor\u00eda\/mega-men-multivitaminico-gnc\/"},"modified":"2026-05-02T04:25:01","modified_gmt":"2026-05-02T09:25:01","slug":"mega-men-multivitaminico-gnc","status":"publish","type":"product","link":"https:\/\/perfectmass.net\/co\/nutricion\/suplementos\/multivitaminicos\/mega-men-multivitaminico-gnc\/","title":{"rendered":"Mega Men &#8211; Multivitam\u00ednico GNC"},"content":{"rendered":"<h2>Mega Men &#8211; Multivitam\u00ednico GNC<\/h2>\n<p>Contiene una f\u00f3rmula multivitam\u00ednica para hombres estudiada cl\u00ednicamente que funciona mejor que un multivitam\u00ednico convencional. Ayuda a mantener la salud del colon y la pr\u00f3stata.<br \/>\nFavorece a la energ\u00eda ya que contiene vitaminas del complejo B.<br \/>\nRepleto de antioxidantes para la protecci\u00f3n celular y la defensa contra el estr\u00e9s.<br \/>\nApoya la salud del coraz\u00f3n y la funci\u00f3n cardiovascular.<br \/>\nApoya la salud inmunol\u00f3gica con 20% m\u00e1s de absorci\u00f3n de nutrientes claves, de la defensa del sistema inmunol\u00f3gico y del estr\u00e9s.<\/p>\n<ul>\n<li><strong>MULTIVITAMINA INTEGRAL PARA HOMBRES:<\/strong>\u00a0GNC Mega Men Multivitamin proporciona nutrientes clave para la salud de los hombres, antioxidantes, salud del cerebro, salud del coraz\u00f3n y salud inmunol\u00f3gica, adem\u00e1s de antioxidantes.<\/li>\n<li><strong>MEZCLA DE MULTIVITAMINAS CL\u00cdNICAMENTE ESTUDIADA:<\/strong>\u00a0Contiene una mezcla de multivitam\u00ednicos cl\u00ednicamente estudiada para hombres que ha demostrado funcionar mejor que un multivitam\u00ednico b\u00e1sico.\u00a0<sup>^<\/sup><\/li>\n<li><strong>ENVASADO CON NUTRIENTES CLAVE:<\/strong>\u00a020 vitaminas y minerales proporcionan el 100% o m\u00e1s de la cantidad diaria recomendada (RDA), que incluyen vitamina A, vitamina C, vitamina B-6 y vitamina B-12.<\/li>\n<li><strong>RESPALDADO POR LA CIENCIA:<\/strong>\u00a0Desde 1935, GNC se ha comprometido a cumplir con los m\u00e1s altos est\u00e1ndares de calidad, seguridad y eficacia mientras aplica los avances m\u00e1s actualizados en la ciencia nutricional para que pueda vivir bien.<\/li>\n<\/ul>\n<div id=\"attachment_21947\" style=\"width: 173px\" class=\"wp-caption alignnone\"><img decoding=\"async\" aria-describedby=\"caption-attachment-21947\" class=\"size-medium wp-image-21947\" src=\"https:\/\/perfectmass.net\/wp-content\/uploads\/2026\/04\/D_NQ_NP_2X_815891-MPE96314737688_102025-F-163x300.webp\" alt=\"Mega Men - Multivitam\u00ednico GNC\" width=\"163\" height=\"300\" title=\"\" srcset=\"https:\/\/perfectmass.net\/wp-content\/uploads\/2026\/04\/D_NQ_NP_2X_815891-MPE96314737688_102025-F-163x300.webp 163w, https:\/\/perfectmass.net\/wp-content\/uploads\/2026\/04\/D_NQ_NP_2X_815891-MPE96314737688_102025-F-557x1024.webp 557w, https:\/\/perfectmass.net\/wp-content\/uploads\/2026\/04\/D_NQ_NP_2X_815891-MPE96314737688_102025-F-445x818.webp 445w, https:\/\/perfectmass.net\/wp-content\/uploads\/2026\/04\/D_NQ_NP_2X_815891-MPE96314737688_102025-F-1x1.webp 1w, https:\/\/perfectmass.net\/wp-content\/uploads\/2026\/04\/D_NQ_NP_2X_815891-MPE96314737688_102025-F-5x10.webp 5w, https:\/\/perfectmass.net\/wp-content\/uploads\/2026\/04\/D_NQ_NP_2X_815891-MPE96314737688_102025-F.webp 652w\" sizes=\"(max-width: 163px) 100vw, 163px\" \/><p id=\"caption-attachment-21947\" class=\"wp-caption-text\">Mega Men &#8211; Multivitam\u00ednico <a href=\"https:\/\/www.gnc.com\/\" target=\"_blank\" rel=\"noopener\">GNC<\/a><\/p><\/div>\n<p>Visitar <a href=\"http:\/\/PerfectMass.net\" target=\"_blank\" rel=\"noopener\">PerfectMass.net<\/a><\/p>\n","protected":false},"excerpt":{"rendered":"<p>Multivitam\u00ednico de alta calidad<\/p>\n","protected":false},"featured_media":22777,"comment_status":"open","ping_status":"closed","template":"","meta":[],"etheme_brands":[{"term_id":2551,"name":"GNC","slug":"gnc","term_group":0,"term_taxonomy_id":2551,"taxonomy":"brand","description":"","parent":0,"count":2,"filter":"raw"}],"product_brand":[2691],"product_cat":[3666],"product_tag":[1567],"class_list":{"0":"post-22775","1":"product","2":"type-product","3":"status-publish","4":"has-post-thumbnail","6":"brand-gnc","7":"product_brand-gnc","8":"product_cat-multivitaminicos","9":"product_tag-ganar-masa","11":"first","12":"instock","13":"sale","14":"taxable","15":"shipping-taxable","16":"purchasable","17":"product-type-variable"},"_links":{"self":[{"href":"https:\/\/perfectmass.net\/co\/wp-json\/wp\/v2\/product\/22775","targetHints":{"allow":["GET"]}}],"collection":[{"href":"https:\/\/perfectmass.net\/co\/wp-json\/wp\/v2\/product"}],"about":[{"href":"https:\/\/perfectmass.net\/co\/wp-json\/wp\/v2\/types\/product"}],"replies":[{"embeddable":true,"href":"https:\/\/perfectmass.net\/co\/wp-json\/wp\/v2\/comments?post=22775"}],"version-history":[{"count":1,"href":"https:\/\/perfectmass.net\/co\/wp-json\/wp\/v2\/product\/22775\/revisions"}],"predecessor-version":[{"id":28058,"href":"https:\/\/perfectmass.net\/co\/wp-json\/wp\/v2\/product\/22775\/revisions\/28058"}],"wp:featuredmedia":[{"embeddable":true,"href":"https:\/\/perfectmass.net\/co\/wp-json\/wp\/v2\/media\/22777"}],"wp:attachment":[{"href":"https:\/\/perfectmass.net\/co\/wp-json\/wp\/v2\/media?parent=22775"}],"wp:term":[{"taxonomy":"brand","embeddable":true,"href":"https:\/\/perfectmass.net\/co\/wp-json\/wp\/v2\/etheme_brands?post=22775"},{"taxonomy":"product_brand","embeddable":true,"href":"https:\/\/perfectmass.net\/co\/wp-json\/wp\/v2\/product_brand?post=22775"},{"taxonomy":"product_cat","embeddable":true,"href":"https:\/\/perfectmass.net\/co\/wp-json\/wp\/v2\/product_cat?post=22775"},{"taxonomy":"product_tag","embeddable":true,"href":"https:\/\/perfectmass.net\/co\/wp-json\/wp\/v2\/product_tag?post=22775"}],"curies":[{"name":"wp","href":"https:\/\/api.w.org\/{rel}","templated":true}]}}