{"id":22717,"date":"2026-04-21T16:51:09","date_gmt":"2026-04-21T21:51:09","guid":{"rendered":"https:\/\/perfectmass.net\/sin%20categor\u00eda\/vitaminas-d3-k2-proscience\/"},"modified":"2026-05-02T04:24:41","modified_gmt":"2026-05-02T09:24:41","slug":"vitaminas-d3-k2-proscience","status":"publish","type":"product","link":"https:\/\/perfectmass.net\/co\/nutricion\/suplementos\/multivitaminicos\/vitaminas-d3-k2-proscience\/","title":{"rendered":"Vitaminas D3 + K2- Proscience"},"content":{"rendered":"<h2>Vitaminas D3 + K2- Proscience<\/h2>\n<p><span data-contrast=\"auto\">Conocida como vitamina D3, pero realmente deber\u00eda considerarse como una hormona esteroidea con m\u00faltiples funciones, participando en diferentes reacciones Celulares, que son fundamentales para el buen funcionamiento de nuestro organismo.\u00a0<\/span><span data-ccp-props=\"{&quot;134245417&quot;:false,&quot;335551550&quot;:6,&quot;335551620&quot;:6,&quot;335559685&quot;:720}\">\u00a0<\/span><\/p>\n<p><span data-contrast=\"auto\">Dentro de las m\u00faltiples funciones, las m\u00e1s relevantes son:\u00a0\u00a0<\/span><span data-ccp-props=\"{&quot;134245417&quot;:false,&quot;335551550&quot;:6,&quot;335551620&quot;:6,&quot;335559685&quot;:720}\">\u00a0<\/span><\/p>\n<p><span data-contrast=\"auto\">Regula la absorci\u00f3n del calcio y el metabolismo \u00f3seo<\/span><span data-ccp-props=\"{&quot;134245417&quot;:false,&quot;335551550&quot;:6,&quot;335551620&quot;:6,&quot;335559685&quot;:720}\">\u00a0<\/span><\/p>\n<p><span data-contrast=\"auto\">Modula el sistema inmune<\/span><span data-ccp-props=\"{&quot;134245417&quot;:false,&quot;335551550&quot;:6,&quot;335551620&quot;:6,&quot;335559685&quot;:720}\">\u00a0<\/span><\/p>\n<p><span data-contrast=\"auto\">Producci\u00f3n de testosterona\u00a0<\/span><span data-ccp-props=\"{&quot;134245417&quot;:false,&quot;335551550&quot;:6,&quot;335551620&quot;:6,&quot;335559685&quot;:720}\">\u00a0<\/span><\/p>\n<p><span data-contrast=\"auto\">Regula el estado de \u00e1nimo\u00a0<\/span><span data-ccp-props=\"{&quot;134245417&quot;:false,&quot;335551550&quot;:6,&quot;335551620&quot;:6,&quot;335559685&quot;:720}\">\u00a0<\/span><\/p>\n<h3>Vitaminas D3 + K2 + Zinc + Cobre &#8211; Proscience<\/h3>\n<p><span data-contrast=\"auto\">La vitamina K2 ayuda a transportar el calcio absorbido hasta las c\u00e9lulas que lo necesitan y evita un posible dep\u00f3sito del calcio en los vasos sangu\u00edneos, por eso es importante la vitamina K2 unida con la vitamina D3.<\/span><span data-ccp-props=\"{&quot;134245417&quot;:false,&quot;335551550&quot;:6,&quot;335551620&quot;:6,&quot;335559685&quot;:720}\">\u00a0<\/span><\/p>\n<p><span data-contrast=\"auto\">Nuestro producto, adem\u00e1s contiene zinc el cual es un mineral fundamental en diferentes procesos biol\u00f3gicos, entre ellos regular y modular el sistema inmune, ayuda en el crecimiento, aporta a diferentes funciones cerebrales, y controla niveles de inflamaci\u00f3n. El otro mineral importante es el cobre importante para el\u00a0<\/span><span data-contrast=\"auto\">equilibrio cr\u00edtico de micronutrientes, fundamental para la estabilidad gen\u00f3mica, la funci\u00f3n inmune y el metabolismo. El zinc siempre debe complementarse con el cobre para una adecuada absorci\u00f3n y balance.<\/span><span data-ccp-props=\"{&quot;134245417&quot;:false,&quot;335551550&quot;:6,&quot;335551620&quot;:6,&quot;335559685&quot;:720}\">\u00a0<\/span><\/p>\n<p><span data-contrast=\"auto\">Como siempre lo decimos, lo fundamental e importante, siempre ser\u00e1 una alimentaci\u00f3n adecuada, balanceada y equilibrada para obtener estos\u00a0micro nutrientes.\u00a0Pero la realidad es que cada vez se encuentra mayor d\u00e9ficit de vitamina D y zinc, en estos casos recomendamos el uso de este excelente producto.<\/span><span data-ccp-props=\"{&quot;134245417&quot;:false,&quot;335551550&quot;:6,&quot;335551620&quot;:6,&quot;335559685&quot;:720}\">\u00a0<\/span><\/p>\n<p><span data-contrast=\"auto\">2 c\u00e1psulas aportan 5000 unidades de vitamina D, 100\u00a0ug\u00a0de\u00a0Vitam\u00a0K2, 15 mg de zinc y 2 mg de Cu.<\/span><span data-ccp-props=\"{&quot;134245417&quot;:false,&quot;335551550&quot;:6,&quot;335551620&quot;:6,&quot;335559685&quot;:720}\">\u00a0<\/span><\/p>\n<p><span data-contrast=\"auto\">Ideal consumirlo en la ma\u00f1ana con tu primera comida, 1 o 2 c\u00e1psulas seg\u00fan tu necesidad.<\/span><span data-ccp-props=\"{&quot;134245417&quot;:false,&quot;335551550&quot;:6,&quot;335551620&quot;:6,&quot;335559685&quot;:720}\">\u00a0<\/span><\/p>\n<div id=\"attachment_22156\" style=\"width: 310px\" class=\"wp-caption alignnone\"><img fetchpriority=\"high\" decoding=\"async\" aria-describedby=\"caption-attachment-22156\" class=\"size-medium wp-image-22156\" src=\"https:\/\/perfectmass.net\/wp-content\/uploads\/2026\/04\/vitamina-d3-300x300.webp\" alt=\"Vitaminas D3 + K2- Proscience\" width=\"300\" height=\"300\" title=\"\" srcset=\"https:\/\/perfectmass.net\/wp-content\/uploads\/2026\/04\/vitamina-d3-300x300.webp 300w, https:\/\/perfectmass.net\/wp-content\/uploads\/2026\/04\/vitamina-d3-1024x1024.webp 1024w, https:\/\/perfectmass.net\/wp-content\/uploads\/2026\/04\/vitamina-d3-150x150.webp 150w, https:\/\/perfectmass.net\/wp-content\/uploads\/2026\/04\/vitamina-d3-768x768.webp 768w, https:\/\/perfectmass.net\/wp-content\/uploads\/2026\/04\/vitamina-d3-1536x1536.webp 1536w, https:\/\/perfectmass.net\/wp-content\/uploads\/2026\/04\/vitamina-d3-445x445.webp 445w, https:\/\/perfectmass.net\/wp-content\/uploads\/2026\/04\/vitamina-d3-100x100.webp 100w, https:\/\/perfectmass.net\/wp-content\/uploads\/2026\/04\/vitamina-d3-1x1.webp 1w, https:\/\/perfectmass.net\/wp-content\/uploads\/2026\/04\/vitamina-d3-10x10.webp 10w, https:\/\/perfectmass.net\/wp-content\/uploads\/2026\/04\/vitamina-d3.webp 1620w\" sizes=\"(max-width: 300px) 100vw, 300px\" \/><p id=\"caption-attachment-22156\" class=\"wp-caption-text\">Vitaminas D3 + K2- <a href=\"https:\/\/proscience.com.co\/\" target=\"_blank\" rel=\"noopener\">Proscience<\/a><\/p><\/div>\n<p>Visitar <a href=\"http:\/\/PerfectMass.net\" target=\"_blank\" rel=\"noopener\">PerfectMass.net<\/a><\/p>\n","protected":false},"excerpt":{"rendered":"<p>Multivitam\u00ednico Proscience<\/p>\n","protected":false},"featured_media":22719,"comment_status":"open","ping_status":"closed","template":"","meta":[],"etheme_brands":[{"term_id":2617,"name":"Proscience","slug":"proscience","term_group":0,"term_taxonomy_id":2617,"taxonomy":"brand","description":"<strong data-start=\"235\" data-end=\"260\">Proscience:<\/strong> es una marca reconocida por su compromiso con la calidad, la innovaci\u00f3n y el rendimiento dentro del mundo de la nutrici\u00f3n deportiva. Sus productos est\u00e1n desarrollados para ayudar a deportistas y personas activas a mejorar su recuperaci\u00f3n, aumentar su energ\u00eda y alcanzar sus objetivos de forma segura y efectiva. En PerfectMassNutrition\u00ae seleccionamos lo mejor de Proscience para ofrecerte suplementos confiables, con excelentes ingredientes y resultados comprobados, disponibles para toda Colombia y Latinoam\u00e9rica.","parent":0,"count":25,"filter":"raw"}],"product_brand":[2718],"product_cat":[3666],"product_tag":[1571],"class_list":{"0":"post-22717","1":"product","2":"type-product","3":"status-publish","4":"has-post-thumbnail","6":"brand-proscience","7":"product_brand-proscience","8":"product_cat-multivitaminicos","9":"product_tag-multivitaminico","11":"first","12":"instock","13":"sale","14":"featured","15":"taxable","16":"shipping-taxable","17":"purchasable","18":"product-type-variable"},"_links":{"self":[{"href":"https:\/\/perfectmass.net\/co\/wp-json\/wp\/v2\/product\/22717","targetHints":{"allow":["GET"]}}],"collection":[{"href":"https:\/\/perfectmass.net\/co\/wp-json\/wp\/v2\/product"}],"about":[{"href":"https:\/\/perfectmass.net\/co\/wp-json\/wp\/v2\/types\/product"}],"replies":[{"embeddable":true,"href":"https:\/\/perfectmass.net\/co\/wp-json\/wp\/v2\/comments?post=22717"}],"version-history":[{"count":1,"href":"https:\/\/perfectmass.net\/co\/wp-json\/wp\/v2\/product\/22717\/revisions"}],"predecessor-version":[{"id":28028,"href":"https:\/\/perfectmass.net\/co\/wp-json\/wp\/v2\/product\/22717\/revisions\/28028"}],"wp:featuredmedia":[{"embeddable":true,"href":"https:\/\/perfectmass.net\/co\/wp-json\/wp\/v2\/media\/22719"}],"wp:attachment":[{"href":"https:\/\/perfectmass.net\/co\/wp-json\/wp\/v2\/media?parent=22717"}],"wp:term":[{"taxonomy":"brand","embeddable":true,"href":"https:\/\/perfectmass.net\/co\/wp-json\/wp\/v2\/etheme_brands?post=22717"},{"taxonomy":"product_brand","embeddable":true,"href":"https:\/\/perfectmass.net\/co\/wp-json\/wp\/v2\/product_brand?post=22717"},{"taxonomy":"product_cat","embeddable":true,"href":"https:\/\/perfectmass.net\/co\/wp-json\/wp\/v2\/product_cat?post=22717"},{"taxonomy":"product_tag","embeddable":true,"href":"https:\/\/perfectmass.net\/co\/wp-json\/wp\/v2\/product_tag?post=22717"}],"curies":[{"name":"wp","href":"https:\/\/api.w.org\/{rel}","templated":true}]}}